{"id":366,"date":"2020-10-05T11:54:53","date_gmt":"2020-10-05T10:54:53","guid":{"rendered":"https:\/\/www.consolatosanmarino.uk\/?page_id=366"},"modified":"2024-01-17T11:04:13","modified_gmt":"2024-01-17T11:04:13","slug":"think-tank","status":"publish","type":"page","link":"https:\/\/www.consolatosanmarino.uk\/it\/think-tank\/","title":{"rendered":"Think Tank"},"content":{"rendered":"<p><\/p>\n\n\n\n<p>Il Think Tank del Consolato di San Marino ha un'unica missione: Far luce sulla democrazia e sulla libert\u00e0 attraverso il prisma dell'unica citt\u00e0-stato sopravvissuta e della pi\u00f9 antica repubblica e democrazia del mondo: San Marino.&nbsp; <\/p>\n\n\n\n<p>Come ha ricordato il presidente degli Stati Uniti Abraham Lincoln il 7 maggio 1861: \"Anche se il vostro dominio \u00e8 piccolo, il vostro Stato \u00e8 comunque uno dei pi\u00f9 onorati, in tutta la storia\". Eppure, ci sono cos\u00ec tanti fatti importanti e interessanti su San Marino da essere scoperti dalla gente.<\/p>\n\n\n\n<p>San Marino \u00e8 una Repubblica parlamentare con due Capitani Reggenti (Capi di Stato) e un Parlamento composto da 60 membri. Riconoscendo che l'accumulo di potere \u00e8 molto pericoloso, a San Marino anche i due Capitani Reggenti vengono sostituiti ogni 6 mesi e nessun'altra autorit\u00e0 ha poteri permanenti.<\/p>\n\n\n\n<p>Ha ereditato questo modello di Stato dall'Impero Romano e San Marino \u00e8 stata riconosciuta dall'UNESCO come eccezionale testimonianza dell'istituzione di una democrazia rappresentativa basata sull'autonomia civica e sull'autogoverno, essendo stata la capitale di una Repubblica indipendente fin dal XIII secolo con una continuit\u00e0 unica e senza interruzioni.<\/p>\n\n\n\n<p>San Marino \u00e8 rimasta libera dall'invasione napoleonica e non \u00e8 stata occupata dai nazisti durante la seconda guerra mondiale. Rimase per sempre un rifugio sicuro per tutti coloro che temevano persecuzioni per motivi di fede o di credo o per altri motivi. Durante la Seconda Guerra Mondiale, San Marino ha fornito un rifugio sicuro a pi\u00f9 di 100.000 italiani ed ebrei vittime delle persecuzioni naziste e italiane.<\/p>\n\n\n\n<h2 class=\"gb-headline gb-headline-c4632252 gb-headline-text\">Invito aperto ad unirsi al Think Tank di San Marino<\/h2>\n\n\n\n<p><\/p>\n\n\n\n<p>Il Consolato Onorario di San Marino a Londra invita cordialmente ammiratori di San Marino, politici, imprenditori, accademici e ricercatori ad unirsi al suo Think Tank per esprimere liberamente le loro opinioni su questioni e sfide della promozione della democrazia e dei suoi valori nel nostro mondo contemporaneo.<\/p>\n\n\n\n<p>Tutti gli eventi si svolgeranno sotto la <a href=\"https:\/\/www.chathamhouse.org\/about-us\/chatham-house-rule\" data-type=\"URL\" data-id=\"https:\/\/www.chathamhouse.org\/about-us\/chatham-house-rule\" target=\"_blank\" rel=\"noreferrer noopener\">Chatham Rule<\/a> e gli oratori ospiti potranno elaborare uno qualsiasi degli argomenti sotto elencati, parte dei valori britannici e fondamentali per qualsiasi societ\u00e0 e la sua coesione:<\/p>\n\n\n\n<ul class=\"wp-block-list\"><li><strong>Democrazia<\/strong><\/li><li><strong>Stato di diritto<\/strong><\/li><li><strong>Libert\u00e0 individuale<\/strong><\/li><li><strong>Rispetto reciproco e tolleranza delle diverse fedi e credenze<\/strong><br><\/li><\/ul>\n\n\n\n<h2 class=\"wp-block-heading\">Articoli selezionati<\/h2>\n\n\n\n<p><\/p>\n\n\n\n<hr class=\"wp-block-separator has-alpha-channel-opacity\" \/>\n\n\n\n<div class=\"wp-block-media-text alignwide is-stacked-on-mobile\" style=\"grid-template-columns:35% auto\"><figure class=\"wp-block-media-text__media\"><a href=\"https:\/\/www.bragagni.uk\/news\/new-research-paper-by-dr-maurizio-bragagni-obe-on-neutrality-of-small-states-at-modern-times\/\"><img loading=\"lazy\" decoding=\"async\" width=\"399\" height=\"561\" src=\"https:\/\/www.consolatosanmarino.uk\/wp-content\/uploads\/sites\/16\/2022\/10\/Preserving-democracy.jpg\" alt=\"\" class=\"wp-image-2130 size-full\" srcset=\"https:\/\/www.consolatosanmarino.uk\/wp-content\/uploads\/sites\/16\/2022\/10\/Preserving-democracy.jpg 399w, https:\/\/www.consolatosanmarino.uk\/wp-content\/uploads\/sites\/16\/2022\/10\/Preserving-democracy-213x300.jpg 213w, https:\/\/www.consolatosanmarino.uk\/wp-content\/uploads\/sites\/16\/2022\/10\/Preserving-democracy-9x12.jpg 9w\" sizes=\"auto, (max-width: 399px) 100vw, 399px\" \/><\/a><\/figure><div class=\"wp-block-media-text__content\">\n<p>In questo articolo, il Console Maurizio Bragagni fornisce una prospettiva storica e socio-politica della neutralit\u00e0 e delle sue recenti evoluzioni, soprattutto per quanto riguarda i piccoli Stati. Ha fornito l'esempio di San Marino, un piccolo Stato che ha applicato ampiamente il principio di neutralit\u00e0, e come ha applicato il principio di neutralit\u00e0 pi\u00f9 recentemente all'invasione dell'Ucraina da parte della Russia.&nbsp;<\/p>\n\n\n\n<p><a href=\"https:\/\/www.bragagni.uk\/news\/new-research-paper-by-dr-maurizio-bragagni-obe-on-neutrality-of-small-states-at-modern-times\/\"><strong>Leggi di pi\u00f9<\/strong><\/a><\/p>\n<\/div><\/div>\n\n\n\n<h2 class=\"wp-block-heading\"><br>Prossimi eventi<\/h2>\n\n\n\n<p><\/p>\n\n\n\n<hr class=\"wp-block-separator has-css-opacity\" \/>\n\n\n\n<p><strong><span class=\"has-inline-color has-vivid-cyan-blue-color\">Siamo impegnati a pianificare il nostro prossimo evento. Per favore, tornate presto a trovarci!<\/span><\/strong><\/p>\n\n\n\n<p><\/p>\n\n\n\n<h2 class=\"wp-block-heading\">Eventi passati<\/h2>\n\n\n\n<div class=\"wp-block-media-text alignwide is-stacked-on-mobile\"><figure class=\"wp-block-media-text__media\"><a href=\"https:\/\/www.consolatosanmarino.uk\/it\/news\/a-conversation-with-the-rt-hon-sir-david-lidington-kcb-cbe\/\"><img loading=\"lazy\" decoding=\"async\" width=\"1024\" height=\"576\" src=\"https:\/\/www.consolatosanmarino.uk\/wp-content\/uploads\/sites\/16\/2021\/06\/2021-07-14-Webinar-Conversation-With-Rt-Hon-Sir-David-Litington-1024x576.jpg\" alt=\"\" class=\"wp-image-1464 size-full\" srcset=\"https:\/\/www.consolatosanmarino.uk\/wp-content\/uploads\/sites\/16\/2021\/06\/2021-07-14-Webinar-Conversation-With-Rt-Hon-Sir-David-Litington-1024x576.jpg 1024w, https:\/\/www.consolatosanmarino.uk\/wp-content\/uploads\/sites\/16\/2021\/06\/2021-07-14-Webinar-Conversation-With-Rt-Hon-Sir-David-Litington-300x169.jpg 300w, https:\/\/www.consolatosanmarino.uk\/wp-content\/uploads\/sites\/16\/2021\/06\/2021-07-14-Webinar-Conversation-With-Rt-Hon-Sir-David-Litington-768x432.jpg 768w, https:\/\/www.consolatosanmarino.uk\/wp-content\/uploads\/sites\/16\/2021\/06\/2021-07-14-Webinar-Conversation-With-Rt-Hon-Sir-David-Litington-16x9.jpg 16w, https:\/\/www.consolatosanmarino.uk\/wp-content\/uploads\/sites\/16\/2021\/06\/2021-07-14-Webinar-Conversation-With-Rt-Hon-Sir-David-Litington.jpg 1280w\" sizes=\"auto, (max-width: 1024px) 100vw, 1024px\" \/><\/a><\/figure><div class=\"wp-block-media-text__content\">\n<p>Il Think Tank di San Marino e il Think Tank di ESharelife vi invitano cordialmente a una conversazione virtuale con l'Onorevole Sig. David Lidington KCB CBE<\/p>\n\n\n\n<p><strong><a href=\"https:\/\/www.consolatosanmarino.uk\/it\/news\/a-conversation-with-the-rt-hon-sir-david-lidington-kcb-cbe\/\" data-type=\"URL\">Leggi di pi\u00f9<\/a><\/strong><\/p>\n<\/div><\/div>\n\n\n\n<hr class=\"wp-block-separator has-css-opacity\" \/>\n\n\n\n<div class=\"wp-block-media-text alignwide is-stacked-on-mobile\"><figure class=\"wp-block-media-text__media\"><a href=\"https:\/\/www.consolatosanmarino.uk\/it\/the-legacy-of-anna-dengel-pioneering-spirit-healing-presence\/\"><img loading=\"lazy\" decoding=\"async\" width=\"800\" height=\"400\" src=\"https:\/\/www.consolatosanmarino.uk\/wp-content\/uploads\/sites\/16\/2021\/05\/medical-sisiters.jpg\" alt=\"\" class=\"wp-image-1371 size-full\" srcset=\"https:\/\/www.consolatosanmarino.uk\/wp-content\/uploads\/sites\/16\/2021\/05\/medical-sisiters.jpg 800w, https:\/\/www.consolatosanmarino.uk\/wp-content\/uploads\/sites\/16\/2021\/05\/medical-sisiters-300x150.jpg 300w, https:\/\/www.consolatosanmarino.uk\/wp-content\/uploads\/sites\/16\/2021\/05\/medical-sisiters-768x384.jpg 768w, https:\/\/www.consolatosanmarino.uk\/wp-content\/uploads\/sites\/16\/2021\/05\/medical-sisiters-16x8.jpg 16w\" sizes=\"auto, (max-width: 800px) 100vw, 800px\" \/><\/a><\/figure><div class=\"wp-block-media-text__content\">\n<p>San Marino Think Tank&amp;Esharelife Think Tank in collaborazione con Medical Mission Sisters vi invitano cordialmente a partecipare: L'eredit\u00e0 di Anna Dengel - Spirito pionieristico, presenza guaritrice.<\/p>\n\n\n\n<p><strong><a href=\"https:\/\/www.consolatosanmarino.uk\/it\/the-legacy-of-anna-dengel-pioneering-spirit-healing-presence\/\" data-type=\"URL\" data-id=\"https:\/\/www.consolatosanmarino.uk\/the-legacy-of-anna-dengel-pioneering-spirit-healing-presence\/\">Leggi di pi\u00f9<\/a><\/strong><\/p>\n<\/div><\/div>\n\n\n\n<hr class=\"wp-block-separator has-css-opacity\" \/>\n\n\n\n<div class=\"wp-block-media-text alignwide is-stacked-on-mobile\"><figure class=\"wp-block-media-text__media\"><a href=\"https:\/\/www.consolatosanmarino.uk\/it\/a-conversation-with-andrew-rosindell-mp\/\"><img loading=\"lazy\" decoding=\"async\" width=\"800\" height=\"400\" src=\"https:\/\/www.consolatosanmarino.uk\/wp-content\/uploads\/sites\/16\/2021\/04\/Webinar-Rosindelll.jpg\" alt=\"\" class=\"wp-image-1332 size-full\" srcset=\"https:\/\/www.consolatosanmarino.uk\/wp-content\/uploads\/sites\/16\/2021\/04\/Webinar-Rosindelll.jpg 800w, https:\/\/www.consolatosanmarino.uk\/wp-content\/uploads\/sites\/16\/2021\/04\/Webinar-Rosindelll-300x150.jpg 300w, https:\/\/www.consolatosanmarino.uk\/wp-content\/uploads\/sites\/16\/2021\/04\/Webinar-Rosindelll-768x384.jpg 768w, https:\/\/www.consolatosanmarino.uk\/wp-content\/uploads\/sites\/16\/2021\/04\/Webinar-Rosindelll-16x8.jpg 16w\" sizes=\"auto, (max-width: 800px) 100vw, 800px\" \/><\/a><\/figure><div class=\"wp-block-media-text__content\">\n<p>San Marino Think Tank&amp;Esharelife Think Tank ti invitano cordialmente ad una conversazione virtuale con Andrew Rosindell MP, Presidente del San Marino APPG al Parlamento del Regno Unito.<\/p>\n\n\n\n<p><strong><a href=\"https:\/\/www.consolatosanmarino.uk\/it\/a-conversation-with-andrew-rosindell-mp\/\">Leggi di pi\u00f9<\/a><\/strong><\/p>\n<\/div><\/div>\n\n\n\n<hr class=\"wp-block-separator has-css-opacity\" \/>\n\n\n\n<div class=\"wp-block-media-text alignwide is-stacked-on-mobile\"><figure class=\"wp-block-media-text__media\"><a href=\"https:\/\/www.consolatosanmarino.uk\/it\/electrification-of-the-economy-a-challenge-for-post-covid-19-recovery\/\"><img loading=\"lazy\" decoding=\"async\" width=\"800\" height=\"400\" src=\"https:\/\/www.consolatosanmarino.uk\/wp-content\/uploads\/sites\/16\/2021\/04\/Webinar-Amann.jpg\" alt=\"\" class=\"wp-image-1333 size-full\" srcset=\"https:\/\/www.consolatosanmarino.uk\/wp-content\/uploads\/sites\/16\/2021\/04\/Webinar-Amann.jpg 800w, https:\/\/www.consolatosanmarino.uk\/wp-content\/uploads\/sites\/16\/2021\/04\/Webinar-Amann-300x150.jpg 300w, https:\/\/www.consolatosanmarino.uk\/wp-content\/uploads\/sites\/16\/2021\/04\/Webinar-Amann-768x384.jpg 768w, https:\/\/www.consolatosanmarino.uk\/wp-content\/uploads\/sites\/16\/2021\/04\/Webinar-Amann-16x8.jpg 16w\" sizes=\"auto, (max-width: 800px) 100vw, 800px\" \/><\/a><\/figure><div class=\"wp-block-media-text__content\">\n<p><\/p>\n\n\n\n<p>San Marino Think Tank&amp;Esharelife Think Tank vi invitano cordialmente ad un webinar con Guest Speaker Dr Guillermo Amann, Senior Advisor del Presidente di Ormazabal - una societ\u00e0 di Velatia Group - VP T&amp;D Europe<\/p>\n\n\n\n<p><strong><a href=\"https:\/\/www.consolatosanmarino.uk\/it\/electrification-of-the-economy-a-challenge-for-post-covid-19-recovery\/\" data-type=\"URL\" data-id=\"https:\/\/www.consolatosanmarino.uk\/electrification-of-the-economy-a-challenge-for-post-covid-19-recovery\/\">Leggi di pi\u00f9<\/a><\/strong><\/p>\n<\/div><\/div>\n\n\n\n<hr class=\"wp-block-separator has-css-opacity\" \/>\n\n\n\n<p><\/p>\n\n\n\n<div class=\"wp-block-media-text alignwide is-stacked-on-mobile\"><figure class=\"wp-block-media-text__media\"><a href=\"https:\/\/www.consolatosanmarino.uk\/it\/a-conversation-with-the-rt-hon-dr-liam-fox-mp\/\"><img loading=\"lazy\" decoding=\"async\" width=\"800\" height=\"400\" src=\"https:\/\/www.consolatosanmarino.uk\/wp-content\/uploads\/sites\/16\/2021\/03\/https___cdn.evbuc_.com_images_125512941_157988645891_1_original.jpg\" alt=\"\" class=\"wp-image-1211 size-full\" srcset=\"https:\/\/www.consolatosanmarino.uk\/wp-content\/uploads\/sites\/16\/2021\/03\/https___cdn.evbuc_.com_images_125512941_157988645891_1_original.jpg 800w, https:\/\/www.consolatosanmarino.uk\/wp-content\/uploads\/sites\/16\/2021\/03\/https___cdn.evbuc_.com_images_125512941_157988645891_1_original-300x150.jpg 300w, https:\/\/www.consolatosanmarino.uk\/wp-content\/uploads\/sites\/16\/2021\/03\/https___cdn.evbuc_.com_images_125512941_157988645891_1_original-768x384.jpg 768w, https:\/\/www.consolatosanmarino.uk\/wp-content\/uploads\/sites\/16\/2021\/03\/https___cdn.evbuc_.com_images_125512941_157988645891_1_original-16x8.jpg 16w\" sizes=\"auto, (max-width: 800px) 100vw, 800px\" \/><\/a><\/figure><div class=\"wp-block-media-text__content\">\n<p>San Marino Think Tank&amp;Esharelife Think Tank &amp; Larkspur International vi invitano cordialmente ad una conversazione virtuale con Rt Hon Dr Liam Fox MP, uno dei politici pi\u00f9 influenti e perspicaci del nostro tempo.<\/p>\n\n\n\n<p><a href=\"https:\/\/www.consolatosanmarino.uk\/it\/a-conversation-with-the-rt-hon-dr-liam-fox-mp\/\" data-type=\"URL\" data-id=\"https:\/\/www.consolatosanmarino.uk\/a-conversation-with-the-rt-hon-dr-liam-fox-mp\/\"><strong>Leggi di pi\u00f9<\/strong><\/a><\/p>\n<\/div><\/div>\n\n\n\n<hr class=\"wp-block-separator has-css-opacity\" \/>\n\n\n\n<div class=\"wp-block-media-text alignwide is-stacked-on-mobile\"><figure class=\"wp-block-media-text__media\"><a href=\"https:\/\/www.consolatosanmarino.uk\/it\/webinar-machiavelli-ends-means-and-modern-leadership\/\"><img loading=\"lazy\" decoding=\"async\" width=\"1024\" height=\"576\" src=\"https:\/\/www.consolatosanmarino.uk\/wp-content\/uploads\/sites\/16\/2021\/02\/Webinar-23-02-2021-Think-Tank-Machiavelli-Ends-Means-and-Modern-Leadership-1024x576.jpg\" alt=\"\" class=\"wp-image-1157 size-full\" srcset=\"https:\/\/www.consolatosanmarino.uk\/wp-content\/uploads\/sites\/16\/2021\/02\/Webinar-23-02-2021-Think-Tank-Machiavelli-Ends-Means-and-Modern-Leadership-1024x576.jpg 1024w, https:\/\/www.consolatosanmarino.uk\/wp-content\/uploads\/sites\/16\/2021\/02\/Webinar-23-02-2021-Think-Tank-Machiavelli-Ends-Means-and-Modern-Leadership-300x169.jpg 300w, https:\/\/www.consolatosanmarino.uk\/wp-content\/uploads\/sites\/16\/2021\/02\/Webinar-23-02-2021-Think-Tank-Machiavelli-Ends-Means-and-Modern-Leadership-768x432.jpg 768w, https:\/\/www.consolatosanmarino.uk\/wp-content\/uploads\/sites\/16\/2021\/02\/Webinar-23-02-2021-Think-Tank-Machiavelli-Ends-Means-and-Modern-Leadership-16x9.jpg 16w, https:\/\/www.consolatosanmarino.uk\/wp-content\/uploads\/sites\/16\/2021\/02\/Webinar-23-02-2021-Think-Tank-Machiavelli-Ends-Means-and-Modern-Leadership.jpg 1280w\" sizes=\"auto, (max-width: 1024px) 100vw, 1024px\" \/><\/a><\/figure><div class=\"wp-block-media-text__content\">\n<p>San Marino Think Tank&amp;Esharelife Think Tank vi invitano cordialmente ad una stimolante discussione sul Machiavellismo e la democrazia moderna, con ospite il Professor Phil Harris.<\/p>\n\n\n\n<p><a href=\"https:\/\/www.consolatosanmarino.uk\/it\/webinar-machiavelli-ends-means-and-modern-leadership\/\" data-type=\"URL\" data-id=\"https:\/\/www.consolatosanmarino.uk\/webinar-machiavelli-ends-means-and-modern-leadership\/\"><strong>Leggi di pi\u00f9<\/strong><\/a><\/p>\n<\/div><\/div>\n\n\n\n<hr class=\"wp-block-separator has-css-opacity\" \/>\n\n\n\n<div class=\"wp-block-media-text alignwide is-stacked-on-mobile\"><figure class=\"wp-block-media-text__media\"><a href=\"https:\/\/www.consolatosanmarino.uk\/it\/talks-by-rt-hon-sir-john-hayes-mp\/\"><img loading=\"lazy\" decoding=\"async\" width=\"1024\" height=\"576\" src=\"https:\/\/www.consolatosanmarino.uk\/wp-content\/uploads\/sites\/16\/2021\/01\/HC-SM-Esharelife-event-1024x576.jpg\" alt=\"\" class=\"wp-image-1065 size-full\" srcset=\"https:\/\/www.consolatosanmarino.uk\/wp-content\/uploads\/sites\/16\/2021\/01\/HC-SM-Esharelife-event-1024x576.jpg 1024w, https:\/\/www.consolatosanmarino.uk\/wp-content\/uploads\/sites\/16\/2021\/01\/HC-SM-Esharelife-event-300x169.jpg 300w, https:\/\/www.consolatosanmarino.uk\/wp-content\/uploads\/sites\/16\/2021\/01\/HC-SM-Esharelife-event-768x432.jpg 768w, https:\/\/www.consolatosanmarino.uk\/wp-content\/uploads\/sites\/16\/2021\/01\/HC-SM-Esharelife-event-16x9.jpg 16w, https:\/\/www.consolatosanmarino.uk\/wp-content\/uploads\/sites\/16\/2021\/01\/HC-SM-Esharelife-event.jpg 1280w\" sizes=\"auto, (max-width: 1024px) 100vw, 1024px\" \/><\/a><\/figure><div class=\"wp-block-media-text__content\">\n<p>San Marino Think Tank&amp;Esharelife Think Tank vi invitano cordialmente ad una stimolante discussione su cosa significhi per noi la democrazia con l'oratore ospite Rt Hon Sir John Hayes MP.<\/p>\n\n\n\n<p><a href=\"https:\/\/www.consolatosanmarino.uk\/it\/talks-by-rt-hon-sir-john-hayes-mp\/\" data-type=\"URL\" data-id=\"https:\/\/www.consolatosanmarino.uk\/talks-by-rt-hon-sir-john-hayes-mp\/\"><strong>Leggi di pi\u00f9<\/strong><\/a><\/p>\n<\/div><\/div>","protected":false},"excerpt":{"rendered":"<p>The Consulate of San Marino\u2019s Think Tank has a sole mission: To shed a light on democracy and freedom through the prism of the only surviving city-state and the oldest &#8230; <\/p>\n<p class=\"read-more-container\"><a title=\"Think Tank\" class=\"read-more button\" href=\"https:\/\/www.consolatosanmarino.uk\/it\/think-tank\/#more-366\" aria-label=\"More on Think Tank\">Leggi tutto<\/a><\/p>","protected":false},"author":23,"featured_media":750,"parent":0,"menu_order":0,"comment_status":"closed","ping_status":"closed","template":"","meta":{"footnotes":""},"class_list":["post-366","page","type-page","status-publish","has-post-thumbnail"],"yoast_head":"<!-- This site is optimized with the Yoast SEO plugin v20.3 - https:\/\/yoast.com\/wordpress\/plugins\/seo\/ -->\n<title>Think Tank - Consulate of San Marino to the UK<\/title>\n<meta name=\"robots\" content=\"index, follow, max-snippet:-1, max-image-preview:large, max-video-preview:-1\" \/>\n<link rel=\"canonical\" href=\"https:\/\/www.consolatosanmarino.uk\/it\/think-tank\/\" \/>\n<meta property=\"og:locale\" content=\"it_IT\" \/>\n<meta property=\"og:type\" content=\"article\" \/>\n<meta property=\"og:title\" content=\"Think Tank - Consulate of San Marino to the UK\" \/>\n<meta property=\"og:description\" content=\"The Consulate of San Marino\u2019s Think Tank has a sole mission: To shed a light on democracy and freedom through the prism of the only surviving city-state and the oldest ... Leggi tutto\" \/>\n<meta property=\"og:url\" content=\"https:\/\/www.consolatosanmarino.uk\/it\/think-tank\/\" \/>\n<meta property=\"og:site_name\" content=\"Consulate of San Marino to the UK\" \/>\n<meta property=\"article:publisher\" content=\"https:\/\/www.facebook.com\/ConsolatoRsmUK\/\" \/>\n<meta property=\"article:modified_time\" content=\"2024-01-17T11:04:13+00:00\" \/>\n<meta property=\"og:image\" content=\"https:\/\/www.consolatosanmarino.uk\/wp-content\/uploads\/sites\/16\/2020\/10\/Think-Tank-FEATURE-IMAGE-1280x720-1.jpg\" \/>\n\t<meta property=\"og:image:width\" content=\"1280\" \/>\n\t<meta property=\"og:image:height\" content=\"720\" \/>\n\t<meta property=\"og:image:type\" content=\"image\/jpeg\" \/>\n<meta name=\"twitter:card\" content=\"summary_large_image\" \/>\n<meta name=\"twitter:site\" content=\"@consolatorsmuk\" \/>\n<meta name=\"twitter:label1\" content=\"Tempo di lettura stimato\" \/>\n\t<meta name=\"twitter:data1\" content=\"5 minuti\" \/>\n<script type=\"application\/ld+json\" class=\"yoast-schema-graph\">{\"@context\":\"https:\/\/schema.org\",\"@graph\":[{\"@type\":\"WebPage\",\"@id\":\"https:\/\/www.consolatosanmarino.uk\/it\/think-tank\/\",\"url\":\"https:\/\/www.consolatosanmarino.uk\/it\/think-tank\/\",\"name\":\"Think Tank - Consulate of San Marino to the UK\",\"isPartOf\":{\"@id\":\"https:\/\/www.consolatosanmarino.uk\/en\/#website\"},\"datePublished\":\"2020-10-05T10:54:53+00:00\",\"dateModified\":\"2024-01-17T11:04:13+00:00\",\"breadcrumb\":{\"@id\":\"https:\/\/www.consolatosanmarino.uk\/it\/think-tank\/#breadcrumb\"},\"inLanguage\":\"it-IT\",\"potentialAction\":[{\"@type\":\"ReadAction\",\"target\":[\"https:\/\/www.consolatosanmarino.uk\/it\/think-tank\/\"]}]},{\"@type\":\"BreadcrumbList\",\"@id\":\"https:\/\/www.consolatosanmarino.uk\/it\/think-tank\/#breadcrumb\",\"itemListElement\":[{\"@type\":\"ListItem\",\"position\":1,\"name\":\"Home\",\"item\":\"https:\/\/www.consolatosanmarino.uk\/\"},{\"@type\":\"ListItem\",\"position\":2,\"name\":\"Think Tank\"}]},{\"@type\":\"WebSite\",\"@id\":\"https:\/\/www.consolatosanmarino.uk\/en\/#website\",\"url\":\"https:\/\/www.consolatosanmarino.uk\/en\/\",\"name\":\"Consulate of San Marino to the UK\",\"description\":\"Consulate of the Republic of San Marino to the UK\",\"publisher\":{\"@id\":\"https:\/\/www.consolatosanmarino.uk\/en\/#organization\"},\"potentialAction\":[{\"@type\":\"SearchAction\",\"target\":{\"@type\":\"EntryPoint\",\"urlTemplate\":\"https:\/\/www.consolatosanmarino.uk\/en\/?s={search_term_string}\"},\"query-input\":\"required name=search_term_string\"}],\"inLanguage\":\"it-IT\"},{\"@type\":\"Organization\",\"@id\":\"https:\/\/www.consolatosanmarino.uk\/en\/#organization\",\"name\":\"Consulate of the Republic of San Marino to the UK\",\"url\":\"https:\/\/www.consolatosanmarino.uk\/en\/\",\"logo\":{\"@type\":\"ImageObject\",\"inLanguage\":\"it-IT\",\"@id\":\"https:\/\/www.consolatosanmarino.uk\/en\/#\/schema\/logo\/image\/\",\"url\":\"https:\/\/www.consolatosanmarino.uk\/wp-content\/uploads\/sites\/16\/2019\/11\/San-Marino-logo-2019-400x400-v01.jpg\",\"contentUrl\":\"https:\/\/www.consolatosanmarino.uk\/wp-content\/uploads\/sites\/16\/2019\/11\/San-Marino-logo-2019-400x400-v01.jpg\",\"width\":400,\"height\":400,\"caption\":\"Consulate of the Republic of San Marino to the UK\"},\"image\":{\"@id\":\"https:\/\/www.consolatosanmarino.uk\/en\/#\/schema\/logo\/image\/\"},\"sameAs\":[\"https:\/\/www.facebook.com\/ConsolatoRsmUK\/\",\"https:\/\/twitter.com\/consolatorsmuk\",\"https:\/\/www.linkedin.com\/company\/consolatorsmuk\/\",\"https:\/\/www.instagram.com\/consolatorsmuk\/\"]}]}<\/script>\n<!-- \/ Yoast SEO plugin. -->","yoast_head_json":{"title":"Think Tank - Consulate of San Marino to the UK","robots":{"index":"index","follow":"follow","max-snippet":"max-snippet:-1","max-image-preview":"max-image-preview:large","max-video-preview":"max-video-preview:-1"},"canonical":"https:\/\/www.consolatosanmarino.uk\/it\/think-tank\/","og_locale":"it_IT","og_type":"article","og_title":"Think Tank - Consulate of San Marino to the UK","og_description":"The Consulate of San Marino\u2019s Think Tank has a sole mission: To shed a light on democracy and freedom through the prism of the only surviving city-state and the oldest ... Leggi tutto","og_url":"https:\/\/www.consolatosanmarino.uk\/it\/think-tank\/","og_site_name":"Consulate of San Marino to the UK","article_publisher":"https:\/\/www.facebook.com\/ConsolatoRsmUK\/","article_modified_time":"2024-01-17T11:04:13+00:00","og_image":[{"width":1280,"height":720,"url":"https:\/\/www.consolatosanmarino.uk\/wp-content\/uploads\/sites\/16\/2020\/10\/Think-Tank-FEATURE-IMAGE-1280x720-1.jpg","type":"image\/jpeg"}],"twitter_card":"summary_large_image","twitter_site":"@consolatorsmuk","twitter_misc":{"Tempo di lettura stimato":"5 minuti"},"schema":{"@context":"https:\/\/schema.org","@graph":[{"@type":"WebPage","@id":"https:\/\/www.consolatosanmarino.uk\/it\/think-tank\/","url":"https:\/\/www.consolatosanmarino.uk\/it\/think-tank\/","name":"Think Tank - Consulate of San Marino to the UK","isPartOf":{"@id":"https:\/\/www.consolatosanmarino.uk\/en\/#website"},"datePublished":"2020-10-05T10:54:53+00:00","dateModified":"2024-01-17T11:04:13+00:00","breadcrumb":{"@id":"https:\/\/www.consolatosanmarino.uk\/it\/think-tank\/#breadcrumb"},"inLanguage":"it-IT","potentialAction":[{"@type":"ReadAction","target":["https:\/\/www.consolatosanmarino.uk\/it\/think-tank\/"]}]},{"@type":"BreadcrumbList","@id":"https:\/\/www.consolatosanmarino.uk\/it\/think-tank\/#breadcrumb","itemListElement":[{"@type":"ListItem","position":1,"name":"Home","item":"https:\/\/www.consolatosanmarino.uk\/"},{"@type":"ListItem","position":2,"name":"Think Tank"}]},{"@type":"WebSite","@id":"https:\/\/www.consolatosanmarino.uk\/en\/#website","url":"https:\/\/www.consolatosanmarino.uk\/en\/","name":"Consulate of San Marino to the UK","description":"Consulate of the Republic of San Marino to the UK","publisher":{"@id":"https:\/\/www.consolatosanmarino.uk\/en\/#organization"},"potentialAction":[{"@type":"SearchAction","target":{"@type":"EntryPoint","urlTemplate":"https:\/\/www.consolatosanmarino.uk\/en\/?s={search_term_string}"},"query-input":"required name=search_term_string"}],"inLanguage":"it-IT"},{"@type":"Organization","@id":"https:\/\/www.consolatosanmarino.uk\/en\/#organization","name":"Consulate of the Republic of San Marino to the UK","url":"https:\/\/www.consolatosanmarino.uk\/en\/","logo":{"@type":"ImageObject","inLanguage":"it-IT","@id":"https:\/\/www.consolatosanmarino.uk\/en\/#\/schema\/logo\/image\/","url":"https:\/\/www.consolatosanmarino.uk\/wp-content\/uploads\/sites\/16\/2019\/11\/San-Marino-logo-2019-400x400-v01.jpg","contentUrl":"https:\/\/www.consolatosanmarino.uk\/wp-content\/uploads\/sites\/16\/2019\/11\/San-Marino-logo-2019-400x400-v01.jpg","width":400,"height":400,"caption":"Consulate of the Republic of San Marino to the UK"},"image":{"@id":"https:\/\/www.consolatosanmarino.uk\/en\/#\/schema\/logo\/image\/"},"sameAs":["https:\/\/www.facebook.com\/ConsolatoRsmUK\/","https:\/\/twitter.com\/consolatorsmuk","https:\/\/www.linkedin.com\/company\/consolatorsmuk\/","https:\/\/www.instagram.com\/consolatorsmuk\/"]}]}},"_links":{"self":[{"href":"https:\/\/www.consolatosanmarino.uk\/it\/wp-json\/wp\/v2\/pages\/366","targetHints":{"allow":["GET"]}}],"collection":[{"href":"https:\/\/www.consolatosanmarino.uk\/it\/wp-json\/wp\/v2\/pages"}],"about":[{"href":"https:\/\/www.consolatosanmarino.uk\/it\/wp-json\/wp\/v2\/types\/page"}],"author":[{"embeddable":true,"href":"https:\/\/www.consolatosanmarino.uk\/it\/wp-json\/wp\/v2\/users\/23"}],"replies":[{"embeddable":true,"href":"https:\/\/www.consolatosanmarino.uk\/it\/wp-json\/wp\/v2\/comments?post=366"}],"version-history":[{"count":36,"href":"https:\/\/www.consolatosanmarino.uk\/it\/wp-json\/wp\/v2\/pages\/366\/revisions"}],"predecessor-version":[{"id":2133,"href":"https:\/\/www.consolatosanmarino.uk\/it\/wp-json\/wp\/v2\/pages\/366\/revisions\/2133"}],"wp:featuredmedia":[{"embeddable":true,"href":"https:\/\/www.consolatosanmarino.uk\/it\/wp-json\/wp\/v2\/media\/750"}],"wp:attachment":[{"href":"https:\/\/www.consolatosanmarino.uk\/it\/wp-json\/wp\/v2\/media?parent=366"}],"curies":[{"name":"wp","href":"https:\/\/api.w.org\/{rel}","templated":true}]}}