{"id":354,"date":"2020-10-05T11:33:17","date_gmt":"2020-10-05T10:33:17","guid":{"rendered":"https:\/\/www.consolatosanmarino.uk\/?page_id=354"},"modified":"2024-01-17T11:03:47","modified_gmt":"2024-01-17T11:03:47","slug":"san-marino-in-brief","status":"publish","type":"page","link":"https:\/\/www.consolatosanmarino.uk\/it\/san-marino-in-brief\/","title":{"rendered":"San Marino in breve"},"content":{"rendered":"<h2 class=\"wp-block-heading\">Informazioni generali<\/h2>\n\n\n\n<div class=\"wp-block-media-text alignwide is-stacked-on-mobile\"><figure class=\"wp-block-media-text__media\"><img loading=\"lazy\" decoding=\"async\" width=\"600\" height=\"450\" src=\"https:\/\/www.consolatosanmarino.uk\/wp-content\/uploads\/sites\/16\/2021\/06\/Flag_of_San_Marino-1.jpg\" alt=\"\" class=\"wp-image-1487 size-full\" srcset=\"https:\/\/www.consolatosanmarino.uk\/wp-content\/uploads\/sites\/16\/2021\/06\/Flag_of_San_Marino-1.jpg 600w, https:\/\/www.consolatosanmarino.uk\/wp-content\/uploads\/sites\/16\/2021\/06\/Flag_of_San_Marino-1-300x225.jpg 300w, https:\/\/www.consolatosanmarino.uk\/wp-content\/uploads\/sites\/16\/2021\/06\/Flag_of_San_Marino-1-16x12.jpg 16w\" sizes=\"auto, (max-width: 600px) 100vw, 600px\" \/><\/figure><div class=\"wp-block-media-text__content\">\n<p><\/p>\n\n\n\n<p>Situata nell'Europa meridionale, la Repubblica di San Marino \u00e8 un'enclave dell'Italia centrale che si affaccia sul mare Adriatico, con un territorio di 61 km2 e circa 33.000 abitanti. <\/p>\n\n\n\n<p>Fondata il 3 settembre 301 d.C., rappresenta il pi\u00f9 antico stato sovrano e la pi\u00f9 longeva repubblica costituzionale del mondo.<\/p>\n<\/div><\/div>\n\n\n\n<p><\/p>\n\n\n\n<p>San Marino \u00e8 una Repubblica parlamentare con due Capitani Reggenti (Capi di Stato) e un Parlamento composto da 60 membri. La lingua ufficiale \u00e8 l'italiano e la valuta \u00e8 l'euro.<\/p>\n\n\n\n<p>San Marino \u00e8 facilmente raggiungibile, essendo a soli 15 km dall'uscita autostradale di Rimini Sud, a 25 km dall'Aeroporto Internazionale Rimini - San Marino, a 110 km dall'Aeroporto di Ancona, e a 130 km dall'Aeroporto di Bologna, che ha ottimi collegamenti con tutte le principali citt\u00e0 europee. Roma dista 333 km, Milano 350 km, Venezia 278 km e Firenze 243 km. Sul suo territorio \u00e8 presente un aerodromo con una pista d'atterraggio in erba lunga 650 metri, adatta a velivoli leggeri da turismo.<\/p>\n\n\n\n<p>La vicina citt\u00e0 di Rimini, oltre ad avere una stazione ferroviaria ben collegata, ospita un porto turistico con 622 ormeggi e uno specchio d'acqua di oltre 100.000 mq. I porti italiani di Ancona e Ravenna distano rispettivamente 120 km e 86 km.<\/p>\n\n\n\n<p>Ogni anno pi\u00f9 di 2 milioni di turisti visitano San Marino, riconosciuta dall'UNESCO come eccezionale testimonianza dell'istituzione di una democrazia rappresentativa basata sull'autonomia civica e sull'autogoverno, essendo stata capitale di una Repubblica indipendente fin dal XIII secolo con una continuit\u00e0 unica e senza interruzioni.<\/p>\n\n\n\n<p><\/p>\n\n\n\n<div class=\"wp-block-media-text alignwide is-stacked-on-mobile\"><figure class=\"wp-block-media-text__media\"><video controls src=\"https:\/\/www.consolatosanmarino.uk\/wp-content\/uploads\/sites\/16\/2022\/01\/San-Marino-anthem.mp4\"><\/video><\/figure><div class=\"wp-block-media-text__content\">\n<p class=\"has-medium-font-size\"><strong>L'inno nazionale di San Marino<\/strong><\/p>\n<\/div><\/div>\n\n\n\n<hr class=\"wp-block-separator has-css-opacity\" \/>\n\n\n\n<h2 class=\"wp-block-heading\">L'economia di San Marino<\/h2>\n\n\n\n<p>L'economia sammarinese si \u00e8 sviluppata secondo un approccio multiprofessionale che promuove, in particolare, settori ad alto valore aggiunto. Il Paese ha un'economia diversificata basata sulla piccola e media impresa che comprende il settore industriale, bancario e dei servizi finanziari, il commercio, il turismo, l'agricoltura e l'artigianato.<\/p>\n\n\n\n<p>La struttura istituzionale e il processo legislativo della Repubblica di San Marino sono caratterizzati da una \"filiera corta\". La possibilit\u00e0 di un contatto diretto con i rappresentanti istituzionali e la disponibilit\u00e0 a stabilire soluzioni \"su misura\" per sostenere i progetti proposti fanno di San Marino una piattaforma preziosa per le attivit\u00e0 imprenditoriali. Bastano pochi mesi per approvare una legge e per introdurre norme ad hoc a sostegno di specifici settori di attivit\u00e0. La velocit\u00e0 e la flessibilit\u00e0 dei processi decisionali riflettono l'importante valore del \"tempo\", elemento che ha notevoli ripercussioni finanziarie sui mercati internazionali, anche in termini di competitivit\u00e0.<\/p>\n\n\n\n<p>La stabilit\u00e0 istituzionale e sociale, lo stato di diritto, la tassazione competitiva e la bassa burocrazia sono particolarmente preziosi dal punto di vista della competitivit\u00e0.<\/p>\n\n\n\n<hr class=\"wp-block-separator has-css-opacity\" \/>\n\n\n\n<h2 class=\"wp-block-heading\">Sistema giuridico<\/h2>\n\n\n\n<p>L'ordinamento giuridico della Repubblica di San Marino \u00e8 un sistema di diritto civile<br>Si basa principalmente sulle leggi adottate dal Parlamento sammarinese e sui decreti adottati dal Governo e ratificati dal Parlamento.<\/p>\n\n\n\n<p>In assenza di disposizioni di legge, si applica il diritto consuetudinario. Nel caso di lacune, si fa riferimento al diritto italiano, come la \"lex loci vicinioris\".<\/p>\n\n\n\n<p>La magistratura \u00e8 disciplinata dalla Legge Costituzionale 30 ottobre 2003 n. 144 e dalla Legge Qualificata 30 ottobre n. 145, come modificata dalla Legge Costituzionale 16 settembre 2011 n. 2 e dalla Legge Qualificata 16 settembre 2011 n. 2.<\/p>\n\n\n\n<figure class=\"wp-block-image size-large\"><img loading=\"lazy\" decoding=\"async\" width=\"1024\" height=\"576\" src=\"https:\/\/consolatosanmarino.uk\/wp-content\/uploads\/sites\/16\/2020\/10\/San-Marino-Street-FEATURE-IMAGE-1024x576-1.jpg\" alt=\"San Marino Street\" class=\"wp-image-581\" srcset=\"https:\/\/www.consolatosanmarino.uk\/wp-content\/uploads\/sites\/16\/2020\/10\/San-Marino-Street-FEATURE-IMAGE-1024x576-1.jpg 1024w, https:\/\/www.consolatosanmarino.uk\/wp-content\/uploads\/sites\/16\/2020\/10\/San-Marino-Street-FEATURE-IMAGE-1024x576-1-300x169.jpg 300w, https:\/\/www.consolatosanmarino.uk\/wp-content\/uploads\/sites\/16\/2020\/10\/San-Marino-Street-FEATURE-IMAGE-1024x576-1-768x432.jpg 768w\" sizes=\"auto, (max-width: 1024px) 100vw, 1024px\" \/><\/figure>\n\n\n\n<hr class=\"wp-block-separator has-css-opacity\" \/>\n\n\n\n<h2 class=\"gb-headline gb-headline-9bc37426 gb-headline-text\">Visita San Marino<\/h2>\n\n\n\n<div class=\"wp-block-media-text alignwide is-stacked-on-mobile\"><figure class=\"wp-block-media-text__media\"><video controls src=\"https:\/\/www.consolatosanmarino.uk\/wp-content\/uploads\/sites\/16\/2022\/01\/video-1-spot-nuvole-35s-inglese-hd-best-quality.mp4\"><\/video><\/figure><div class=\"wp-block-media-text__content\">\n<p class=\"has-medium-font-size\"><strong>Luogo oltre ogni immaginazione<\/strong><\/p>\n<\/div><\/div>","protected":false},"excerpt":{"rendered":"<p>General information Located in Southern Europe, the Republic of San Marino is an enclave in central Italy overlooking the Adriatic Sea, with a territory of 61km2 and about 33,000 inhabitants. &#8230; <\/p>\n<p class=\"read-more-container\"><a title=\"San Marino in breve\" class=\"read-more button\" href=\"https:\/\/www.consolatosanmarino.uk\/it\/san-marino-in-brief\/#more-354\" aria-label=\"More on San Marino in brief\">Leggi tutto<\/a><\/p>","protected":false},"author":24,"featured_media":579,"parent":0,"menu_order":0,"comment_status":"closed","ping_status":"closed","template":"","meta":{"footnotes":""},"class_list":["post-354","page","type-page","status-publish","has-post-thumbnail"],"yoast_head":"<!-- This site is optimized with the Yoast SEO plugin v20.3 - https:\/\/yoast.com\/wordpress\/plugins\/seo\/ -->\n<title>San Marino in brief - Consulate of San Marino to the UK<\/title>\n<meta name=\"description\" content=\"The Republic of San Marino with a territory of 61km2 and about 33,000 inhabitants, is the oldest sovereign state and constitutional Republic in the world, founded on 3 September 301 A.D.\" \/>\n<meta name=\"robots\" content=\"index, follow, max-snippet:-1, max-image-preview:large, max-video-preview:-1\" \/>\n<link rel=\"canonical\" href=\"https:\/\/www.consolatosanmarino.uk\/it\/san-marino-in-brief\/\" \/>\n<meta property=\"og:locale\" content=\"it_IT\" \/>\n<meta property=\"og:type\" content=\"article\" \/>\n<meta property=\"og:title\" content=\"San Marino in brief - Consulate of San Marino to the UK\" \/>\n<meta property=\"og:description\" content=\"The Republic of San Marino with a territory of 61km2 and about 33,000 inhabitants, is the oldest sovereign state and constitutional Republic in the world, founded on 3 September 301 A.D.\" \/>\n<meta property=\"og:url\" content=\"https:\/\/www.consolatosanmarino.uk\/it\/san-marino-in-brief\/\" \/>\n<meta property=\"og:site_name\" content=\"Consulate of San Marino to the UK\" \/>\n<meta property=\"article:publisher\" content=\"https:\/\/www.facebook.com\/ConsolatoRsmUK\/\" \/>\n<meta property=\"article:modified_time\" content=\"2024-01-17T11:03:47+00:00\" \/>\n<meta property=\"og:image\" content=\"https:\/\/www.consolatosanmarino.uk\/wp-content\/uploads\/sites\/16\/2020\/10\/San-Marino-Landscape-FEATURE-IMAGE-1280x720-1.jpg\" \/>\n\t<meta property=\"og:image:width\" content=\"1280\" \/>\n\t<meta property=\"og:image:height\" content=\"720\" \/>\n\t<meta property=\"og:image:type\" content=\"image\/jpeg\" \/>\n<meta name=\"twitter:card\" content=\"summary_large_image\" \/>\n<meta name=\"twitter:site\" content=\"@consolatorsmuk\" \/>\n<meta name=\"twitter:label1\" content=\"Tempo di lettura stimato\" \/>\n\t<meta name=\"twitter:data1\" content=\"3 minuti\" \/>\n<script type=\"application\/ld+json\" class=\"yoast-schema-graph\">{\"@context\":\"https:\/\/schema.org\",\"@graph\":[{\"@type\":\"WebPage\",\"@id\":\"https:\/\/www.consolatosanmarino.uk\/en\/san-marino-in-brief\/\",\"url\":\"https:\/\/www.consolatosanmarino.uk\/en\/san-marino-in-brief\/\",\"name\":\"San Marino in brief - Consulate of San Marino to the UK\",\"isPartOf\":{\"@id\":\"https:\/\/www.consolatosanmarino.uk\/en\/#website\"},\"datePublished\":\"2020-10-05T10:33:17+00:00\",\"dateModified\":\"2024-01-17T11:03:47+00:00\",\"description\":\"The Republic of San Marino with a territory of 61km2 and about 33,000 inhabitants, is the oldest sovereign state and constitutional Republic in the world, founded on 3 September 301 A.D.\",\"breadcrumb\":{\"@id\":\"https:\/\/www.consolatosanmarino.uk\/en\/san-marino-in-brief\/#breadcrumb\"},\"inLanguage\":\"it-IT\",\"potentialAction\":[{\"@type\":\"ReadAction\",\"target\":[\"https:\/\/www.consolatosanmarino.uk\/en\/san-marino-in-brief\/\"]}]},{\"@type\":\"BreadcrumbList\",\"@id\":\"https:\/\/www.consolatosanmarino.uk\/en\/san-marino-in-brief\/#breadcrumb\",\"itemListElement\":[{\"@type\":\"ListItem\",\"position\":1,\"name\":\"Home\",\"item\":\"https:\/\/www.consolatosanmarino.uk\/\"},{\"@type\":\"ListItem\",\"position\":2,\"name\":\"San Marino in brief\"}]},{\"@type\":\"WebSite\",\"@id\":\"https:\/\/www.consolatosanmarino.uk\/en\/#website\",\"url\":\"https:\/\/www.consolatosanmarino.uk\/en\/\",\"name\":\"Consulate of San Marino to the UK\",\"description\":\"Consulate of the Republic of San Marino to the UK\",\"publisher\":{\"@id\":\"https:\/\/www.consolatosanmarino.uk\/en\/#organization\"},\"potentialAction\":[{\"@type\":\"SearchAction\",\"target\":{\"@type\":\"EntryPoint\",\"urlTemplate\":\"https:\/\/www.consolatosanmarino.uk\/en\/?s={search_term_string}\"},\"query-input\":\"required name=search_term_string\"}],\"inLanguage\":\"it-IT\"},{\"@type\":\"Organization\",\"@id\":\"https:\/\/www.consolatosanmarino.uk\/en\/#organization\",\"name\":\"Consulate of the Republic of San Marino to the UK\",\"url\":\"https:\/\/www.consolatosanmarino.uk\/en\/\",\"logo\":{\"@type\":\"ImageObject\",\"inLanguage\":\"it-IT\",\"@id\":\"https:\/\/www.consolatosanmarino.uk\/en\/#\/schema\/logo\/image\/\",\"url\":\"https:\/\/www.consolatosanmarino.uk\/wp-content\/uploads\/sites\/16\/2019\/11\/San-Marino-logo-2019-400x400-v01.jpg\",\"contentUrl\":\"https:\/\/www.consolatosanmarino.uk\/wp-content\/uploads\/sites\/16\/2019\/11\/San-Marino-logo-2019-400x400-v01.jpg\",\"width\":400,\"height\":400,\"caption\":\"Consulate of the Republic of San Marino to the UK\"},\"image\":{\"@id\":\"https:\/\/www.consolatosanmarino.uk\/en\/#\/schema\/logo\/image\/\"},\"sameAs\":[\"https:\/\/www.facebook.com\/ConsolatoRsmUK\/\",\"https:\/\/twitter.com\/consolatorsmuk\",\"https:\/\/www.linkedin.com\/company\/consolatorsmuk\/\",\"https:\/\/www.instagram.com\/consolatorsmuk\/\"]}]}<\/script>\n<!-- \/ Yoast SEO plugin. -->","yoast_head_json":{"title":"San Marino in brief - Consulate of San Marino to the UK","description":"The Republic of San Marino with a territory of 61km2 and about 33,000 inhabitants, is the oldest sovereign state and constitutional Republic in the world, founded on 3 September 301 A.D.","robots":{"index":"index","follow":"follow","max-snippet":"max-snippet:-1","max-image-preview":"max-image-preview:large","max-video-preview":"max-video-preview:-1"},"canonical":"https:\/\/www.consolatosanmarino.uk\/it\/san-marino-in-brief\/","og_locale":"it_IT","og_type":"article","og_title":"San Marino in brief - Consulate of San Marino to the UK","og_description":"The Republic of San Marino with a territory of 61km2 and about 33,000 inhabitants, is the oldest sovereign state and constitutional Republic in the world, founded on 3 September 301 A.D.","og_url":"https:\/\/www.consolatosanmarino.uk\/it\/san-marino-in-brief\/","og_site_name":"Consulate of San Marino to the UK","article_publisher":"https:\/\/www.facebook.com\/ConsolatoRsmUK\/","article_modified_time":"2024-01-17T11:03:47+00:00","og_image":[{"width":1280,"height":720,"url":"https:\/\/www.consolatosanmarino.uk\/wp-content\/uploads\/sites\/16\/2020\/10\/San-Marino-Landscape-FEATURE-IMAGE-1280x720-1.jpg","type":"image\/jpeg"}],"twitter_card":"summary_large_image","twitter_site":"@consolatorsmuk","twitter_misc":{"Tempo di lettura stimato":"3 minuti"},"schema":{"@context":"https:\/\/schema.org","@graph":[{"@type":"WebPage","@id":"https:\/\/www.consolatosanmarino.uk\/en\/san-marino-in-brief\/","url":"https:\/\/www.consolatosanmarino.uk\/en\/san-marino-in-brief\/","name":"San Marino in brief - Consulate of San Marino to the UK","isPartOf":{"@id":"https:\/\/www.consolatosanmarino.uk\/en\/#website"},"datePublished":"2020-10-05T10:33:17+00:00","dateModified":"2024-01-17T11:03:47+00:00","description":"The Republic of San Marino with a territory of 61km2 and about 33,000 inhabitants, is the oldest sovereign state and constitutional Republic in the world, founded on 3 September 301 A.D.","breadcrumb":{"@id":"https:\/\/www.consolatosanmarino.uk\/en\/san-marino-in-brief\/#breadcrumb"},"inLanguage":"it-IT","potentialAction":[{"@type":"ReadAction","target":["https:\/\/www.consolatosanmarino.uk\/en\/san-marino-in-brief\/"]}]},{"@type":"BreadcrumbList","@id":"https:\/\/www.consolatosanmarino.uk\/en\/san-marino-in-brief\/#breadcrumb","itemListElement":[{"@type":"ListItem","position":1,"name":"Home","item":"https:\/\/www.consolatosanmarino.uk\/"},{"@type":"ListItem","position":2,"name":"San Marino in brief"}]},{"@type":"WebSite","@id":"https:\/\/www.consolatosanmarino.uk\/en\/#website","url":"https:\/\/www.consolatosanmarino.uk\/en\/","name":"Consulate of San Marino to the UK","description":"Consulate of the Republic of San Marino to the UK","publisher":{"@id":"https:\/\/www.consolatosanmarino.uk\/en\/#organization"},"potentialAction":[{"@type":"SearchAction","target":{"@type":"EntryPoint","urlTemplate":"https:\/\/www.consolatosanmarino.uk\/en\/?s={search_term_string}"},"query-input":"required name=search_term_string"}],"inLanguage":"it-IT"},{"@type":"Organization","@id":"https:\/\/www.consolatosanmarino.uk\/en\/#organization","name":"Consulate of the Republic of San Marino to the UK","url":"https:\/\/www.consolatosanmarino.uk\/en\/","logo":{"@type":"ImageObject","inLanguage":"it-IT","@id":"https:\/\/www.consolatosanmarino.uk\/en\/#\/schema\/logo\/image\/","url":"https:\/\/www.consolatosanmarino.uk\/wp-content\/uploads\/sites\/16\/2019\/11\/San-Marino-logo-2019-400x400-v01.jpg","contentUrl":"https:\/\/www.consolatosanmarino.uk\/wp-content\/uploads\/sites\/16\/2019\/11\/San-Marino-logo-2019-400x400-v01.jpg","width":400,"height":400,"caption":"Consulate of the Republic of San Marino to the UK"},"image":{"@id":"https:\/\/www.consolatosanmarino.uk\/en\/#\/schema\/logo\/image\/"},"sameAs":["https:\/\/www.facebook.com\/ConsolatoRsmUK\/","https:\/\/twitter.com\/consolatorsmuk","https:\/\/www.linkedin.com\/company\/consolatorsmuk\/","https:\/\/www.instagram.com\/consolatorsmuk\/"]}]}},"_links":{"self":[{"href":"https:\/\/www.consolatosanmarino.uk\/it\/wp-json\/wp\/v2\/pages\/354","targetHints":{"allow":["GET"]}}],"collection":[{"href":"https:\/\/www.consolatosanmarino.uk\/it\/wp-json\/wp\/v2\/pages"}],"about":[{"href":"https:\/\/www.consolatosanmarino.uk\/it\/wp-json\/wp\/v2\/types\/page"}],"author":[{"embeddable":true,"href":"https:\/\/www.consolatosanmarino.uk\/it\/wp-json\/wp\/v2\/users\/24"}],"replies":[{"embeddable":true,"href":"https:\/\/www.consolatosanmarino.uk\/it\/wp-json\/wp\/v2\/comments?post=354"}],"version-history":[{"count":7,"href":"https:\/\/www.consolatosanmarino.uk\/it\/wp-json\/wp\/v2\/pages\/354\/revisions"}],"predecessor-version":[{"id":2235,"href":"https:\/\/www.consolatosanmarino.uk\/it\/wp-json\/wp\/v2\/pages\/354\/revisions\/2235"}],"wp:featuredmedia":[{"embeddable":true,"href":"https:\/\/www.consolatosanmarino.uk\/it\/wp-json\/wp\/v2\/media\/579"}],"wp:attachment":[{"href":"https:\/\/www.consolatosanmarino.uk\/it\/wp-json\/wp\/v2\/media?parent=354"}],"curies":[{"name":"wp","href":"https:\/\/api.w.org\/{rel}","templated":true}]}}