{"id":2061,"date":"2022-09-21T12:48:01","date_gmt":"2022-09-21T11:48:01","guid":{"rendered":"https:\/\/www.consolatosanmarino.uk\/?page_id=2061"},"modified":"2024-01-17T11:03:03","modified_gmt":"2024-01-17T11:03:03","slug":"international-context","status":"publish","type":"page","link":"https:\/\/www.consolatosanmarino.uk\/it\/international-context\/","title":{"rendered":"Contesto internazionale"},"content":{"rendered":"<p><\/p>\n\n\n\n<p>San Marino mantiene relazioni ufficiali con 151 Paesi ed \u00e8 membro delle principali organizzazioni internazionali, tra cui la <a href=\"https:\/\/www.un.org\/en\/site-search?query=san+marino\" target=\"_blank\" rel=\"noreferrer noopener\">ONU<\/a> e il <a href=\"https:\/\/publicsearch.coe.int\/#k=san%20marino\" target=\"_blank\" rel=\"noreferrer noopener\">Consiglio d'Europa<\/a>.<\/p>\n\n\n\n<p>Le relazioni con l'UE si basano su un accordo di cooperazione e unione doganale in vigore dal 2002. In base alla nuova Convenzione monetaria con l'UE, in vigore dal 2012, San Marino ha il diritto di utilizzare l'euro come valuta ufficiale. San Marino \u00e8 stato incluso nell'Area unica dei pagamenti in euro (SEPA) nel febbraio 2014.<\/p>\n\n\n\n<p>Sono in corso trattative con la Commissione europea per la conclusione di un<br>Accordo di Associazione che possa consentire una maggiore integrazione nel mercato unico e la piena equivalenza dei cittadini e delle imprese sammarinesi con gli Stati membri.<\/p>\n\n\n\n<p>San Marino ha concluso numerosi accordi multilaterali e bilaterali. Tra gli accordi economici, finanziari e fiscali, particolarmente interessanti sono:<\/p>\n\n\n\n<p><br>- 24 Convenzioni contro la doppia imposizione - DTA (Austria, Azerbaigian, Barbados, Belgio, Croazia, Cipro, Emirati Arabi Uniti, Georgia, Grecia, Ungheria, Italia, Liechtenstein, Lussemburgo, Malesia, Malta, Portogallo, Qatar, Romania, Saint Kitts e Nevis, Serbia, Seychelles, Singapore, Emirati Arabi, Regno Uniti, Vietnam);<br>- 30 Accordi di scambio di informazioni fiscali (TIEA) secondo il modello OCSE (Organizzazione per la Cooperazione e lo Sviluppo Economico);<br>- 8 Accordi di promozione e protezione degli investimenti (Albania, Azerbaigian, Bosnia-Erzegovina, Bulgaria, Cipro, Croazia, Malesia, Ucraina).<\/p>\n\n\n\n<p>A febbraio 2019 San Marino ha ottenuto il massimo riconoscimento OCSE (Compliant) per la cooperazione fiscale internazionale ed \u00e8 stato riconosciuto come \"Paese pienamente cooperativo a fini fiscali\" da <a href=\"https:\/\/www.consilium.europa.eu\/en\/council-eu\/configurations\/ecofin\/\" target=\"_blank\" rel=\"noreferrer noopener\">ECOFIN<\/a>. Tale decisione si \u00e8 basata sulla conformit\u00e0 ai criteri di trasparenza fiscale e di equit\u00e0 fiscale e alle misure dell'OCSE.<\/p>\n\n\n\n<p>Nell'ottobre 2015 San Marino ha firmato con gli Stati Uniti d'America l'Accordo intergovernativo FATCA (IGA-Modello 2).<\/p>\n\n\n\n<p>San Marino ha aderito al Gruppo di Stati contro la corruzione (GRECO) del Consiglio d'Europa nell'agosto 2010.<\/p>\n\n\n\n<p>Dal 1998 \u00e8 membro di Moneyval, il comitato di esperti del Consiglio d'Europa per la valutazione delle misure di contrasto al riciclaggio e al finanziamento del terrorismo. \u00c8 anche un Paese whitelist, avendo attuato la Direttiva 2005\/60\/CE, la Direttiva 2015\/849\/UE (la cosiddetta IV Direttiva antiriciclaggio) e la metodologia del GAFI.<br>(Financial Action Task Force), con costante revisione dei regolamenti interni<br>al fine di renderli conformi agli standard pertinenti.<\/p>\n\n\n\n<p>Nel 1945, la Repubblica di San Marino ha aderito all'Istituto Internazionale per l'Unificazione del Diritto Privato (UNIDROIT). Dal 2015 la legge sammarinese prevede che, su espressa volont\u00e0 delle parti, i contratti e i rapporti contrattuali tra San Marino e gli imprenditori stranieri o tra gli imprenditori stranieri siano disciplinati dai principi dei contratti commerciali internazionali elaborati dall'Istituto Internazionale per l'Unificazione del Diritto Privato.<\/p>\n\n\n\n<p>Grazie alla sua <a href=\"https:\/\/www.consolatosanmarino.uk\/it\/san-marino-in-brief\/\" target=\"_blank\" rel=\"noreferrer noopener\">posizione geografica<\/a> di enclave della Repubblica Italiana, le relazioni istituzionali, economiche, sociali e culturali con l'Italia sono sempre state particolarmente importanti e strategiche per San Marino.<\/p>\n\n\n\n<p>I numerosi accordi bilaterali in vigore testimoniano le costanti ed eccellenti relazioni con l'Italia. Particolarmente significativi sono:<\/p>\n\n\n\n<ul class=\"wp-block-list\">\n<li>Convenzione di amicizia e buon vicinato del 31 marzo 1939 e successivi emendamenti, che \u00e8 tuttora alla base dell'intensa cooperazione bilaterale;<\/li>\n\n\n\n<li>Convenzione contro le double taxation del 21 marzo 2002 e relativo Protocollo di modifica del 13 giugno 2012;<\/li>\n\n\n\n<li>Accordo di Cooperazione Economica del 31 marzo 2009, che copre diversi<\/li>\n\n\n\n<li>settori.<\/li>\n<\/ul>\n\n\n\n<p>San Marino ha inoltre recepito il Regolamento UE 2016\/679 sulla protezione dei dati personali approvando la Legge n. 171\/2018.<\/p>","protected":false},"excerpt":{"rendered":"<p>San Marino maintains official relations with 151 countries and is a member of major international organisations, including the UN and the Council of Europe. Relations with the EU are based &#8230; <\/p>\n<p class=\"read-more-container\"><a title=\"Contesto internazionale\" class=\"read-more button\" href=\"https:\/\/www.consolatosanmarino.uk\/it\/international-context\/#more-2061\" aria-label=\"More on International Context\">Leggi tutto<\/a><\/p>","protected":false},"author":23,"featured_media":2039,"parent":0,"menu_order":0,"comment_status":"closed","ping_status":"closed","template":"","meta":{"footnotes":""},"class_list":["post-2061","page","type-page","status-publish","has-post-thumbnail"],"yoast_head":"<!-- This site is optimized with the Yoast SEO plugin v20.3 - https:\/\/yoast.com\/wordpress\/plugins\/seo\/ -->\n<title>International Context - Consulate of San Marino to the UK<\/title>\n<meta name=\"description\" content=\"San Marino maintains official relations with 151 countries and is a member of major International Organisations, including the UN and the Council of Europe.\" \/>\n<meta name=\"robots\" content=\"index, follow, max-snippet:-1, max-image-preview:large, max-video-preview:-1\" \/>\n<link rel=\"canonical\" href=\"https:\/\/www.consolatosanmarino.uk\/it\/international-context\/\" \/>\n<meta property=\"og:locale\" content=\"it_IT\" \/>\n<meta property=\"og:type\" content=\"article\" \/>\n<meta property=\"og:title\" content=\"International Context - Consulate of San Marino to the UK\" \/>\n<meta property=\"og:description\" content=\"San Marino maintains official relations with 151 countries and is a member of major International Organisations, including the UN and the Council of Europe.\" \/>\n<meta property=\"og:url\" content=\"https:\/\/www.consolatosanmarino.uk\/it\/international-context\/\" \/>\n<meta property=\"og:site_name\" content=\"Consulate of San Marino to the UK\" \/>\n<meta property=\"article:publisher\" content=\"https:\/\/www.facebook.com\/ConsolatoRsmUK\/\" \/>\n<meta property=\"article:modified_time\" content=\"2024-01-17T11:03:03+00:00\" \/>\n<meta property=\"og:image\" content=\"https:\/\/www.consolatosanmarino.uk\/wp-content\/uploads\/sites\/16\/2022\/09\/Diplomatic_relations_of_San_Marino.svg_.png\" \/>\n\t<meta property=\"og:image:width\" content=\"1920\" \/>\n\t<meta property=\"og:image:height\" content=\"984\" \/>\n\t<meta property=\"og:image:type\" content=\"image\/png\" \/>\n<meta name=\"twitter:card\" content=\"summary_large_image\" \/>\n<meta name=\"twitter:site\" content=\"@consolatorsmuk\" \/>\n<meta name=\"twitter:label1\" content=\"Tempo di lettura stimato\" \/>\n\t<meta name=\"twitter:data1\" content=\"3 minuti\" \/>\n<script type=\"application\/ld+json\" class=\"yoast-schema-graph\">{\"@context\":\"https:\/\/schema.org\",\"@graph\":[{\"@type\":\"WebPage\",\"@id\":\"https:\/\/www.consolatosanmarino.uk\/it\/international-context\/\",\"url\":\"https:\/\/www.consolatosanmarino.uk\/it\/international-context\/\",\"name\":\"International Context - Consulate of San Marino to the UK\",\"isPartOf\":{\"@id\":\"https:\/\/www.consolatosanmarino.uk\/en\/#website\"},\"datePublished\":\"2022-09-21T11:48:01+00:00\",\"dateModified\":\"2024-01-17T11:03:03+00:00\",\"description\":\"San Marino maintains official relations with 151 countries and is a member of major International Organisations, including the UN and the Council of Europe.\",\"breadcrumb\":{\"@id\":\"https:\/\/www.consolatosanmarino.uk\/it\/international-context\/#breadcrumb\"},\"inLanguage\":\"it-IT\",\"potentialAction\":[{\"@type\":\"ReadAction\",\"target\":[\"https:\/\/www.consolatosanmarino.uk\/it\/international-context\/\"]}]},{\"@type\":\"BreadcrumbList\",\"@id\":\"https:\/\/www.consolatosanmarino.uk\/it\/international-context\/#breadcrumb\",\"itemListElement\":[{\"@type\":\"ListItem\",\"position\":1,\"name\":\"Home\",\"item\":\"https:\/\/www.consolatosanmarino.uk\/\"},{\"@type\":\"ListItem\",\"position\":2,\"name\":\"International Context\"}]},{\"@type\":\"WebSite\",\"@id\":\"https:\/\/www.consolatosanmarino.uk\/en\/#website\",\"url\":\"https:\/\/www.consolatosanmarino.uk\/en\/\",\"name\":\"Consulate of San Marino to the UK\",\"description\":\"Consulate of the Republic of San Marino to the UK\",\"publisher\":{\"@id\":\"https:\/\/www.consolatosanmarino.uk\/en\/#organization\"},\"potentialAction\":[{\"@type\":\"SearchAction\",\"target\":{\"@type\":\"EntryPoint\",\"urlTemplate\":\"https:\/\/www.consolatosanmarino.uk\/en\/?s={search_term_string}\"},\"query-input\":\"required name=search_term_string\"}],\"inLanguage\":\"it-IT\"},{\"@type\":\"Organization\",\"@id\":\"https:\/\/www.consolatosanmarino.uk\/en\/#organization\",\"name\":\"Consulate of the Republic of San Marino to the UK\",\"url\":\"https:\/\/www.consolatosanmarino.uk\/en\/\",\"logo\":{\"@type\":\"ImageObject\",\"inLanguage\":\"it-IT\",\"@id\":\"https:\/\/www.consolatosanmarino.uk\/en\/#\/schema\/logo\/image\/\",\"url\":\"https:\/\/www.consolatosanmarino.uk\/wp-content\/uploads\/sites\/16\/2019\/11\/San-Marino-logo-2019-400x400-v01.jpg\",\"contentUrl\":\"https:\/\/www.consolatosanmarino.uk\/wp-content\/uploads\/sites\/16\/2019\/11\/San-Marino-logo-2019-400x400-v01.jpg\",\"width\":400,\"height\":400,\"caption\":\"Consulate of the Republic of San Marino to the UK\"},\"image\":{\"@id\":\"https:\/\/www.consolatosanmarino.uk\/en\/#\/schema\/logo\/image\/\"},\"sameAs\":[\"https:\/\/www.facebook.com\/ConsolatoRsmUK\/\",\"https:\/\/twitter.com\/consolatorsmuk\",\"https:\/\/www.linkedin.com\/company\/consolatorsmuk\/\",\"https:\/\/www.instagram.com\/consolatorsmuk\/\"]}]}<\/script>\n<!-- \/ Yoast SEO plugin. -->","yoast_head_json":{"title":"International Context - Consulate of San Marino to the UK","description":"San Marino maintains official relations with 151 countries and is a member of major International Organisations, including the UN and the Council of Europe.","robots":{"index":"index","follow":"follow","max-snippet":"max-snippet:-1","max-image-preview":"max-image-preview:large","max-video-preview":"max-video-preview:-1"},"canonical":"https:\/\/www.consolatosanmarino.uk\/it\/international-context\/","og_locale":"it_IT","og_type":"article","og_title":"International Context - Consulate of San Marino to the UK","og_description":"San Marino maintains official relations with 151 countries and is a member of major International Organisations, including the UN and the Council of Europe.","og_url":"https:\/\/www.consolatosanmarino.uk\/it\/international-context\/","og_site_name":"Consulate of San Marino to the UK","article_publisher":"https:\/\/www.facebook.com\/ConsolatoRsmUK\/","article_modified_time":"2024-01-17T11:03:03+00:00","og_image":[{"width":1920,"height":984,"url":"https:\/\/www.consolatosanmarino.uk\/wp-content\/uploads\/sites\/16\/2022\/09\/Diplomatic_relations_of_San_Marino.svg_.png","type":"image\/png"}],"twitter_card":"summary_large_image","twitter_site":"@consolatorsmuk","twitter_misc":{"Tempo di lettura stimato":"3 minuti"},"schema":{"@context":"https:\/\/schema.org","@graph":[{"@type":"WebPage","@id":"https:\/\/www.consolatosanmarino.uk\/it\/international-context\/","url":"https:\/\/www.consolatosanmarino.uk\/it\/international-context\/","name":"International Context - Consulate of San Marino to the UK","isPartOf":{"@id":"https:\/\/www.consolatosanmarino.uk\/en\/#website"},"datePublished":"2022-09-21T11:48:01+00:00","dateModified":"2024-01-17T11:03:03+00:00","description":"San Marino maintains official relations with 151 countries and is a member of major International Organisations, including the UN and the Council of Europe.","breadcrumb":{"@id":"https:\/\/www.consolatosanmarino.uk\/it\/international-context\/#breadcrumb"},"inLanguage":"it-IT","potentialAction":[{"@type":"ReadAction","target":["https:\/\/www.consolatosanmarino.uk\/it\/international-context\/"]}]},{"@type":"BreadcrumbList","@id":"https:\/\/www.consolatosanmarino.uk\/it\/international-context\/#breadcrumb","itemListElement":[{"@type":"ListItem","position":1,"name":"Home","item":"https:\/\/www.consolatosanmarino.uk\/"},{"@type":"ListItem","position":2,"name":"International Context"}]},{"@type":"WebSite","@id":"https:\/\/www.consolatosanmarino.uk\/en\/#website","url":"https:\/\/www.consolatosanmarino.uk\/en\/","name":"Consulate of San Marino to the UK","description":"Consulate of the Republic of San Marino to the UK","publisher":{"@id":"https:\/\/www.consolatosanmarino.uk\/en\/#organization"},"potentialAction":[{"@type":"SearchAction","target":{"@type":"EntryPoint","urlTemplate":"https:\/\/www.consolatosanmarino.uk\/en\/?s={search_term_string}"},"query-input":"required name=search_term_string"}],"inLanguage":"it-IT"},{"@type":"Organization","@id":"https:\/\/www.consolatosanmarino.uk\/en\/#organization","name":"Consulate of the Republic of San Marino to the UK","url":"https:\/\/www.consolatosanmarino.uk\/en\/","logo":{"@type":"ImageObject","inLanguage":"it-IT","@id":"https:\/\/www.consolatosanmarino.uk\/en\/#\/schema\/logo\/image\/","url":"https:\/\/www.consolatosanmarino.uk\/wp-content\/uploads\/sites\/16\/2019\/11\/San-Marino-logo-2019-400x400-v01.jpg","contentUrl":"https:\/\/www.consolatosanmarino.uk\/wp-content\/uploads\/sites\/16\/2019\/11\/San-Marino-logo-2019-400x400-v01.jpg","width":400,"height":400,"caption":"Consulate of the Republic of San Marino to the UK"},"image":{"@id":"https:\/\/www.consolatosanmarino.uk\/en\/#\/schema\/logo\/image\/"},"sameAs":["https:\/\/www.facebook.com\/ConsolatoRsmUK\/","https:\/\/twitter.com\/consolatorsmuk","https:\/\/www.linkedin.com\/company\/consolatorsmuk\/","https:\/\/www.instagram.com\/consolatorsmuk\/"]}]}},"_links":{"self":[{"href":"https:\/\/www.consolatosanmarino.uk\/it\/wp-json\/wp\/v2\/pages\/2061","targetHints":{"allow":["GET"]}}],"collection":[{"href":"https:\/\/www.consolatosanmarino.uk\/it\/wp-json\/wp\/v2\/pages"}],"about":[{"href":"https:\/\/www.consolatosanmarino.uk\/it\/wp-json\/wp\/v2\/types\/page"}],"author":[{"embeddable":true,"href":"https:\/\/www.consolatosanmarino.uk\/it\/wp-json\/wp\/v2\/users\/23"}],"replies":[{"embeddable":true,"href":"https:\/\/www.consolatosanmarino.uk\/it\/wp-json\/wp\/v2\/comments?post=2061"}],"version-history":[{"count":3,"href":"https:\/\/www.consolatosanmarino.uk\/it\/wp-json\/wp\/v2\/pages\/2061\/revisions"}],"predecessor-version":[{"id":2373,"href":"https:\/\/www.consolatosanmarino.uk\/it\/wp-json\/wp\/v2\/pages\/2061\/revisions\/2373"}],"wp:featuredmedia":[{"embeddable":true,"href":"https:\/\/www.consolatosanmarino.uk\/it\/wp-json\/wp\/v2\/media\/2039"}],"wp:attachment":[{"href":"https:\/\/www.consolatosanmarino.uk\/it\/wp-json\/wp\/v2\/media?parent=2061"}],"curies":[{"name":"wp","href":"https:\/\/api.w.org\/{rel}","templated":true}]}}