{"id":2,"date":"2020-09-11T13:25:22","date_gmt":"2020-09-11T12:25:22","guid":{"rendered":"https:\/\/www.consolatosanmarino.uk\/?page_id=2"},"modified":"2024-01-17T11:04:04","modified_gmt":"2024-01-17T11:04:04","slug":"consulate","status":"publish","type":"page","link":"https:\/\/www.consolatosanmarino.uk\/it\/consulate\/","title":{"rendered":"Il Consolato"},"content":{"rendered":"<p>Desidero ringraziare cordialmente tutti voi per aver visitato il sito web del Consolato della Repubblica di San Marino presso il Regno Unito di Gran Bretagna e Irlanda del Nord.<\/p>\n\n\n\n<div class=\"wp-block-image\"><figure class=\"alignleft size-large is-resized\"><img loading=\"lazy\" decoding=\"async\" src=\"https:\/\/consolatosanmarino.uk\/wp-content\/uploads\/sites\/16\/2019\/11\/Maurizio-Bragagni-Console-400x400-v01.jpg\" alt=\"\" class=\"wp-image-247\" width=\"200\" height=\"200\" srcset=\"https:\/\/www.consolatosanmarino.uk\/wp-content\/uploads\/sites\/16\/2019\/11\/Maurizio-Bragagni-Console-400x400-v01.jpg 400w, https:\/\/www.consolatosanmarino.uk\/wp-content\/uploads\/sites\/16\/2019\/11\/Maurizio-Bragagni-Console-400x400-v01-300x300.jpg 300w, https:\/\/www.consolatosanmarino.uk\/wp-content\/uploads\/sites\/16\/2019\/11\/Maurizio-Bragagni-Console-400x400-v01-150x150.jpg 150w\" sizes=\"auto, (max-width: 200px) 100vw, 200px\" \/><\/figure><\/div>\n\n\n\n<p>\u00c8 nostra intenzione che queste pagine possano rappresentare una fonte di informazioni credibili e utili per tutti i privati, le istituzioni pubbliche e gli operatori economici interessati alla Repubblica di San Marino, al fine di promuovere il reciproco sviluppo delle relazioni sociali, culturali ed economiche tra la Repubblica di San Marino e il Regno Unito.<\/p>\n\n\n\n<p><strong>San Marino<\/strong>, ufficialmente <em>&#8220;Serenissima Repubblica di San Marino&#8221;<\/em>, spesso abbreviato in <strong>Repubblica di San Marino<\/strong>, \u00e8 uno Stato dell'Europa meridionale senza sbocco sul mare, situato nella penisola italiana centro-settentrionale, al confine tra le regioni italiane dell'Emilia-Romagna (provincia di Rimini) e delle Marche (provincia di Pesaro e Urbino).<\/p>\n\n\n\n<p>Ha un'estensione territoriale di 61,19 km\u00b2, popolata da 33 422 abitanti. \u00c8 uno dei meno popolosi tra gli Stati membri del Consiglio d'Europa e delle Nazioni Unite. La capitale \u00e8 la citt\u00e0 di San Marino, la lingua ufficiale \u00e8 l'italiano e gli abitanti sono chiamati sammarinesi.<\/p>\n\n\n\n<p>Dal 2008, il centro storico della citt\u00e0 di San Marino e il Monte Titano sono stati inseriti dall'UNESCO nella lista del Patrimonio dell'Umanit\u00e0 come \"testimonianza della continuit\u00e0 di una libera repubblica dal XIII secolo\".<\/p>\n\n\n\n<p>Il Consolato della Repubblica di San Marino, nella persona del Console, e la sua Segreteria, sono a disposizione per fornire ogni ulteriore informazione richiesta.<\/p>\n\n\n\n<p>Per informazioni e appuntamento <a href=\"mailto:cons.londra@gov.sm\" target=\"_blank\" rel=\"noreferrer noopener\">cons.londra@gov.sm<\/a><\/p>\n\n\n\n<p><\/p>","protected":false},"excerpt":{"rendered":"<p>I would like to cordially thank you all for visiting this website of the Consulate of the Republic of San Marino to the United Kindom of Great Britain and Northern &#8230; <\/p>\n<p class=\"read-more-container\"><a title=\"Il Consolato\" class=\"read-more button\" href=\"https:\/\/www.consolatosanmarino.uk\/it\/consulate\/#more-2\" aria-label=\"More on The Consulate\">Leggi tutto<\/a><\/p>","protected":false},"author":2,"featured_media":349,"parent":0,"menu_order":0,"comment_status":"closed","ping_status":"open","template":"","meta":{"footnotes":""},"class_list":["post-2","page","type-page","status-publish","has-post-thumbnail"],"yoast_head":"<!-- This site is optimized with the Yoast SEO plugin v20.3 - https:\/\/yoast.com\/wordpress\/plugins\/seo\/ -->\n<title>The Consulate - Consulate of San Marino to the UK<\/title>\n<meta name=\"robots\" content=\"index, follow, max-snippet:-1, max-image-preview:large, max-video-preview:-1\" \/>\n<link rel=\"canonical\" href=\"https:\/\/www.consolatosanmarino.uk\/it\/consulate\/\" \/>\n<meta property=\"og:locale\" content=\"it_IT\" \/>\n<meta property=\"og:type\" content=\"article\" \/>\n<meta property=\"og:title\" content=\"The Consulate - Consulate of San Marino to the UK\" \/>\n<meta property=\"og:description\" content=\"I would like to cordially thank you all for visiting this website of the Consulate of the Republic of San Marino to the United Kindom of Great Britain and Northern ... Leggi tutto\" \/>\n<meta property=\"og:url\" content=\"https:\/\/www.consolatosanmarino.uk\/it\/consulate\/\" \/>\n<meta property=\"og:site_name\" content=\"Consulate of San Marino to the UK\" \/>\n<meta property=\"article:publisher\" content=\"https:\/\/www.facebook.com\/ConsolatoRsmUK\/\" \/>\n<meta property=\"article:modified_time\" content=\"2024-01-17T11:04:04+00:00\" \/>\n<meta property=\"og:image\" content=\"https:\/\/www.consolatosanmarino.uk\/wp-content\/uploads\/sites\/16\/2020\/10\/Consolato-di-San-Marino-presso-il-Regno-Unito-1280x-132796360.jpg\" \/>\n\t<meta property=\"og:image:width\" content=\"1280\" \/>\n\t<meta property=\"og:image:height\" content=\"451\" \/>\n\t<meta property=\"og:image:type\" content=\"image\/jpeg\" \/>\n<meta name=\"twitter:card\" content=\"summary_large_image\" \/>\n<meta name=\"twitter:site\" content=\"@consolatorsmuk\" \/>\n<meta name=\"twitter:label1\" content=\"Tempo di lettura stimato\" \/>\n\t<meta name=\"twitter:data1\" content=\"1 minuto\" \/>\n<script type=\"application\/ld+json\" class=\"yoast-schema-graph\">{\"@context\":\"https:\/\/schema.org\",\"@graph\":[{\"@type\":\"WebPage\",\"@id\":\"https:\/\/www.consolatosanmarino.uk\/it\/consulate\/\",\"url\":\"https:\/\/www.consolatosanmarino.uk\/it\/consulate\/\",\"name\":\"The Consulate - Consulate of San Marino to the UK\",\"isPartOf\":{\"@id\":\"https:\/\/www.consolatosanmarino.uk\/en\/#website\"},\"datePublished\":\"2020-09-11T12:25:22+00:00\",\"dateModified\":\"2024-01-17T11:04:04+00:00\",\"breadcrumb\":{\"@id\":\"https:\/\/www.consolatosanmarino.uk\/it\/consulate\/#breadcrumb\"},\"inLanguage\":\"it-IT\",\"potentialAction\":[{\"@type\":\"ReadAction\",\"target\":[\"https:\/\/www.consolatosanmarino.uk\/it\/consulate\/\"]}]},{\"@type\":\"BreadcrumbList\",\"@id\":\"https:\/\/www.consolatosanmarino.uk\/it\/consulate\/#breadcrumb\",\"itemListElement\":[{\"@type\":\"ListItem\",\"position\":1,\"name\":\"Home\",\"item\":\"https:\/\/www.consolatosanmarino.uk\/\"},{\"@type\":\"ListItem\",\"position\":2,\"name\":\"The Consulate\"}]},{\"@type\":\"WebSite\",\"@id\":\"https:\/\/www.consolatosanmarino.uk\/en\/#website\",\"url\":\"https:\/\/www.consolatosanmarino.uk\/en\/\",\"name\":\"Consulate of San Marino to the UK\",\"description\":\"Consulate of the Republic of San Marino to the UK\",\"publisher\":{\"@id\":\"https:\/\/www.consolatosanmarino.uk\/en\/#organization\"},\"potentialAction\":[{\"@type\":\"SearchAction\",\"target\":{\"@type\":\"EntryPoint\",\"urlTemplate\":\"https:\/\/www.consolatosanmarino.uk\/en\/?s={search_term_string}\"},\"query-input\":\"required name=search_term_string\"}],\"inLanguage\":\"it-IT\"},{\"@type\":\"Organization\",\"@id\":\"https:\/\/www.consolatosanmarino.uk\/en\/#organization\",\"name\":\"Consulate of the Republic of San Marino to the UK\",\"url\":\"https:\/\/www.consolatosanmarino.uk\/en\/\",\"logo\":{\"@type\":\"ImageObject\",\"inLanguage\":\"it-IT\",\"@id\":\"https:\/\/www.consolatosanmarino.uk\/en\/#\/schema\/logo\/image\/\",\"url\":\"https:\/\/www.consolatosanmarino.uk\/wp-content\/uploads\/sites\/16\/2019\/11\/San-Marino-logo-2019-400x400-v01.jpg\",\"contentUrl\":\"https:\/\/www.consolatosanmarino.uk\/wp-content\/uploads\/sites\/16\/2019\/11\/San-Marino-logo-2019-400x400-v01.jpg\",\"width\":400,\"height\":400,\"caption\":\"Consulate of the Republic of San Marino to the UK\"},\"image\":{\"@id\":\"https:\/\/www.consolatosanmarino.uk\/en\/#\/schema\/logo\/image\/\"},\"sameAs\":[\"https:\/\/www.facebook.com\/ConsolatoRsmUK\/\",\"https:\/\/twitter.com\/consolatorsmuk\",\"https:\/\/www.linkedin.com\/company\/consolatorsmuk\/\",\"https:\/\/www.instagram.com\/consolatorsmuk\/\"]}]}<\/script>\n<!-- \/ Yoast SEO plugin. -->","yoast_head_json":{"title":"The Consulate - Consulate of San Marino to the UK","robots":{"index":"index","follow":"follow","max-snippet":"max-snippet:-1","max-image-preview":"max-image-preview:large","max-video-preview":"max-video-preview:-1"},"canonical":"https:\/\/www.consolatosanmarino.uk\/it\/consulate\/","og_locale":"it_IT","og_type":"article","og_title":"The Consulate - Consulate of San Marino to the UK","og_description":"I would like to cordially thank you all for visiting this website of the Consulate of the Republic of San Marino to the United Kindom of Great Britain and Northern ... Leggi tutto","og_url":"https:\/\/www.consolatosanmarino.uk\/it\/consulate\/","og_site_name":"Consulate of San Marino to the UK","article_publisher":"https:\/\/www.facebook.com\/ConsolatoRsmUK\/","article_modified_time":"2024-01-17T11:04:04+00:00","og_image":[{"width":1280,"height":451,"url":"https:\/\/www.consolatosanmarino.uk\/wp-content\/uploads\/sites\/16\/2020\/10\/Consolato-di-San-Marino-presso-il-Regno-Unito-1280x-132796360.jpg","type":"image\/jpeg"}],"twitter_card":"summary_large_image","twitter_site":"@consolatorsmuk","twitter_misc":{"Tempo di lettura stimato":"1 minuto"},"schema":{"@context":"https:\/\/schema.org","@graph":[{"@type":"WebPage","@id":"https:\/\/www.consolatosanmarino.uk\/it\/consulate\/","url":"https:\/\/www.consolatosanmarino.uk\/it\/consulate\/","name":"The Consulate - Consulate of San Marino to the UK","isPartOf":{"@id":"https:\/\/www.consolatosanmarino.uk\/en\/#website"},"datePublished":"2020-09-11T12:25:22+00:00","dateModified":"2024-01-17T11:04:04+00:00","breadcrumb":{"@id":"https:\/\/www.consolatosanmarino.uk\/it\/consulate\/#breadcrumb"},"inLanguage":"it-IT","potentialAction":[{"@type":"ReadAction","target":["https:\/\/www.consolatosanmarino.uk\/it\/consulate\/"]}]},{"@type":"BreadcrumbList","@id":"https:\/\/www.consolatosanmarino.uk\/it\/consulate\/#breadcrumb","itemListElement":[{"@type":"ListItem","position":1,"name":"Home","item":"https:\/\/www.consolatosanmarino.uk\/"},{"@type":"ListItem","position":2,"name":"The Consulate"}]},{"@type":"WebSite","@id":"https:\/\/www.consolatosanmarino.uk\/en\/#website","url":"https:\/\/www.consolatosanmarino.uk\/en\/","name":"Consulate of San Marino to the UK","description":"Consulate of the Republic of San Marino to the UK","publisher":{"@id":"https:\/\/www.consolatosanmarino.uk\/en\/#organization"},"potentialAction":[{"@type":"SearchAction","target":{"@type":"EntryPoint","urlTemplate":"https:\/\/www.consolatosanmarino.uk\/en\/?s={search_term_string}"},"query-input":"required name=search_term_string"}],"inLanguage":"it-IT"},{"@type":"Organization","@id":"https:\/\/www.consolatosanmarino.uk\/en\/#organization","name":"Consulate of the Republic of San Marino to the UK","url":"https:\/\/www.consolatosanmarino.uk\/en\/","logo":{"@type":"ImageObject","inLanguage":"it-IT","@id":"https:\/\/www.consolatosanmarino.uk\/en\/#\/schema\/logo\/image\/","url":"https:\/\/www.consolatosanmarino.uk\/wp-content\/uploads\/sites\/16\/2019\/11\/San-Marino-logo-2019-400x400-v01.jpg","contentUrl":"https:\/\/www.consolatosanmarino.uk\/wp-content\/uploads\/sites\/16\/2019\/11\/San-Marino-logo-2019-400x400-v01.jpg","width":400,"height":400,"caption":"Consulate of the Republic of San Marino to the UK"},"image":{"@id":"https:\/\/www.consolatosanmarino.uk\/en\/#\/schema\/logo\/image\/"},"sameAs":["https:\/\/www.facebook.com\/ConsolatoRsmUK\/","https:\/\/twitter.com\/consolatorsmuk","https:\/\/www.linkedin.com\/company\/consolatorsmuk\/","https:\/\/www.instagram.com\/consolatorsmuk\/"]}]}},"_links":{"self":[{"href":"https:\/\/www.consolatosanmarino.uk\/it\/wp-json\/wp\/v2\/pages\/2","targetHints":{"allow":["GET"]}}],"collection":[{"href":"https:\/\/www.consolatosanmarino.uk\/it\/wp-json\/wp\/v2\/pages"}],"about":[{"href":"https:\/\/www.consolatosanmarino.uk\/it\/wp-json\/wp\/v2\/types\/page"}],"author":[{"embeddable":true,"href":"https:\/\/www.consolatosanmarino.uk\/it\/wp-json\/wp\/v2\/users\/2"}],"replies":[{"embeddable":true,"href":"https:\/\/www.consolatosanmarino.uk\/it\/wp-json\/wp\/v2\/comments?post=2"}],"version-history":[{"count":8,"href":"https:\/\/www.consolatosanmarino.uk\/it\/wp-json\/wp\/v2\/pages\/2\/revisions"}],"predecessor-version":[{"id":428,"href":"https:\/\/www.consolatosanmarino.uk\/it\/wp-json\/wp\/v2\/pages\/2\/revisions\/428"}],"wp:featuredmedia":[{"embeddable":true,"href":"https:\/\/www.consolatosanmarino.uk\/it\/wp-json\/wp\/v2\/media\/349"}],"wp:attachment":[{"href":"https:\/\/www.consolatosanmarino.uk\/it\/wp-json\/wp\/v2\/media?parent=2"}],"curies":[{"name":"wp","href":"https:\/\/api.w.org\/{rel}","templated":true}]}}