{"id":1620,"date":"2021-10-26T15:25:36","date_gmt":"2021-10-26T14:25:36","guid":{"rendered":"https:\/\/www.consolatosanmarino.uk\/?page_id=1620"},"modified":"2022-11-07T16:22:09","modified_gmt":"2022-11-07T16:22:09","slug":"establishment-of-the-appg-on-san-marino","status":"publish","type":"page","link":"https:\/\/www.consolatosanmarino.uk\/it\/establishment-of-the-appg-on-san-marino\/","title":{"rendered":"Costituzione dell'APPG di San Marino"},"content":{"rendered":"<p id=\"block-b3ce7063-9d9c-4a86-8a58-a49cfa1c91b5\">Il 1\u00b0 luglio 2020 si \u00e8 tenuta a Londra la riunione inaugurale dell'All-Party Parliamentary Group (APPG) su San Marino. A causa delle restrizioni di Covid-19, l'incontro si \u00e8 svolto tramite Zoom e ha beneficiato della partecipazione di 16 membri di entrambe le Camere Parlamentari ed \u00e8 stato moderato dal deputato Andrew Rosindell.<\/p>\n\n\n\n<p id=\"block-5e227eee-585e-4c15-95dd-2d66834d146d\">Nel suddetto incontro, il Dott. Maurizio Bragagni, Console Onorario di San Marino nel Regno Unito, ha informato i partecipanti sullo stato delle relazioni bilaterali tra il Regno Unito e San Marino. Ha sottolineato l'importanza di creare a Westminster per la prima volta in assoluto l'APPG, che \u00e8 un evento straordinario nella lunga storia delle relazioni bilaterali tra due stati sovrani unici che hanno molto in comune e condividono i valori della democrazia e della globalizzazione.<\/p>\n\n\n\n<p id=\"block-a757f356-6858-4191-b2bd-9a6a424de18f\">Dopo aver brevemente accennato ad alcuni importanti fatti storici e socio-economici di San Marino, il dottor Bragagni ha concluso affermando che l'APPG su San Marino \u00e8 il primo passo per stringere una nobile alleanza tra i due Paesi e contribuir\u00e0 a dare impulso alle nostre relazioni bilaterali.<\/p>\n\n\n\n<p id=\"block-01ac48c8-f7ac-4d0d-a509-e42847ad1c7b\">I Lord e i Deputati hanno ringraziato il dottor Bragagni per la presentazione e sono stati impegnati in una sessione dinamica di scambio di esperienze su San Marino, sul suo ruolo nella storia mondiale e sul suo posto nella famiglia degli Stati sovrani. Hanno espresso all'unanimit\u00e0 il loro sostegno all'istituzione dell'APPG e si sono impegnati a sostenerne il funzionamento e le attivit\u00e0.<\/p>\n\n\n\n<p id=\"block-7c3bbab2-441d-4dc4-86a7-3574c14ecfde\">Dopo le discussioni, si \u00e8 proceduto all'elezione dei dirigenti dell'APPG di San Marino. Il Deputato Andrew Rosindell \u00e8 stato eletto Chairman, mentre il Deputato Sir George Howarth \u00e8 stato eletto presidente e il Deputato Henry Smith Segretario del gruppo. Inoltre, sono stati eletti 11 vicepresidenti del gruppo. L'APPG di San Marino beneficia dell'adesione di Lords e MP di un ampio spettro di partiti politici britannici.<\/p>\n\n\n\n<p id=\"block-8c892a2b-d9bd-491b-86c2-61c09dbc3302\">Il neoeletto Presidente Rosindell ha espresso la sua gratitudine ai membri per la loro fiducia e il suo impegno a lavorare attivamente con i parlamentari per promuovere le relazioni diplomatiche ed economiche tra i due paesi.<\/p>\n\n\n\n<figure class=\"wp-block-image size-large\"><img loading=\"lazy\" decoding=\"async\" width=\"1024\" height=\"523\" src=\"https:\/\/www.consolatosanmarino.uk\/wp-content\/uploads\/sites\/16\/2021\/03\/WhatsApp-Image-2021-02-25-at-14.40.30-1024x523.jpeg\" alt=\"\" class=\"wp-image-1214\" srcset=\"https:\/\/www.consolatosanmarino.uk\/wp-content\/uploads\/sites\/16\/2021\/03\/WhatsApp-Image-2021-02-25-at-14.40.30-1024x523.jpeg 1024w, https:\/\/www.consolatosanmarino.uk\/wp-content\/uploads\/sites\/16\/2021\/03\/WhatsApp-Image-2021-02-25-at-14.40.30-300x153.jpeg 300w, https:\/\/www.consolatosanmarino.uk\/wp-content\/uploads\/sites\/16\/2021\/03\/WhatsApp-Image-2021-02-25-at-14.40.30-768x392.jpeg 768w, https:\/\/www.consolatosanmarino.uk\/wp-content\/uploads\/sites\/16\/2021\/03\/WhatsApp-Image-2021-02-25-at-14.40.30-1536x784.jpeg 1536w, https:\/\/www.consolatosanmarino.uk\/wp-content\/uploads\/sites\/16\/2021\/03\/WhatsApp-Image-2021-02-25-at-14.40.30-16x8.jpeg 16w, https:\/\/www.consolatosanmarino.uk\/wp-content\/uploads\/sites\/16\/2021\/03\/WhatsApp-Image-2021-02-25-at-14.40.30.jpeg 1600w\" sizes=\"auto, (max-width: 1024px) 100vw, 1024px\" \/><\/figure>\n\n\n\n<p><\/p>","protected":false},"excerpt":{"rendered":"<p>On July 1st, 2020, in London was held the inaugural meeting of the All-Party Parliamentary Group (APPG) on San Marino. Due to Covid-19 restrictions, the meeting took place via zoom &#8230; <\/p>\n<p class=\"read-more-container\"><a title=\"Costituzione dell&#039;APPG di San Marino\" class=\"read-more button\" href=\"https:\/\/www.consolatosanmarino.uk\/it\/establishment-of-the-appg-on-san-marino\/#more-1620\" aria-label=\"More on Establishment of the APPG on San Marino\">Leggi tutto<\/a><\/p>","protected":false},"author":23,"featured_media":1621,"parent":0,"menu_order":0,"comment_status":"closed","ping_status":"closed","template":"","meta":{"footnotes":""},"class_list":["post-1620","page","type-page","status-publish","has-post-thumbnail"],"yoast_head":"<!-- This site is optimized with the Yoast SEO plugin v20.3 - https:\/\/yoast.com\/wordpress\/plugins\/seo\/ -->\n<title>Establishment of the APPG on San Marino - Consulate of San Marino to the UK<\/title>\n<meta name=\"robots\" content=\"index, follow, max-snippet:-1, max-image-preview:large, max-video-preview:-1\" \/>\n<link rel=\"canonical\" href=\"https:\/\/www.consolatosanmarino.uk\/it\/establishment-of-the-appg-on-san-marino\/\" \/>\n<meta property=\"og:locale\" content=\"it_IT\" \/>\n<meta property=\"og:type\" content=\"article\" \/>\n<meta property=\"og:title\" content=\"Establishment of the APPG on San Marino - Consulate of San Marino to the UK\" \/>\n<meta property=\"og:description\" content=\"On July 1st, 2020, in London was held the inaugural meeting of the All-Party Parliamentary Group (APPG) on San Marino. Due to Covid-19 restrictions, the meeting took place via zoom ... Leggi tutto\" \/>\n<meta property=\"og:url\" content=\"https:\/\/www.consolatosanmarino.uk\/it\/establishment-of-the-appg-on-san-marino\/\" \/>\n<meta property=\"og:site_name\" content=\"Consulate of San Marino to the UK\" \/>\n<meta property=\"article:publisher\" content=\"https:\/\/www.facebook.com\/ConsolatoRsmUK\/\" \/>\n<meta property=\"article:modified_time\" content=\"2022-11-07T16:22:09+00:00\" \/>\n<meta property=\"og:image\" content=\"https:\/\/www.consolatosanmarino.uk\/wp-content\/uploads\/sites\/16\/2021\/10\/Inagural-APPG-meeting.jpeg\" \/>\n\t<meta property=\"og:image:width\" content=\"1600\" \/>\n\t<meta property=\"og:image:height\" content=\"1060\" \/>\n\t<meta property=\"og:image:type\" content=\"image\/jpeg\" \/>\n<meta name=\"twitter:card\" content=\"summary_large_image\" \/>\n<meta name=\"twitter:site\" content=\"@consolatorsmuk\" \/>\n<meta name=\"twitter:label1\" content=\"Tempo di lettura stimato\" \/>\n\t<meta name=\"twitter:data1\" content=\"2 minuti\" \/>\n<script type=\"application\/ld+json\" class=\"yoast-schema-graph\">{\"@context\":\"https:\/\/schema.org\",\"@graph\":[{\"@type\":\"WebPage\",\"@id\":\"https:\/\/www.consolatosanmarino.uk\/it\/establishment-of-the-appg-on-san-marino\/\",\"url\":\"https:\/\/www.consolatosanmarino.uk\/it\/establishment-of-the-appg-on-san-marino\/\",\"name\":\"Establishment of the APPG on San Marino - Consulate of San Marino to the UK\",\"isPartOf\":{\"@id\":\"https:\/\/www.consolatosanmarino.uk\/en\/#website\"},\"datePublished\":\"2021-10-26T14:25:36+00:00\",\"dateModified\":\"2022-11-07T16:22:09+00:00\",\"breadcrumb\":{\"@id\":\"https:\/\/www.consolatosanmarino.uk\/it\/establishment-of-the-appg-on-san-marino\/#breadcrumb\"},\"inLanguage\":\"it-IT\",\"potentialAction\":[{\"@type\":\"ReadAction\",\"target\":[\"https:\/\/www.consolatosanmarino.uk\/it\/establishment-of-the-appg-on-san-marino\/\"]}]},{\"@type\":\"BreadcrumbList\",\"@id\":\"https:\/\/www.consolatosanmarino.uk\/it\/establishment-of-the-appg-on-san-marino\/#breadcrumb\",\"itemListElement\":[{\"@type\":\"ListItem\",\"position\":1,\"name\":\"Home\",\"item\":\"https:\/\/www.consolatosanmarino.uk\/\"},{\"@type\":\"ListItem\",\"position\":2,\"name\":\"Establishment of the APPG on San Marino\"}]},{\"@type\":\"WebSite\",\"@id\":\"https:\/\/www.consolatosanmarino.uk\/en\/#website\",\"url\":\"https:\/\/www.consolatosanmarino.uk\/en\/\",\"name\":\"Consulate of San Marino to the UK\",\"description\":\"Consulate of the Republic of San Marino to the UK\",\"publisher\":{\"@id\":\"https:\/\/www.consolatosanmarino.uk\/en\/#organization\"},\"potentialAction\":[{\"@type\":\"SearchAction\",\"target\":{\"@type\":\"EntryPoint\",\"urlTemplate\":\"https:\/\/www.consolatosanmarino.uk\/en\/?s={search_term_string}\"},\"query-input\":\"required name=search_term_string\"}],\"inLanguage\":\"it-IT\"},{\"@type\":\"Organization\",\"@id\":\"https:\/\/www.consolatosanmarino.uk\/en\/#organization\",\"name\":\"Consulate of the Republic of San Marino to the UK\",\"url\":\"https:\/\/www.consolatosanmarino.uk\/en\/\",\"logo\":{\"@type\":\"ImageObject\",\"inLanguage\":\"it-IT\",\"@id\":\"https:\/\/www.consolatosanmarino.uk\/en\/#\/schema\/logo\/image\/\",\"url\":\"https:\/\/www.consolatosanmarino.uk\/wp-content\/uploads\/sites\/16\/2019\/11\/San-Marino-logo-2019-400x400-v01.jpg\",\"contentUrl\":\"https:\/\/www.consolatosanmarino.uk\/wp-content\/uploads\/sites\/16\/2019\/11\/San-Marino-logo-2019-400x400-v01.jpg\",\"width\":400,\"height\":400,\"caption\":\"Consulate of the Republic of San Marino to the UK\"},\"image\":{\"@id\":\"https:\/\/www.consolatosanmarino.uk\/en\/#\/schema\/logo\/image\/\"},\"sameAs\":[\"https:\/\/www.facebook.com\/ConsolatoRsmUK\/\",\"https:\/\/twitter.com\/consolatorsmuk\",\"https:\/\/www.linkedin.com\/company\/consolatorsmuk\/\",\"https:\/\/www.instagram.com\/consolatorsmuk\/\"]}]}<\/script>\n<!-- \/ Yoast SEO plugin. -->","yoast_head_json":{"title":"Establishment of the APPG on San Marino - Consulate of San Marino to the UK","robots":{"index":"index","follow":"follow","max-snippet":"max-snippet:-1","max-image-preview":"max-image-preview:large","max-video-preview":"max-video-preview:-1"},"canonical":"https:\/\/www.consolatosanmarino.uk\/it\/establishment-of-the-appg-on-san-marino\/","og_locale":"it_IT","og_type":"article","og_title":"Establishment of the APPG on San Marino - Consulate of San Marino to the UK","og_description":"On July 1st, 2020, in London was held the inaugural meeting of the All-Party Parliamentary Group (APPG) on San Marino. Due to Covid-19 restrictions, the meeting took place via zoom ... Leggi tutto","og_url":"https:\/\/www.consolatosanmarino.uk\/it\/establishment-of-the-appg-on-san-marino\/","og_site_name":"Consulate of San Marino to the UK","article_publisher":"https:\/\/www.facebook.com\/ConsolatoRsmUK\/","article_modified_time":"2022-11-07T16:22:09+00:00","og_image":[{"width":1600,"height":1060,"url":"https:\/\/www.consolatosanmarino.uk\/wp-content\/uploads\/sites\/16\/2021\/10\/Inagural-APPG-meeting.jpeg","type":"image\/jpeg"}],"twitter_card":"summary_large_image","twitter_site":"@consolatorsmuk","twitter_misc":{"Tempo di lettura stimato":"2 minuti"},"schema":{"@context":"https:\/\/schema.org","@graph":[{"@type":"WebPage","@id":"https:\/\/www.consolatosanmarino.uk\/it\/establishment-of-the-appg-on-san-marino\/","url":"https:\/\/www.consolatosanmarino.uk\/it\/establishment-of-the-appg-on-san-marino\/","name":"Establishment of the APPG on San Marino - Consulate of San Marino to the UK","isPartOf":{"@id":"https:\/\/www.consolatosanmarino.uk\/en\/#website"},"datePublished":"2021-10-26T14:25:36+00:00","dateModified":"2022-11-07T16:22:09+00:00","breadcrumb":{"@id":"https:\/\/www.consolatosanmarino.uk\/it\/establishment-of-the-appg-on-san-marino\/#breadcrumb"},"inLanguage":"it-IT","potentialAction":[{"@type":"ReadAction","target":["https:\/\/www.consolatosanmarino.uk\/it\/establishment-of-the-appg-on-san-marino\/"]}]},{"@type":"BreadcrumbList","@id":"https:\/\/www.consolatosanmarino.uk\/it\/establishment-of-the-appg-on-san-marino\/#breadcrumb","itemListElement":[{"@type":"ListItem","position":1,"name":"Home","item":"https:\/\/www.consolatosanmarino.uk\/"},{"@type":"ListItem","position":2,"name":"Establishment of the APPG on San Marino"}]},{"@type":"WebSite","@id":"https:\/\/www.consolatosanmarino.uk\/en\/#website","url":"https:\/\/www.consolatosanmarino.uk\/en\/","name":"Consulate of San Marino to the UK","description":"Consulate of the Republic of San Marino to the UK","publisher":{"@id":"https:\/\/www.consolatosanmarino.uk\/en\/#organization"},"potentialAction":[{"@type":"SearchAction","target":{"@type":"EntryPoint","urlTemplate":"https:\/\/www.consolatosanmarino.uk\/en\/?s={search_term_string}"},"query-input":"required name=search_term_string"}],"inLanguage":"it-IT"},{"@type":"Organization","@id":"https:\/\/www.consolatosanmarino.uk\/en\/#organization","name":"Consulate of the Republic of San Marino to the UK","url":"https:\/\/www.consolatosanmarino.uk\/en\/","logo":{"@type":"ImageObject","inLanguage":"it-IT","@id":"https:\/\/www.consolatosanmarino.uk\/en\/#\/schema\/logo\/image\/","url":"https:\/\/www.consolatosanmarino.uk\/wp-content\/uploads\/sites\/16\/2019\/11\/San-Marino-logo-2019-400x400-v01.jpg","contentUrl":"https:\/\/www.consolatosanmarino.uk\/wp-content\/uploads\/sites\/16\/2019\/11\/San-Marino-logo-2019-400x400-v01.jpg","width":400,"height":400,"caption":"Consulate of the Republic of San Marino to the UK"},"image":{"@id":"https:\/\/www.consolatosanmarino.uk\/en\/#\/schema\/logo\/image\/"},"sameAs":["https:\/\/www.facebook.com\/ConsolatoRsmUK\/","https:\/\/twitter.com\/consolatorsmuk","https:\/\/www.linkedin.com\/company\/consolatorsmuk\/","https:\/\/www.instagram.com\/consolatorsmuk\/"]}]}},"_links":{"self":[{"href":"https:\/\/www.consolatosanmarino.uk\/it\/wp-json\/wp\/v2\/pages\/1620","targetHints":{"allow":["GET"]}}],"collection":[{"href":"https:\/\/www.consolatosanmarino.uk\/it\/wp-json\/wp\/v2\/pages"}],"about":[{"href":"https:\/\/www.consolatosanmarino.uk\/it\/wp-json\/wp\/v2\/types\/page"}],"author":[{"embeddable":true,"href":"https:\/\/www.consolatosanmarino.uk\/it\/wp-json\/wp\/v2\/users\/23"}],"replies":[{"embeddable":true,"href":"https:\/\/www.consolatosanmarino.uk\/it\/wp-json\/wp\/v2\/comments?post=1620"}],"version-history":[{"count":2,"href":"https:\/\/www.consolatosanmarino.uk\/it\/wp-json\/wp\/v2\/pages\/1620\/revisions"}],"predecessor-version":[{"id":1648,"href":"https:\/\/www.consolatosanmarino.uk\/it\/wp-json\/wp\/v2\/pages\/1620\/revisions\/1648"}],"wp:featuredmedia":[{"embeddable":true,"href":"https:\/\/www.consolatosanmarino.uk\/it\/wp-json\/wp\/v2\/media\/1621"}],"wp:attachment":[{"href":"https:\/\/www.consolatosanmarino.uk\/it\/wp-json\/wp\/v2\/media?parent=1620"}],"curies":[{"name":"wp","href":"https:\/\/api.w.org\/{rel}","templated":true}]}}