{"id":1465,"date":"2021-06-18T16:22:53","date_gmt":"2021-06-18T15:22:53","guid":{"rendered":"https:\/\/www.consolatosanmarino.uk\/?page_id=1465"},"modified":"2024-01-17T11:01:57","modified_gmt":"2024-01-17T11:01:57","slug":"a-conversation-with-the-rt-hon-sir-david-lidington-kcb-cbe","status":"publish","type":"page","link":"https:\/\/www.consolatosanmarino.uk\/it\/a-conversation-with-the-rt-hon-sir-david-lidington-kcb-cbe\/","title":{"rendered":"Una conversazione con l'Onorevole Sir David Lidington KCB CBE"},"content":{"rendered":"<p>San Marino Think Tank &amp; Esharelife Think Tank ti invitano cordialmente ad una conversazione virtuale con l'Onorevole Sir David Lidington KCB CBE, politico esperto e presidente del Royal United Services Institute (RUSI), il principale think tank britannico sulla politica di sicurezza e difesa.<\/p>\n\n\n\n<p>Questo evento stimolante sar\u00e0 dedicato alle questioni e alle sfide della promozione della democrazia e dei suoi valori nel nostro mondo contemporaneo visto attraverso le lenti della sicurezza.<\/p>\n\n\n\n<p>Questo evento gratuito sar\u00e0 organizzato mercoled\u00ec 14 luglio 2021 alle 17:00, ora del Regno Unito.<\/p>\n\n\n\n<p>Alla fine dell'evento, seguir\u00e0 un Q&amp;A e vi sar\u00e0 offerta la possibilit\u00e0 di porgli le vostre domande.<\/p>\n\n\n\n<p>Potete registrarvi su <a rel=\"noreferrer noopener\" href=\"https:\/\/www.eventbrite.com\/e\/a-conversation-with-the-rt-hon-sir-david-lidington-tickets-158724042885\" data-type=\"URL\" data-id=\"https:\/\/www.eventbrite.com\/e\/a-conversation-with-the-rt-hon-sir-david-lidington-tickets-158724042885\" target=\"_blank\">Eventbrite<\/a> per partecipare a questo evento.<\/p>\n\n\n\n<p>*Il link per la riunione su zoom sar\u00e0 inviato in seguito via e-mail da Tratos Group.<\/p>\n\n\n\n<p>Anche se questo \u00e8 un evento gratuito, se volete fare una piccola donazione per aiutare i bambini in Kenya sostenuti dalla Fondazione Esharelife, visitate\u00a0<a rel=\"noreferrer noopener\" href=\"https:\/\/donorbox.org\/esharelife-supporter\" target=\"_blank\">esharelife.org<\/a>\u00a0per effettuare la vostra donazione.<\/p>\n\n\n\n<p>Speriamo di incontrarvi presto virtualmente!<\/p>\n\n\n\n<p>Cordiali saluti,<\/p>\n\n\n\n<p>Il Think Tank di San Marino e il Think Tank di Esharelife<\/p>","protected":false},"excerpt":{"rendered":"<p>San Marino Think Tank &amp; Esharelife Think Tank cordially invite you to a virtual conversation with the Rt Hon Sir David Lidington KCB CBE, a seasoned politician and Chair of &#8230; <\/p>\n<p class=\"read-more-container\"><a title=\"Una conversazione con l&#039;Onorevole Sir David Lidington KCB CBE\" class=\"read-more button\" href=\"https:\/\/www.consolatosanmarino.uk\/it\/a-conversation-with-the-rt-hon-sir-david-lidington-kcb-cbe\/#more-1465\" aria-label=\"More on A conversation with the Rt Hon Sir David Lidington KCB CBE\">Leggi tutto<\/a><\/p>","protected":false},"author":23,"featured_media":1464,"parent":0,"menu_order":0,"comment_status":"closed","ping_status":"closed","template":"","meta":{"footnotes":""},"class_list":["post-1465","page","type-page","status-publish","has-post-thumbnail"],"yoast_head":"<!-- This site is optimized with the Yoast SEO plugin v20.3 - https:\/\/yoast.com\/wordpress\/plugins\/seo\/ -->\n<title>A conversation with the Rt Hon Sir David Lidington KCB CBE - Consulate of San Marino to the UK<\/title>\n<meta name=\"robots\" content=\"index, follow, max-snippet:-1, max-image-preview:large, max-video-preview:-1\" \/>\n<link rel=\"canonical\" href=\"https:\/\/www.consolatosanmarino.uk\/it\/a-conversation-with-the-rt-hon-sir-david-lidington-kcb-cbe\/\" \/>\n<meta property=\"og:locale\" content=\"it_IT\" \/>\n<meta property=\"og:type\" content=\"article\" \/>\n<meta property=\"og:title\" content=\"A conversation with the Rt Hon Sir David Lidington KCB CBE - Consulate of San Marino to the UK\" \/>\n<meta property=\"og:description\" content=\"San Marino Think Tank &amp; Esharelife Think Tank cordially invite you to a virtual conversation with the Rt Hon Sir David Lidington KCB CBE, a seasoned politician and Chair of ... Leggi tutto\" \/>\n<meta property=\"og:url\" content=\"https:\/\/www.consolatosanmarino.uk\/it\/a-conversation-with-the-rt-hon-sir-david-lidington-kcb-cbe\/\" \/>\n<meta property=\"og:site_name\" content=\"Consulate of San Marino to the UK\" \/>\n<meta property=\"article:publisher\" content=\"https:\/\/www.facebook.com\/ConsolatoRsmUK\/\" \/>\n<meta property=\"article:modified_time\" content=\"2024-01-17T11:01:57+00:00\" \/>\n<meta property=\"og:image\" content=\"https:\/\/www.consolatosanmarino.uk\/wp-content\/uploads\/sites\/16\/2021\/06\/2021-07-14-Webinar-Conversation-With-Rt-Hon-Sir-David-Litington.jpg\" \/>\n\t<meta property=\"og:image:width\" content=\"1280\" \/>\n\t<meta property=\"og:image:height\" content=\"720\" \/>\n\t<meta property=\"og:image:type\" content=\"image\/jpeg\" \/>\n<meta name=\"twitter:card\" content=\"summary_large_image\" \/>\n<meta name=\"twitter:site\" content=\"@consolatorsmuk\" \/>\n<meta name=\"twitter:label1\" content=\"Tempo di lettura stimato\" \/>\n\t<meta name=\"twitter:data1\" content=\"1 minuto\" \/>\n<script type=\"application\/ld+json\" class=\"yoast-schema-graph\">{\"@context\":\"https:\/\/schema.org\",\"@graph\":[{\"@type\":\"WebPage\",\"@id\":\"https:\/\/www.consolatosanmarino.uk\/it\/a-conversation-with-the-rt-hon-sir-david-lidington-kcb-cbe\/\",\"url\":\"https:\/\/www.consolatosanmarino.uk\/it\/a-conversation-with-the-rt-hon-sir-david-lidington-kcb-cbe\/\",\"name\":\"A conversation with the Rt Hon Sir David Lidington KCB CBE - Consulate of San Marino to the UK\",\"isPartOf\":{\"@id\":\"https:\/\/www.consolatosanmarino.uk\/en\/#website\"},\"datePublished\":\"2021-06-18T15:22:53+00:00\",\"dateModified\":\"2024-01-17T11:01:57+00:00\",\"breadcrumb\":{\"@id\":\"https:\/\/www.consolatosanmarino.uk\/it\/a-conversation-with-the-rt-hon-sir-david-lidington-kcb-cbe\/#breadcrumb\"},\"inLanguage\":\"it-IT\",\"potentialAction\":[{\"@type\":\"ReadAction\",\"target\":[\"https:\/\/www.consolatosanmarino.uk\/it\/a-conversation-with-the-rt-hon-sir-david-lidington-kcb-cbe\/\"]}]},{\"@type\":\"BreadcrumbList\",\"@id\":\"https:\/\/www.consolatosanmarino.uk\/it\/a-conversation-with-the-rt-hon-sir-david-lidington-kcb-cbe\/#breadcrumb\",\"itemListElement\":[{\"@type\":\"ListItem\",\"position\":1,\"name\":\"Home\",\"item\":\"https:\/\/www.consolatosanmarino.uk\/\"},{\"@type\":\"ListItem\",\"position\":2,\"name\":\"A conversation with the Rt Hon Sir David Lidington KCB CBE\"}]},{\"@type\":\"WebSite\",\"@id\":\"https:\/\/www.consolatosanmarino.uk\/en\/#website\",\"url\":\"https:\/\/www.consolatosanmarino.uk\/en\/\",\"name\":\"Consulate of San Marino to the UK\",\"description\":\"Consulate of the Republic of San Marino to the UK\",\"publisher\":{\"@id\":\"https:\/\/www.consolatosanmarino.uk\/en\/#organization\"},\"potentialAction\":[{\"@type\":\"SearchAction\",\"target\":{\"@type\":\"EntryPoint\",\"urlTemplate\":\"https:\/\/www.consolatosanmarino.uk\/en\/?s={search_term_string}\"},\"query-input\":\"required name=search_term_string\"}],\"inLanguage\":\"it-IT\"},{\"@type\":\"Organization\",\"@id\":\"https:\/\/www.consolatosanmarino.uk\/en\/#organization\",\"name\":\"Consulate of the Republic of San Marino to the UK\",\"url\":\"https:\/\/www.consolatosanmarino.uk\/en\/\",\"logo\":{\"@type\":\"ImageObject\",\"inLanguage\":\"it-IT\",\"@id\":\"https:\/\/www.consolatosanmarino.uk\/en\/#\/schema\/logo\/image\/\",\"url\":\"https:\/\/www.consolatosanmarino.uk\/wp-content\/uploads\/sites\/16\/2019\/11\/San-Marino-logo-2019-400x400-v01.jpg\",\"contentUrl\":\"https:\/\/www.consolatosanmarino.uk\/wp-content\/uploads\/sites\/16\/2019\/11\/San-Marino-logo-2019-400x400-v01.jpg\",\"width\":400,\"height\":400,\"caption\":\"Consulate of the Republic of San Marino to the UK\"},\"image\":{\"@id\":\"https:\/\/www.consolatosanmarino.uk\/en\/#\/schema\/logo\/image\/\"},\"sameAs\":[\"https:\/\/www.facebook.com\/ConsolatoRsmUK\/\",\"https:\/\/twitter.com\/consolatorsmuk\",\"https:\/\/www.linkedin.com\/company\/consolatorsmuk\/\",\"https:\/\/www.instagram.com\/consolatorsmuk\/\"]}]}<\/script>\n<!-- \/ Yoast SEO plugin. -->","yoast_head_json":{"title":"A conversation with the Rt Hon Sir David Lidington KCB CBE - Consulate of San Marino to the UK","robots":{"index":"index","follow":"follow","max-snippet":"max-snippet:-1","max-image-preview":"max-image-preview:large","max-video-preview":"max-video-preview:-1"},"canonical":"https:\/\/www.consolatosanmarino.uk\/it\/a-conversation-with-the-rt-hon-sir-david-lidington-kcb-cbe\/","og_locale":"it_IT","og_type":"article","og_title":"A conversation with the Rt Hon Sir David Lidington KCB CBE - Consulate of San Marino to the UK","og_description":"San Marino Think Tank &amp; Esharelife Think Tank cordially invite you to a virtual conversation with the Rt Hon Sir David Lidington KCB CBE, a seasoned politician and Chair of ... Leggi tutto","og_url":"https:\/\/www.consolatosanmarino.uk\/it\/a-conversation-with-the-rt-hon-sir-david-lidington-kcb-cbe\/","og_site_name":"Consulate of San Marino to the UK","article_publisher":"https:\/\/www.facebook.com\/ConsolatoRsmUK\/","article_modified_time":"2024-01-17T11:01:57+00:00","og_image":[{"width":1280,"height":720,"url":"https:\/\/www.consolatosanmarino.uk\/wp-content\/uploads\/sites\/16\/2021\/06\/2021-07-14-Webinar-Conversation-With-Rt-Hon-Sir-David-Litington.jpg","type":"image\/jpeg"}],"twitter_card":"summary_large_image","twitter_site":"@consolatorsmuk","twitter_misc":{"Tempo di lettura stimato":"1 minuto"},"schema":{"@context":"https:\/\/schema.org","@graph":[{"@type":"WebPage","@id":"https:\/\/www.consolatosanmarino.uk\/it\/a-conversation-with-the-rt-hon-sir-david-lidington-kcb-cbe\/","url":"https:\/\/www.consolatosanmarino.uk\/it\/a-conversation-with-the-rt-hon-sir-david-lidington-kcb-cbe\/","name":"A conversation with the Rt Hon Sir David Lidington KCB CBE - Consulate of San Marino to the UK","isPartOf":{"@id":"https:\/\/www.consolatosanmarino.uk\/en\/#website"},"datePublished":"2021-06-18T15:22:53+00:00","dateModified":"2024-01-17T11:01:57+00:00","breadcrumb":{"@id":"https:\/\/www.consolatosanmarino.uk\/it\/a-conversation-with-the-rt-hon-sir-david-lidington-kcb-cbe\/#breadcrumb"},"inLanguage":"it-IT","potentialAction":[{"@type":"ReadAction","target":["https:\/\/www.consolatosanmarino.uk\/it\/a-conversation-with-the-rt-hon-sir-david-lidington-kcb-cbe\/"]}]},{"@type":"BreadcrumbList","@id":"https:\/\/www.consolatosanmarino.uk\/it\/a-conversation-with-the-rt-hon-sir-david-lidington-kcb-cbe\/#breadcrumb","itemListElement":[{"@type":"ListItem","position":1,"name":"Home","item":"https:\/\/www.consolatosanmarino.uk\/"},{"@type":"ListItem","position":2,"name":"A conversation with the Rt Hon Sir David Lidington KCB CBE"}]},{"@type":"WebSite","@id":"https:\/\/www.consolatosanmarino.uk\/en\/#website","url":"https:\/\/www.consolatosanmarino.uk\/en\/","name":"Consulate of San Marino to the UK","description":"Consulate of the Republic of San Marino to the UK","publisher":{"@id":"https:\/\/www.consolatosanmarino.uk\/en\/#organization"},"potentialAction":[{"@type":"SearchAction","target":{"@type":"EntryPoint","urlTemplate":"https:\/\/www.consolatosanmarino.uk\/en\/?s={search_term_string}"},"query-input":"required name=search_term_string"}],"inLanguage":"it-IT"},{"@type":"Organization","@id":"https:\/\/www.consolatosanmarino.uk\/en\/#organization","name":"Consulate of the Republic of San Marino to the UK","url":"https:\/\/www.consolatosanmarino.uk\/en\/","logo":{"@type":"ImageObject","inLanguage":"it-IT","@id":"https:\/\/www.consolatosanmarino.uk\/en\/#\/schema\/logo\/image\/","url":"https:\/\/www.consolatosanmarino.uk\/wp-content\/uploads\/sites\/16\/2019\/11\/San-Marino-logo-2019-400x400-v01.jpg","contentUrl":"https:\/\/www.consolatosanmarino.uk\/wp-content\/uploads\/sites\/16\/2019\/11\/San-Marino-logo-2019-400x400-v01.jpg","width":400,"height":400,"caption":"Consulate of the Republic of San Marino to the UK"},"image":{"@id":"https:\/\/www.consolatosanmarino.uk\/en\/#\/schema\/logo\/image\/"},"sameAs":["https:\/\/www.facebook.com\/ConsolatoRsmUK\/","https:\/\/twitter.com\/consolatorsmuk","https:\/\/www.linkedin.com\/company\/consolatorsmuk\/","https:\/\/www.instagram.com\/consolatorsmuk\/"]}]}},"_links":{"self":[{"href":"https:\/\/www.consolatosanmarino.uk\/it\/wp-json\/wp\/v2\/pages\/1465","targetHints":{"allow":["GET"]}}],"collection":[{"href":"https:\/\/www.consolatosanmarino.uk\/it\/wp-json\/wp\/v2\/pages"}],"about":[{"href":"https:\/\/www.consolatosanmarino.uk\/it\/wp-json\/wp\/v2\/types\/page"}],"author":[{"embeddable":true,"href":"https:\/\/www.consolatosanmarino.uk\/it\/wp-json\/wp\/v2\/users\/23"}],"replies":[{"embeddable":true,"href":"https:\/\/www.consolatosanmarino.uk\/it\/wp-json\/wp\/v2\/comments?post=1465"}],"version-history":[{"count":5,"href":"https:\/\/www.consolatosanmarino.uk\/it\/wp-json\/wp\/v2\/pages\/1465\/revisions"}],"predecessor-version":[{"id":1473,"href":"https:\/\/www.consolatosanmarino.uk\/it\/wp-json\/wp\/v2\/pages\/1465\/revisions\/1473"}],"wp:featuredmedia":[{"embeddable":true,"href":"https:\/\/www.consolatosanmarino.uk\/it\/wp-json\/wp\/v2\/media\/1464"}],"wp:attachment":[{"href":"https:\/\/www.consolatosanmarino.uk\/it\/wp-json\/wp\/v2\/media?parent=1465"}],"curies":[{"name":"wp","href":"https:\/\/api.w.org\/{rel}","templated":true}]}}