{"id":1351,"date":"2021-04-21T15:20:26","date_gmt":"2021-04-21T14:20:26","guid":{"rendered":"https:\/\/www.consolatosanmarino.uk\/?page_id=1351"},"modified":"2022-11-07T16:22:07","modified_gmt":"2022-11-07T16:22:07","slug":"electrification-of-the-economy-a-challenge-for-post-covid-19-recovery","status":"publish","type":"page","link":"https:\/\/www.consolatosanmarino.uk\/it\/electrification-of-the-economy-a-challenge-for-post-covid-19-recovery\/","title":{"rendered":"Elettrificazione dell'economia: Una sfida per la ripresa post-covid-19"},"content":{"rendered":"<p><\/p>\n\n\n\n<p>San Marino Think Tank ha organizzato un webinar con il Dott. Guillermo Amann, il quale ha preparato una presentazione su \u201cL'elettrificazione dell\u2019economia, una sfida per la ripresa post-Covid\u201d.<\/p>\n\n\n\n<p>Il Dott <a href=\"https:\/\/www.linkedin.com\/in\/ACoAAAEesX4B42M24t6njqA6Ptzp-acKqwIgs7c\">Guillermo Amann<\/a> ha conseguito un dottorato di ricerca in ingegneria elettrica, ed attualmente ricopre il ruole di Consigliere Senior del Presidente di Ormazabal - un\u2019azienda del Gruppo Velatia specializzata in sistemi di prodotti a media tensione che copre una vasta gamma di prodotti, soluzioni e servizi per le reti di distribuzione dell\u2019elettricit\u00e0. Inoltre, \u00e8 presidente dell\u2019Associazione spagnola dei produttori di apparecchiature elettriche (AFBEL) e vicepresidente e membro del comitato esecutivo dell\u2019Associazione europea del settore della trasmissione e distribuzione dell\u2019elettricit\u00e0 e delle apparecchiature e servizi (T&amp;D EUROPE) con sede a Bruxelles.<\/p>\n\n\n\n<p>Il Dott. Amann ha iniziato la sua presentazione con una panoramica storica sul processo di elettrificazione e ha presentato ai partecipanti i due padri fondatori dell\u2019ingegneria elettrica: Nikola Tesla e Thomas Edison, che hanno rispettivamente contribuito allo sviluppo dei sistemi elettrici a corrente alternata e a corrente continua.<\/p>\n\n\n\n<p>In seguito, il Dott. Amann ha elaborato 3 processi principali di elettrificazione: generazione, trasmissione e distribuzione, e consumo. Per quanto riguarda la generazione, stiamo affrontando un passaggio dalle fonti convenzionali a quelle rinnovabili. Le centrali nucleari, a petrolio, a bobina e a gas vengono gradualmente sostituite da fonti rinnovabili come le centrali idriche, solari ed eoliche. Per quanto riguarda la trasmissione dell\u2019energia, ha affermato che oggi abbiamo tecnologie e materiali migliori rispetto al passato. Questo permette di ridurre fortemente la dispersione di energia lungo le linee di distribuzione. La nuova frontiera in questo campo \u00e8 rappresentata dalla automatizzazione e dal coinvolgimento dell\u2019informatica negli impianti.<\/p>\n\n\n\n<p>Una parte centrale della presentazione del Dott. Amann \u00e8 stata dedicata al nuovo concetto di rete elettrica. Egli ha sottolineato il fatto che mentre in passato vi era un sistema centralizzato che coinvolgeva un unico sito di produzione di energia e una pluralit\u00e0 di utenti diversi, oggi ci troviamo di fronte ad una situazione in cui sempre pi\u00f9 consumatori stanno diventando \u201cprosumers\u201d. Ci\u00f2 significa che molti utenti non si limitano pi\u00f9 a consumare energia, ma sono in grado di diventare essi stessi, per esempio installando pannelli solari, produttori di energia. Questo approccio moderno \u00e8 caratterizzato dal trinomio decarbonizzazione, digitalizzazione e decentralizzazione. Pi\u00f9 la produzione \u00e8 vicina al consumatore, pi\u00f9 il sistema \u00e8 efficiente. Questo implica diverse questioni tecniche e richiede l\u2019implementazione di nuove tecnologie come i cosiddetti \u201ctrasformatori intelligenti\u201d.<\/p>\n\n\n\n<p>Per quanto riguarda i produttori dell\u2019UE che operano nel settore dell\u2019elettricit\u00e0, ha condiviso l\u2019opinione che essi hanno tecnologie di alta qualit\u00e0, competenze e know-how che sicuramente rappresentano una risorsa fondamentale ed una grande opportunit\u00e0 per fare un grande passo avanti a sostegno dello sviluppo sostenibile. Queste tecnologie non saranno applicate solo nell\u2019UE, ma anche negli USA e nella maggior parte delle economie avanzate. Questa \u00e8 una buona notizia per i produttori dell\u2019UE che saranno in grado di aumentare la produzione creando nuovi posti di lavoro resilienti.<\/p>\n\n\n\n<p>Dopo l\u2019interessante presentazione, ha avuto luogo un vivace Q &amp; A, dove diversi partecipanti hanno posto le loro domande sull\u2019argomento. Il Dott. Amann ha condiviso la sua vasta esperienza rispondendo alle domande sul ruolo politico nella gestione di questa transizione verso una nuova elettrificazione dell\u2019economia; le tecniche di stoccaggio dell\u2019energia, il ruolo e le capacit\u00e0 delle reti elettriche esistenti per raggiungere emissioni nette pari a zero; la scarsit\u00e0 di materie prime chiave per il settore come il rame, ecc. Alla fine della sessione di Q &amp; A, il Dott. Amann, in risposta ad una domanda sull\u2019uso sostenibile dell\u2019elettricit\u00e0, per esempio nell\u2019estrazione dei bitcoin, ha espresso la sua preoccupazione sulla necessit\u00e0 di un uso pi\u00f9 efficiente dell\u2019elettricit\u00e0, e che l\u2019innovazione nel settore dell\u2019elettricit\u00e0 dovrebbe essere guidata da ragioni reali ed autentiche.<\/p>","protected":false},"excerpt":{"rendered":"<p>On 28 April 2021 San Marino Think Tank in close collaboration with Esharelife Think Tank organised a webinar with Dr Guillermo Ammann, who made a presentation about \u2018Electrification of the &#8230; <\/p>\n<p class=\"read-more-container\"><a title=\"Elettrificazione dell&#039;economia: Una sfida per la ripresa post-covid-19\" class=\"read-more button\" href=\"https:\/\/www.consolatosanmarino.uk\/it\/electrification-of-the-economy-a-challenge-for-post-covid-19-recovery\/#more-1351\" aria-label=\"More on Electrification of the economy: A Challenge for post-covid-19 recovery\">Leggi tutto<\/a><\/p>","protected":false},"author":23,"featured_media":1333,"parent":0,"menu_order":0,"comment_status":"closed","ping_status":"closed","template":"","meta":{"footnotes":""},"class_list":["post-1351","page","type-page","status-publish","has-post-thumbnail"],"yoast_head":"<!-- This site is optimized with the Yoast SEO plugin v20.3 - https:\/\/yoast.com\/wordpress\/plugins\/seo\/ -->\n<title>Electrification of the economy: A Challenge for post-covid-19 recovery - Consulate of San Marino to the UK<\/title>\n<meta name=\"robots\" content=\"index, follow, max-snippet:-1, max-image-preview:large, max-video-preview:-1\" \/>\n<link rel=\"canonical\" href=\"https:\/\/www.consolatosanmarino.uk\/it\/electrification-of-the-economy-a-challenge-for-post-covid-19-recovery\/\" \/>\n<meta property=\"og:locale\" content=\"it_IT\" \/>\n<meta property=\"og:type\" content=\"article\" \/>\n<meta property=\"og:title\" content=\"Electrification of the economy: A Challenge for post-covid-19 recovery - Consulate of San Marino to the UK\" \/>\n<meta property=\"og:description\" content=\"On 28 April 2021 San Marino Think Tank in close collaboration with Esharelife Think Tank organised a webinar with Dr Guillermo Ammann, who made a presentation about \u2018Electrification of the ... Leggi tutto\" \/>\n<meta property=\"og:url\" content=\"https:\/\/www.consolatosanmarino.uk\/it\/electrification-of-the-economy-a-challenge-for-post-covid-19-recovery\/\" \/>\n<meta property=\"og:site_name\" content=\"Consulate of San Marino to the UK\" \/>\n<meta property=\"article:publisher\" content=\"https:\/\/www.facebook.com\/ConsolatoRsmUK\/\" \/>\n<meta property=\"article:modified_time\" content=\"2022-11-07T16:22:07+00:00\" \/>\n<meta property=\"og:image\" content=\"https:\/\/www.consolatosanmarino.uk\/wp-content\/uploads\/sites\/16\/2021\/04\/Webinar-Amann.jpg\" \/>\n\t<meta property=\"og:image:width\" content=\"800\" \/>\n\t<meta property=\"og:image:height\" content=\"400\" \/>\n\t<meta property=\"og:image:type\" content=\"image\/jpeg\" \/>\n<meta name=\"twitter:card\" content=\"summary_large_image\" \/>\n<meta name=\"twitter:site\" content=\"@consolatorsmuk\" \/>\n<meta name=\"twitter:label1\" content=\"Tempo di lettura stimato\" \/>\n\t<meta name=\"twitter:data1\" content=\"3 minuti\" \/>\n<script type=\"application\/ld+json\" class=\"yoast-schema-graph\">{\"@context\":\"https:\/\/schema.org\",\"@graph\":[{\"@type\":\"WebPage\",\"@id\":\"https:\/\/www.consolatosanmarino.uk\/it\/electrification-of-the-economy-a-challenge-for-post-covid-19-recovery\/\",\"url\":\"https:\/\/www.consolatosanmarino.uk\/it\/electrification-of-the-economy-a-challenge-for-post-covid-19-recovery\/\",\"name\":\"Electrification of the economy: A Challenge for post-covid-19 recovery - Consulate of San Marino to the UK\",\"isPartOf\":{\"@id\":\"https:\/\/www.consolatosanmarino.uk\/en\/#website\"},\"datePublished\":\"2021-04-21T14:20:26+00:00\",\"dateModified\":\"2022-11-07T16:22:07+00:00\",\"breadcrumb\":{\"@id\":\"https:\/\/www.consolatosanmarino.uk\/it\/electrification-of-the-economy-a-challenge-for-post-covid-19-recovery\/#breadcrumb\"},\"inLanguage\":\"it-IT\",\"potentialAction\":[{\"@type\":\"ReadAction\",\"target\":[\"https:\/\/www.consolatosanmarino.uk\/it\/electrification-of-the-economy-a-challenge-for-post-covid-19-recovery\/\"]}]},{\"@type\":\"BreadcrumbList\",\"@id\":\"https:\/\/www.consolatosanmarino.uk\/it\/electrification-of-the-economy-a-challenge-for-post-covid-19-recovery\/#breadcrumb\",\"itemListElement\":[{\"@type\":\"ListItem\",\"position\":1,\"name\":\"Home\",\"item\":\"https:\/\/www.consolatosanmarino.uk\/\"},{\"@type\":\"ListItem\",\"position\":2,\"name\":\"Electrification of the economy: A Challenge for post-covid-19 recovery\"}]},{\"@type\":\"WebSite\",\"@id\":\"https:\/\/www.consolatosanmarino.uk\/en\/#website\",\"url\":\"https:\/\/www.consolatosanmarino.uk\/en\/\",\"name\":\"Consulate of San Marino to the UK\",\"description\":\"Consulate of the Republic of San Marino to the UK\",\"publisher\":{\"@id\":\"https:\/\/www.consolatosanmarino.uk\/en\/#organization\"},\"potentialAction\":[{\"@type\":\"SearchAction\",\"target\":{\"@type\":\"EntryPoint\",\"urlTemplate\":\"https:\/\/www.consolatosanmarino.uk\/en\/?s={search_term_string}\"},\"query-input\":\"required name=search_term_string\"}],\"inLanguage\":\"it-IT\"},{\"@type\":\"Organization\",\"@id\":\"https:\/\/www.consolatosanmarino.uk\/en\/#organization\",\"name\":\"Consulate of the Republic of San Marino to the UK\",\"url\":\"https:\/\/www.consolatosanmarino.uk\/en\/\",\"logo\":{\"@type\":\"ImageObject\",\"inLanguage\":\"it-IT\",\"@id\":\"https:\/\/www.consolatosanmarino.uk\/en\/#\/schema\/logo\/image\/\",\"url\":\"https:\/\/www.consolatosanmarino.uk\/wp-content\/uploads\/sites\/16\/2019\/11\/San-Marino-logo-2019-400x400-v01.jpg\",\"contentUrl\":\"https:\/\/www.consolatosanmarino.uk\/wp-content\/uploads\/sites\/16\/2019\/11\/San-Marino-logo-2019-400x400-v01.jpg\",\"width\":400,\"height\":400,\"caption\":\"Consulate of the Republic of San Marino to the UK\"},\"image\":{\"@id\":\"https:\/\/www.consolatosanmarino.uk\/en\/#\/schema\/logo\/image\/\"},\"sameAs\":[\"https:\/\/www.facebook.com\/ConsolatoRsmUK\/\",\"https:\/\/twitter.com\/consolatorsmuk\",\"https:\/\/www.linkedin.com\/company\/consolatorsmuk\/\",\"https:\/\/www.instagram.com\/consolatorsmuk\/\"]}]}<\/script>\n<!-- \/ Yoast SEO plugin. -->","yoast_head_json":{"title":"Electrification of the economy: A Challenge for post-covid-19 recovery - Consulate of San Marino to the UK","robots":{"index":"index","follow":"follow","max-snippet":"max-snippet:-1","max-image-preview":"max-image-preview:large","max-video-preview":"max-video-preview:-1"},"canonical":"https:\/\/www.consolatosanmarino.uk\/it\/electrification-of-the-economy-a-challenge-for-post-covid-19-recovery\/","og_locale":"it_IT","og_type":"article","og_title":"Electrification of the economy: A Challenge for post-covid-19 recovery - Consulate of San Marino to the UK","og_description":"On 28 April 2021 San Marino Think Tank in close collaboration with Esharelife Think Tank organised a webinar with Dr Guillermo Ammann, who made a presentation about \u2018Electrification of the ... Leggi tutto","og_url":"https:\/\/www.consolatosanmarino.uk\/it\/electrification-of-the-economy-a-challenge-for-post-covid-19-recovery\/","og_site_name":"Consulate of San Marino to the UK","article_publisher":"https:\/\/www.facebook.com\/ConsolatoRsmUK\/","article_modified_time":"2022-11-07T16:22:07+00:00","og_image":[{"width":800,"height":400,"url":"https:\/\/www.consolatosanmarino.uk\/wp-content\/uploads\/sites\/16\/2021\/04\/Webinar-Amann.jpg","type":"image\/jpeg"}],"twitter_card":"summary_large_image","twitter_site":"@consolatorsmuk","twitter_misc":{"Tempo di lettura stimato":"3 minuti"},"schema":{"@context":"https:\/\/schema.org","@graph":[{"@type":"WebPage","@id":"https:\/\/www.consolatosanmarino.uk\/it\/electrification-of-the-economy-a-challenge-for-post-covid-19-recovery\/","url":"https:\/\/www.consolatosanmarino.uk\/it\/electrification-of-the-economy-a-challenge-for-post-covid-19-recovery\/","name":"Electrification of the economy: A Challenge for post-covid-19 recovery - Consulate of San Marino to the UK","isPartOf":{"@id":"https:\/\/www.consolatosanmarino.uk\/en\/#website"},"datePublished":"2021-04-21T14:20:26+00:00","dateModified":"2022-11-07T16:22:07+00:00","breadcrumb":{"@id":"https:\/\/www.consolatosanmarino.uk\/it\/electrification-of-the-economy-a-challenge-for-post-covid-19-recovery\/#breadcrumb"},"inLanguage":"it-IT","potentialAction":[{"@type":"ReadAction","target":["https:\/\/www.consolatosanmarino.uk\/it\/electrification-of-the-economy-a-challenge-for-post-covid-19-recovery\/"]}]},{"@type":"BreadcrumbList","@id":"https:\/\/www.consolatosanmarino.uk\/it\/electrification-of-the-economy-a-challenge-for-post-covid-19-recovery\/#breadcrumb","itemListElement":[{"@type":"ListItem","position":1,"name":"Home","item":"https:\/\/www.consolatosanmarino.uk\/"},{"@type":"ListItem","position":2,"name":"Electrification of the economy: A Challenge for post-covid-19 recovery"}]},{"@type":"WebSite","@id":"https:\/\/www.consolatosanmarino.uk\/en\/#website","url":"https:\/\/www.consolatosanmarino.uk\/en\/","name":"Consulate of San Marino to the UK","description":"Consulate of the Republic of San Marino to the UK","publisher":{"@id":"https:\/\/www.consolatosanmarino.uk\/en\/#organization"},"potentialAction":[{"@type":"SearchAction","target":{"@type":"EntryPoint","urlTemplate":"https:\/\/www.consolatosanmarino.uk\/en\/?s={search_term_string}"},"query-input":"required name=search_term_string"}],"inLanguage":"it-IT"},{"@type":"Organization","@id":"https:\/\/www.consolatosanmarino.uk\/en\/#organization","name":"Consulate of the Republic of San Marino to the UK","url":"https:\/\/www.consolatosanmarino.uk\/en\/","logo":{"@type":"ImageObject","inLanguage":"it-IT","@id":"https:\/\/www.consolatosanmarino.uk\/en\/#\/schema\/logo\/image\/","url":"https:\/\/www.consolatosanmarino.uk\/wp-content\/uploads\/sites\/16\/2019\/11\/San-Marino-logo-2019-400x400-v01.jpg","contentUrl":"https:\/\/www.consolatosanmarino.uk\/wp-content\/uploads\/sites\/16\/2019\/11\/San-Marino-logo-2019-400x400-v01.jpg","width":400,"height":400,"caption":"Consulate of the Republic of San Marino to the UK"},"image":{"@id":"https:\/\/www.consolatosanmarino.uk\/en\/#\/schema\/logo\/image\/"},"sameAs":["https:\/\/www.facebook.com\/ConsolatoRsmUK\/","https:\/\/twitter.com\/consolatorsmuk","https:\/\/www.linkedin.com\/company\/consolatorsmuk\/","https:\/\/www.instagram.com\/consolatorsmuk\/"]}]}},"_links":{"self":[{"href":"https:\/\/www.consolatosanmarino.uk\/it\/wp-json\/wp\/v2\/pages\/1351","targetHints":{"allow":["GET"]}}],"collection":[{"href":"https:\/\/www.consolatosanmarino.uk\/it\/wp-json\/wp\/v2\/pages"}],"about":[{"href":"https:\/\/www.consolatosanmarino.uk\/it\/wp-json\/wp\/v2\/types\/page"}],"author":[{"embeddable":true,"href":"https:\/\/www.consolatosanmarino.uk\/it\/wp-json\/wp\/v2\/users\/23"}],"replies":[{"embeddable":true,"href":"https:\/\/www.consolatosanmarino.uk\/it\/wp-json\/wp\/v2\/comments?post=1351"}],"version-history":[{"count":3,"href":"https:\/\/www.consolatosanmarino.uk\/it\/wp-json\/wp\/v2\/pages\/1351\/revisions"}],"predecessor-version":[{"id":1367,"href":"https:\/\/www.consolatosanmarino.uk\/it\/wp-json\/wp\/v2\/pages\/1351\/revisions\/1367"}],"wp:featuredmedia":[{"embeddable":true,"href":"https:\/\/www.consolatosanmarino.uk\/it\/wp-json\/wp\/v2\/media\/1333"}],"wp:attachment":[{"href":"https:\/\/www.consolatosanmarino.uk\/it\/wp-json\/wp\/v2\/media?parent=1351"}],"curies":[{"name":"wp","href":"https:\/\/api.w.org\/{rel}","templated":true}]}}