{"id":1344,"date":"2021-04-21T15:10:02","date_gmt":"2021-04-21T14:10:02","guid":{"rendered":"https:\/\/www.consolatosanmarino.uk\/?page_id=1344"},"modified":"2024-01-17T11:04:03","modified_gmt":"2024-01-17T11:04:03","slug":"talks-by-rt-hon-sir-john-hayes-mp","status":"publish","type":"page","link":"https:\/\/www.consolatosanmarino.uk\/it\/talks-by-rt-hon-sir-john-hayes-mp\/","title":{"rendered":"Webinar con l'On Sir John Hayes"},"content":{"rendered":"<p>L'evento \u00e8 stato co-ospitato dal Consolato Onorario di San Marino nel Regno Unito e da Esharelife Think Tank per una stimolante discussione su cosa significhi per noi la democrazia, mercoled\u00ec 27 gennaio alle 17:00 ora del Regno Unito con ospite l'Onorevole Sir John Hayes.<\/p>\n\n\n\n<p>Il deputato On Sir John Hayes \u00e8 un politico del partito conservatore che dal 1997 \u00e8 deputato al Parlamento per South Holland e The Deepings. Consigliere parlamentare senior di David Cameron. \u00c8 stato nominato consigliere privato nel 2013 per i suoi grandi successi come membro del Parlamento, comandante dell'Ordine dell'Impero Britannico nel 2016 e cavaliere di corte nel 2018 per il suo servizio pubblico.<\/p>\n\n\n\n<p>Sir John Hayes ha sempre sostenuto la Esharelife Foundation in ogni aspetto delle attivit\u00e0 dell'associazione. Egli ritiene che l'educazione sia fondamentale per vivere una buona vita e per questo motivo \u00e8 sempre stato presente ai recenti eventi di beneficenza.<\/p>\n\n\n\n<p>La Esharelife Foundation \u00e8 onorata di annoverare Sir John Hayes tra i suoi Testimonial e lo ringrazia per il sostegno che ha sempre dato alle nobili cause di Esharellife.<\/p>\n\n\n\n<p>L'onorevole ospite ha sottolineato l'importanza della democrazia come regime di governo nelle societ\u00e0 occidentali. Ispirandosi alle parole di Sir Wiston Churcill per il quale \"La democrazia \u00e8 la peggiore forma di governo, eccetto tutte le altre\", Sir Hayes ha argomentato a favore di tale tipo di regime pur riconoscendo l'intrinseca fragilit\u00e0 e instabilit\u00e0 che lo caratterizza. Tra tutti, la pandemia di Covid ha sfidato la capacit\u00e0 delle democrazie di affrontare l'emergenza, poich\u00e9 i leader temevano il rischio di creare un precedente attraverso il quale minare le libert\u00e0 individuali e i diritti costituzionali.&nbsp;<\/p>\n\n\n\n<p>Sir Hayes ha anche messo in guardia dal sottovalutare l'effetto di coloro che credono che i diversi punti di vista non dovrebbero essere rispettati. Egli sostiene che la democrazia potrebbe essere minata dall'interno proprio attraverso questa pratica. Data l'assoluta mancanza di standard e di controllo per l'impegno, i social media hanno un effetto drammatico a questo proposito. Secondo Hayes, essi hanno amplificato la mentalit\u00e0 conflittuale che si sta diffondendo ampiamente e che caratterizza l'opinione pubblica al giorno d'oggi, restringendo il confronto e la discussione genuini a favore di una mentalit\u00e0 individualistica esclusiva.&nbsp;<\/p>\n\n\n\n<p>Inoltre, Sir Hayes ha sottolineato le questioni riguardanti gli sviluppi dei regimi democratici sperimentati dall'inizio degli anni '80 in termini di pregiudizi liberali. L'aumento del potere amministrativo burocratico e il rafforzamento senza precedenti del potere giudiziario, conseguenza specifica dell'integrazione economica europea, hanno contribuito al progressivo disimpegno sociale sulla scena politica. Inoltre, ha sostenuto che l'\u00e8lite social-liberale ha monopolizzato l'agenda pubblica approfittando del pregiudizio neo-liberale del processo di integrazione europea e riconoscere eventi destabilizzanti come l'esito del referendum sulla Brexit come una diretta conseguenza del tentativo popolare di riconquistare il potere nel contesto democratico.&nbsp;<\/p>\n\n\n\n<p>Durante la sessione di domande e risposte, un franco scambio di opinioni tra Sir Hayes e i partecipanti ha contribuito al successo di questo evento. I partecipanti hanno potuto imparare di pi\u00f9 sui processi democratici contemporanei e sulle sfide che la democrazia sta affrontando al giorno d'oggi.<\/p>\n\n\n\n<p>*Se non hai potuto partecipare all'evento online, puoi guardare la registrazione del discorso dell'Onorevole Sir John Hayes <a rel=\"noreferrer noopener\" href=\"https:\/\/youtu.be\/D71Fj0yMneA\" data-type=\"URL\" data-id=\"https:\/\/youtu.be\/D71Fj0yMneA\" target=\"_blank\">clicca qui<\/a>. <\/p>\n\n\n\n<p>Anche se questo era un evento gratuito, se volete fare una piccola donazione per aiutare i bambini in Kenya sostenuti da Esharelife Foundation, visitate\u00a0<a rel=\"noreferrer noopener\" href=\"https:\/\/donorbox.org\/esharelife-supporter\" target=\"_blank\">esharelife.org<\/a>\u00a0o\u00a0<a rel=\"noreferrer noopener\" href=\"https:\/\/uk.virginmoneygiving.com\/donation-web\/charity?charityId=1020190&amp;stop_mobi=yes\" target=\"_blank\">virgin money giving<\/a>.\u00a0<\/p>","protected":false},"excerpt":{"rendered":"<p>The event was co-hosted by the Honorary Consulate of San Marino to the UK and Esharelife Think Tank for a stimulating discussion what democracy means to us, on Wednesday 27th &#8230; <\/p>\n<p class=\"read-more-container\"><a title=\"Webinar con l&#039;On Sir John Hayes\" class=\"read-more button\" href=\"https:\/\/www.consolatosanmarino.uk\/it\/talks-by-rt-hon-sir-john-hayes-mp\/#more-1344\" aria-label=\"More on Talks by Rt Hon Sir John Hayes MP\">Leggi tutto<\/a><\/p>","protected":false},"author":23,"featured_media":1068,"parent":0,"menu_order":0,"comment_status":"closed","ping_status":"closed","template":"","meta":{"footnotes":""},"class_list":["post-1344","page","type-page","status-publish","has-post-thumbnail"],"yoast_head":"<!-- This site is optimized with the Yoast SEO plugin v20.3 - https:\/\/yoast.com\/wordpress\/plugins\/seo\/ -->\n<title>Talks by Rt Hon Sir John Hayes MP - Consulate of San Marino to the UK<\/title>\n<meta name=\"robots\" content=\"index, follow, max-snippet:-1, max-image-preview:large, max-video-preview:-1\" \/>\n<link rel=\"canonical\" href=\"https:\/\/www.consolatosanmarino.uk\/it\/talks-by-rt-hon-sir-john-hayes-mp\/\" \/>\n<meta property=\"og:locale\" content=\"it_IT\" \/>\n<meta property=\"og:type\" content=\"article\" \/>\n<meta property=\"og:title\" content=\"Talks by Rt Hon Sir John Hayes MP - Consulate of San Marino to the UK\" \/>\n<meta property=\"og:description\" content=\"The event was co-hosted by the Honorary Consulate of San Marino to the UK and Esharelife Think Tank for a stimulating discussion what democracy means to us, on Wednesday 27th ... Leggi tutto\" \/>\n<meta property=\"og:url\" content=\"https:\/\/www.consolatosanmarino.uk\/it\/talks-by-rt-hon-sir-john-hayes-mp\/\" \/>\n<meta property=\"og:site_name\" content=\"Consulate of San Marino to the UK\" \/>\n<meta property=\"article:publisher\" content=\"https:\/\/www.facebook.com\/ConsolatoRsmUK\/\" \/>\n<meta property=\"article:modified_time\" content=\"2024-01-17T11:04:03+00:00\" \/>\n<meta property=\"og:image\" content=\"https:\/\/www.consolatosanmarino.uk\/wp-content\/uploads\/sites\/16\/2021\/01\/HC-SM-Esharelife-event-1.jpg\" \/>\n\t<meta property=\"og:image:width\" content=\"1280\" \/>\n\t<meta property=\"og:image:height\" content=\"720\" \/>\n\t<meta property=\"og:image:type\" content=\"image\/jpeg\" \/>\n<meta name=\"twitter:card\" content=\"summary_large_image\" \/>\n<meta name=\"twitter:site\" content=\"@consolatorsmuk\" \/>\n<meta name=\"twitter:label1\" content=\"Tempo di lettura stimato\" \/>\n\t<meta name=\"twitter:data1\" content=\"3 minuti\" \/>\n<script type=\"application\/ld+json\" class=\"yoast-schema-graph\">{\"@context\":\"https:\/\/schema.org\",\"@graph\":[{\"@type\":\"WebPage\",\"@id\":\"https:\/\/www.consolatosanmarino.uk\/it\/talks-by-rt-hon-sir-john-hayes-mp\/\",\"url\":\"https:\/\/www.consolatosanmarino.uk\/it\/talks-by-rt-hon-sir-john-hayes-mp\/\",\"name\":\"Talks by Rt Hon Sir John Hayes MP - Consulate of San Marino to the UK\",\"isPartOf\":{\"@id\":\"https:\/\/www.consolatosanmarino.uk\/en\/#website\"},\"datePublished\":\"2021-04-21T14:10:02+00:00\",\"dateModified\":\"2024-01-17T11:04:03+00:00\",\"breadcrumb\":{\"@id\":\"https:\/\/www.consolatosanmarino.uk\/it\/talks-by-rt-hon-sir-john-hayes-mp\/#breadcrumb\"},\"inLanguage\":\"it-IT\",\"potentialAction\":[{\"@type\":\"ReadAction\",\"target\":[\"https:\/\/www.consolatosanmarino.uk\/it\/talks-by-rt-hon-sir-john-hayes-mp\/\"]}]},{\"@type\":\"BreadcrumbList\",\"@id\":\"https:\/\/www.consolatosanmarino.uk\/it\/talks-by-rt-hon-sir-john-hayes-mp\/#breadcrumb\",\"itemListElement\":[{\"@type\":\"ListItem\",\"position\":1,\"name\":\"Home\",\"item\":\"https:\/\/www.consolatosanmarino.uk\/\"},{\"@type\":\"ListItem\",\"position\":2,\"name\":\"Talks by Rt Hon Sir John Hayes MP\"}]},{\"@type\":\"WebSite\",\"@id\":\"https:\/\/www.consolatosanmarino.uk\/en\/#website\",\"url\":\"https:\/\/www.consolatosanmarino.uk\/en\/\",\"name\":\"Consulate of San Marino to the UK\",\"description\":\"Consulate of the Republic of San Marino to the UK\",\"publisher\":{\"@id\":\"https:\/\/www.consolatosanmarino.uk\/en\/#organization\"},\"potentialAction\":[{\"@type\":\"SearchAction\",\"target\":{\"@type\":\"EntryPoint\",\"urlTemplate\":\"https:\/\/www.consolatosanmarino.uk\/en\/?s={search_term_string}\"},\"query-input\":\"required name=search_term_string\"}],\"inLanguage\":\"it-IT\"},{\"@type\":\"Organization\",\"@id\":\"https:\/\/www.consolatosanmarino.uk\/en\/#organization\",\"name\":\"Consulate of the Republic of San Marino to the UK\",\"url\":\"https:\/\/www.consolatosanmarino.uk\/en\/\",\"logo\":{\"@type\":\"ImageObject\",\"inLanguage\":\"it-IT\",\"@id\":\"https:\/\/www.consolatosanmarino.uk\/en\/#\/schema\/logo\/image\/\",\"url\":\"https:\/\/www.consolatosanmarino.uk\/wp-content\/uploads\/sites\/16\/2019\/11\/San-Marino-logo-2019-400x400-v01.jpg\",\"contentUrl\":\"https:\/\/www.consolatosanmarino.uk\/wp-content\/uploads\/sites\/16\/2019\/11\/San-Marino-logo-2019-400x400-v01.jpg\",\"width\":400,\"height\":400,\"caption\":\"Consulate of the Republic of San Marino to the UK\"},\"image\":{\"@id\":\"https:\/\/www.consolatosanmarino.uk\/en\/#\/schema\/logo\/image\/\"},\"sameAs\":[\"https:\/\/www.facebook.com\/ConsolatoRsmUK\/\",\"https:\/\/twitter.com\/consolatorsmuk\",\"https:\/\/www.linkedin.com\/company\/consolatorsmuk\/\",\"https:\/\/www.instagram.com\/consolatorsmuk\/\"]}]}<\/script>\n<!-- \/ Yoast SEO plugin. -->","yoast_head_json":{"title":"Talks by Rt Hon Sir John Hayes MP - Consulate of San Marino to the UK","robots":{"index":"index","follow":"follow","max-snippet":"max-snippet:-1","max-image-preview":"max-image-preview:large","max-video-preview":"max-video-preview:-1"},"canonical":"https:\/\/www.consolatosanmarino.uk\/it\/talks-by-rt-hon-sir-john-hayes-mp\/","og_locale":"it_IT","og_type":"article","og_title":"Talks by Rt Hon Sir John Hayes MP - Consulate of San Marino to the UK","og_description":"The event was co-hosted by the Honorary Consulate of San Marino to the UK and Esharelife Think Tank for a stimulating discussion what democracy means to us, on Wednesday 27th ... Leggi tutto","og_url":"https:\/\/www.consolatosanmarino.uk\/it\/talks-by-rt-hon-sir-john-hayes-mp\/","og_site_name":"Consulate of San Marino to the UK","article_publisher":"https:\/\/www.facebook.com\/ConsolatoRsmUK\/","article_modified_time":"2024-01-17T11:04:03+00:00","og_image":[{"width":1280,"height":720,"url":"https:\/\/www.consolatosanmarino.uk\/wp-content\/uploads\/sites\/16\/2021\/01\/HC-SM-Esharelife-event-1.jpg","type":"image\/jpeg"}],"twitter_card":"summary_large_image","twitter_site":"@consolatorsmuk","twitter_misc":{"Tempo di lettura stimato":"3 minuti"},"schema":{"@context":"https:\/\/schema.org","@graph":[{"@type":"WebPage","@id":"https:\/\/www.consolatosanmarino.uk\/it\/talks-by-rt-hon-sir-john-hayes-mp\/","url":"https:\/\/www.consolatosanmarino.uk\/it\/talks-by-rt-hon-sir-john-hayes-mp\/","name":"Talks by Rt Hon Sir John Hayes MP - Consulate of San Marino to the UK","isPartOf":{"@id":"https:\/\/www.consolatosanmarino.uk\/en\/#website"},"datePublished":"2021-04-21T14:10:02+00:00","dateModified":"2024-01-17T11:04:03+00:00","breadcrumb":{"@id":"https:\/\/www.consolatosanmarino.uk\/it\/talks-by-rt-hon-sir-john-hayes-mp\/#breadcrumb"},"inLanguage":"it-IT","potentialAction":[{"@type":"ReadAction","target":["https:\/\/www.consolatosanmarino.uk\/it\/talks-by-rt-hon-sir-john-hayes-mp\/"]}]},{"@type":"BreadcrumbList","@id":"https:\/\/www.consolatosanmarino.uk\/it\/talks-by-rt-hon-sir-john-hayes-mp\/#breadcrumb","itemListElement":[{"@type":"ListItem","position":1,"name":"Home","item":"https:\/\/www.consolatosanmarino.uk\/"},{"@type":"ListItem","position":2,"name":"Talks by Rt Hon Sir John Hayes MP"}]},{"@type":"WebSite","@id":"https:\/\/www.consolatosanmarino.uk\/en\/#website","url":"https:\/\/www.consolatosanmarino.uk\/en\/","name":"Consulate of San Marino to the UK","description":"Consulate of the Republic of San Marino to the UK","publisher":{"@id":"https:\/\/www.consolatosanmarino.uk\/en\/#organization"},"potentialAction":[{"@type":"SearchAction","target":{"@type":"EntryPoint","urlTemplate":"https:\/\/www.consolatosanmarino.uk\/en\/?s={search_term_string}"},"query-input":"required name=search_term_string"}],"inLanguage":"it-IT"},{"@type":"Organization","@id":"https:\/\/www.consolatosanmarino.uk\/en\/#organization","name":"Consulate of the Republic of San Marino to the UK","url":"https:\/\/www.consolatosanmarino.uk\/en\/","logo":{"@type":"ImageObject","inLanguage":"it-IT","@id":"https:\/\/www.consolatosanmarino.uk\/en\/#\/schema\/logo\/image\/","url":"https:\/\/www.consolatosanmarino.uk\/wp-content\/uploads\/sites\/16\/2019\/11\/San-Marino-logo-2019-400x400-v01.jpg","contentUrl":"https:\/\/www.consolatosanmarino.uk\/wp-content\/uploads\/sites\/16\/2019\/11\/San-Marino-logo-2019-400x400-v01.jpg","width":400,"height":400,"caption":"Consulate of the Republic of San Marino to the UK"},"image":{"@id":"https:\/\/www.consolatosanmarino.uk\/en\/#\/schema\/logo\/image\/"},"sameAs":["https:\/\/www.facebook.com\/ConsolatoRsmUK\/","https:\/\/twitter.com\/consolatorsmuk","https:\/\/www.linkedin.com\/company\/consolatorsmuk\/","https:\/\/www.instagram.com\/consolatorsmuk\/"]}]}},"_links":{"self":[{"href":"https:\/\/www.consolatosanmarino.uk\/it\/wp-json\/wp\/v2\/pages\/1344","targetHints":{"allow":["GET"]}}],"collection":[{"href":"https:\/\/www.consolatosanmarino.uk\/it\/wp-json\/wp\/v2\/pages"}],"about":[{"href":"https:\/\/www.consolatosanmarino.uk\/it\/wp-json\/wp\/v2\/types\/page"}],"author":[{"embeddable":true,"href":"https:\/\/www.consolatosanmarino.uk\/it\/wp-json\/wp\/v2\/users\/23"}],"replies":[{"embeddable":true,"href":"https:\/\/www.consolatosanmarino.uk\/it\/wp-json\/wp\/v2\/comments?post=1344"}],"version-history":[{"count":1,"href":"https:\/\/www.consolatosanmarino.uk\/it\/wp-json\/wp\/v2\/pages\/1344\/revisions"}],"predecessor-version":[{"id":1345,"href":"https:\/\/www.consolatosanmarino.uk\/it\/wp-json\/wp\/v2\/pages\/1344\/revisions\/1345"}],"wp:featuredmedia":[{"embeddable":true,"href":"https:\/\/www.consolatosanmarino.uk\/it\/wp-json\/wp\/v2\/media\/1068"}],"wp:attachment":[{"href":"https:\/\/www.consolatosanmarino.uk\/it\/wp-json\/wp\/v2\/media?parent=1344"}],"curies":[{"name":"wp","href":"https:\/\/api.w.org\/{rel}","templated":true}]}}