{"id":1342,"date":"2021-04-21T15:05:46","date_gmt":"2021-04-21T14:05:46","guid":{"rendered":"https:\/\/www.consolatosanmarino.uk\/?page_id=1342"},"modified":"2024-01-17T11:04:22","modified_gmt":"2024-01-17T11:04:22","slug":"webinar-machiavelli-ends-means-and-modern-leadership","status":"publish","type":"page","link":"https:\/\/www.consolatosanmarino.uk\/it\/webinar-machiavelli-ends-means-and-modern-leadership\/","title":{"rendered":"Webinar-Machiavelli, ends, means and modern leadership"},"content":{"rendered":"<p>L'evento \u00e8 stato co-ospitato dal Think Tank del Consolato Onorario di San Marino nel Regno Unito e da <a rel=\"noreferrer noopener\" href=\"https:\/\/www.esharelife.org\/thinktank\/\" target=\"_blank\">Il Think Tank di Esharelife<\/a> per una stimolante discussione sul Machiavellismo e la democrazia moderna, marted\u00ec 23 febbraio alle 17:00 ora britannica con ospite il Professor Phil Harris.<\/p>\n\n\n\n<p>Il 'Principe' di Machiavelli, un'opera di genio malvagio, affascina ancora 500 anni dopo. Quest'opera, in cui sosteneva che un \"principe\", cio\u00e8 qualcuno che esercita il potere, pu\u00f2 usare mezzi immorali per assicurarsi i suoi fini, ha dato alla parola Machiavelli un posto nel linguaggio comune.<\/p>\n\n\n\n<p>Machiavelli era un malvagio? Secondo le sue stesse parole \"Per quanto riguarda l'atto, che possa essere un peccato, \u00e8 una favola, perch\u00e9 ci\u00f2 che pecca \u00e8 la volont\u00e0, non il corpo\".<\/p>\n\n\n\n<p>Alcuni sostengono che Machiavelli \u00e8 perennemente importante perch\u00e9 ha capito che i governi del suo tempo non rappresentavano pi\u00f9 veramente il loro popolo. Anche il loro linguaggio era diventato arcaico e privo di significato.<\/p>\n\n\n\n<p>Il professor Phil Harris ha promesso di navigare intorno alla controversa figura di Machiavelli e consegnare ai partecipanti una versione \"umana\" dello stesso<\/p>\n\n\n\n<p>Il professor Phil Harris \u00e8 professore emerito e in passato direttore esecutivo del Business Research Institute dell'Universit\u00e0 di Chester e ha ricoperto la Westminster (Grosvenor) Professorship in Marketing and Public Affairs.<\/p>\n\n\n\n<p>\u00c8 l'editore fondatore del Journal of Public Affairs e membro di numerosi comitati editoriali e consultivi internazionali ed \u00e8 autore di oltre 200 articoli e 20 libri. \u00c8 titolare di 6 cattedre a Pechino, Dalian, Guilin, Jiangsu, Wuhan e Xiamen in Cina ed \u00e8 regolarmente chiamato a fornire consulenze e commenti su Cina, imprenditorialit\u00e0, affari internazionali, Machiavelli, Marco Polo, affari pubblici e trasparenza.<\/p>\n\n\n\n<p>Nella sua presentazione, il professor Harris ha messo i principi di Machiavelli nel contesto dell'epoca in cui Machiavelli scrisse i suoi libri, circa 500 anni fa e si \u00e8 preoccupato di dissolvere le ambiguit\u00e0 intorno alla controversa figura di Machiavelli. Ha consegnato ai partecipanti una versione \"umana\" dello stesso, una persona pragmatica che comprendeva bene la politica e la sua applicazione nella realt\u00e0. Ha confrontato gli insegnamenti di Machiavelli con i principi seguiti da molti politici dei nostri tempi moderni.<\/p>\n\n\n\n<p>Dopo l'eloquente presentazione del Prof. Harris, durante le domande e risposte i partecipanti erano curiosi di saperne di pi\u00f9 sui principi di Machiavelli e la loro applicazione nella nostra democrazia moderna. Le discussioni si sono evolute intorno alle azioni dei governi durante la pandemia di Covid-19, le misure restrittive, le crisi di governo, le manovre politiche, ecc.<\/p>\n\n\n\n<p>Alla fine, al professor Harris, \u00e8 stato chiesto di assegnare il \"premio Machiavelli\" ai leader mondiali del passato e del presente e la sua scelta tra i leader ha divertito i partecipanti.<\/p>\n\n\n\n<p>Anche se questo era un evento gratuito, se volete fare una piccola donazione per aiutare i bambini in Kenya sostenuti da Esharelife Foundation, visitate\u00a0<a rel=\"noreferrer noopener\" href=\"https:\/\/donorbox.org\/esharelife-supporter\" target=\"_blank\">esharelife.org<\/a>\u00a0o\u00a0<a rel=\"noreferrer noopener\" href=\"https:\/\/uk.virginmoneygiving.com\/donation-web\/charity?charityId=1020190&amp;stop_mobi=yes\" target=\"_blank\">virgin money giving<\/a>.\u00a0<\/p>","protected":false},"excerpt":{"rendered":"<p>The event was co-hosted by the Think Tank of the Honorary Consulate of San Marino to the UK and Esharelife Think Tank for a stimulating discussion on Machiavellism and modern &#8230; <\/p>\n<p class=\"read-more-container\"><a title=\"Webinar-Machiavelli, ends, means and modern leadership\" class=\"read-more button\" href=\"https:\/\/www.consolatosanmarino.uk\/it\/webinar-machiavelli-ends-means-and-modern-leadership\/#more-1342\" aria-label=\"More on Webinar-Machiavelli, ends, means and modern leadership\">Leggi tutto<\/a><\/p>","protected":false},"author":23,"featured_media":1157,"parent":0,"menu_order":0,"comment_status":"closed","ping_status":"closed","template":"","meta":{"footnotes":""},"class_list":["post-1342","page","type-page","status-publish","has-post-thumbnail"],"yoast_head":"<!-- This site is optimized with the Yoast SEO plugin v20.3 - https:\/\/yoast.com\/wordpress\/plugins\/seo\/ -->\n<title>Webinar-Machiavelli, ends, means and modern leadership - Consulate of San Marino to the UK<\/title>\n<meta name=\"robots\" content=\"index, follow, max-snippet:-1, max-image-preview:large, max-video-preview:-1\" \/>\n<link rel=\"canonical\" href=\"https:\/\/www.consolatosanmarino.uk\/it\/webinar-machiavelli-ends-means-and-modern-leadership\/\" \/>\n<meta property=\"og:locale\" content=\"it_IT\" \/>\n<meta property=\"og:type\" content=\"article\" \/>\n<meta property=\"og:title\" content=\"Webinar-Machiavelli, ends, means and modern leadership - Consulate of San Marino to the UK\" \/>\n<meta property=\"og:description\" content=\"The event was co-hosted by the Think Tank of the Honorary Consulate of San Marino to the UK and Esharelife Think Tank for a stimulating discussion on Machiavellism and modern ... Leggi tutto\" \/>\n<meta property=\"og:url\" content=\"https:\/\/www.consolatosanmarino.uk\/it\/webinar-machiavelli-ends-means-and-modern-leadership\/\" \/>\n<meta property=\"og:site_name\" content=\"Consulate of San Marino to the UK\" \/>\n<meta property=\"article:publisher\" content=\"https:\/\/www.facebook.com\/ConsolatoRsmUK\/\" \/>\n<meta property=\"article:modified_time\" content=\"2024-01-17T11:04:22+00:00\" \/>\n<meta property=\"og:image\" content=\"https:\/\/www.consolatosanmarino.uk\/wp-content\/uploads\/sites\/16\/2021\/02\/Webinar-23-02-2021-Think-Tank-Machiavelli-Ends-Means-and-Modern-Leadership.jpg\" \/>\n\t<meta property=\"og:image:width\" content=\"1280\" \/>\n\t<meta property=\"og:image:height\" content=\"720\" \/>\n\t<meta property=\"og:image:type\" content=\"image\/jpeg\" \/>\n<meta name=\"twitter:card\" content=\"summary_large_image\" \/>\n<meta name=\"twitter:site\" content=\"@consolatorsmuk\" \/>\n<meta name=\"twitter:label1\" content=\"Tempo di lettura stimato\" \/>\n\t<meta name=\"twitter:data1\" content=\"2 minuti\" \/>\n<script type=\"application\/ld+json\" class=\"yoast-schema-graph\">{\"@context\":\"https:\/\/schema.org\",\"@graph\":[{\"@type\":\"WebPage\",\"@id\":\"https:\/\/www.consolatosanmarino.uk\/it\/webinar-machiavelli-ends-means-and-modern-leadership\/\",\"url\":\"https:\/\/www.consolatosanmarino.uk\/it\/webinar-machiavelli-ends-means-and-modern-leadership\/\",\"name\":\"Webinar-Machiavelli, ends, means and modern leadership - Consulate of San Marino to the UK\",\"isPartOf\":{\"@id\":\"https:\/\/www.consolatosanmarino.uk\/en\/#website\"},\"datePublished\":\"2021-04-21T14:05:46+00:00\",\"dateModified\":\"2024-01-17T11:04:22+00:00\",\"breadcrumb\":{\"@id\":\"https:\/\/www.consolatosanmarino.uk\/it\/webinar-machiavelli-ends-means-and-modern-leadership\/#breadcrumb\"},\"inLanguage\":\"it-IT\",\"potentialAction\":[{\"@type\":\"ReadAction\",\"target\":[\"https:\/\/www.consolatosanmarino.uk\/it\/webinar-machiavelli-ends-means-and-modern-leadership\/\"]}]},{\"@type\":\"BreadcrumbList\",\"@id\":\"https:\/\/www.consolatosanmarino.uk\/it\/webinar-machiavelli-ends-means-and-modern-leadership\/#breadcrumb\",\"itemListElement\":[{\"@type\":\"ListItem\",\"position\":1,\"name\":\"Home\",\"item\":\"https:\/\/www.consolatosanmarino.uk\/\"},{\"@type\":\"ListItem\",\"position\":2,\"name\":\"Webinar-Machiavelli, ends, means and modern leadership\"}]},{\"@type\":\"WebSite\",\"@id\":\"https:\/\/www.consolatosanmarino.uk\/en\/#website\",\"url\":\"https:\/\/www.consolatosanmarino.uk\/en\/\",\"name\":\"Consulate of San Marino to the UK\",\"description\":\"Consulate of the Republic of San Marino to the UK\",\"publisher\":{\"@id\":\"https:\/\/www.consolatosanmarino.uk\/en\/#organization\"},\"potentialAction\":[{\"@type\":\"SearchAction\",\"target\":{\"@type\":\"EntryPoint\",\"urlTemplate\":\"https:\/\/www.consolatosanmarino.uk\/en\/?s={search_term_string}\"},\"query-input\":\"required name=search_term_string\"}],\"inLanguage\":\"it-IT\"},{\"@type\":\"Organization\",\"@id\":\"https:\/\/www.consolatosanmarino.uk\/en\/#organization\",\"name\":\"Consulate of the Republic of San Marino to the UK\",\"url\":\"https:\/\/www.consolatosanmarino.uk\/en\/\",\"logo\":{\"@type\":\"ImageObject\",\"inLanguage\":\"it-IT\",\"@id\":\"https:\/\/www.consolatosanmarino.uk\/en\/#\/schema\/logo\/image\/\",\"url\":\"https:\/\/www.consolatosanmarino.uk\/wp-content\/uploads\/sites\/16\/2019\/11\/San-Marino-logo-2019-400x400-v01.jpg\",\"contentUrl\":\"https:\/\/www.consolatosanmarino.uk\/wp-content\/uploads\/sites\/16\/2019\/11\/San-Marino-logo-2019-400x400-v01.jpg\",\"width\":400,\"height\":400,\"caption\":\"Consulate of the Republic of San Marino to the UK\"},\"image\":{\"@id\":\"https:\/\/www.consolatosanmarino.uk\/en\/#\/schema\/logo\/image\/\"},\"sameAs\":[\"https:\/\/www.facebook.com\/ConsolatoRsmUK\/\",\"https:\/\/twitter.com\/consolatorsmuk\",\"https:\/\/www.linkedin.com\/company\/consolatorsmuk\/\",\"https:\/\/www.instagram.com\/consolatorsmuk\/\"]}]}<\/script>\n<!-- \/ Yoast SEO plugin. -->","yoast_head_json":{"title":"Webinar-Machiavelli, ends, means and modern leadership - Consulate of San Marino to the UK","robots":{"index":"index","follow":"follow","max-snippet":"max-snippet:-1","max-image-preview":"max-image-preview:large","max-video-preview":"max-video-preview:-1"},"canonical":"https:\/\/www.consolatosanmarino.uk\/it\/webinar-machiavelli-ends-means-and-modern-leadership\/","og_locale":"it_IT","og_type":"article","og_title":"Webinar-Machiavelli, ends, means and modern leadership - Consulate of San Marino to the UK","og_description":"The event was co-hosted by the Think Tank of the Honorary Consulate of San Marino to the UK and Esharelife Think Tank for a stimulating discussion on Machiavellism and modern ... Leggi tutto","og_url":"https:\/\/www.consolatosanmarino.uk\/it\/webinar-machiavelli-ends-means-and-modern-leadership\/","og_site_name":"Consulate of San Marino to the UK","article_publisher":"https:\/\/www.facebook.com\/ConsolatoRsmUK\/","article_modified_time":"2024-01-17T11:04:22+00:00","og_image":[{"width":1280,"height":720,"url":"https:\/\/www.consolatosanmarino.uk\/wp-content\/uploads\/sites\/16\/2021\/02\/Webinar-23-02-2021-Think-Tank-Machiavelli-Ends-Means-and-Modern-Leadership.jpg","type":"image\/jpeg"}],"twitter_card":"summary_large_image","twitter_site":"@consolatorsmuk","twitter_misc":{"Tempo di lettura stimato":"2 minuti"},"schema":{"@context":"https:\/\/schema.org","@graph":[{"@type":"WebPage","@id":"https:\/\/www.consolatosanmarino.uk\/it\/webinar-machiavelli-ends-means-and-modern-leadership\/","url":"https:\/\/www.consolatosanmarino.uk\/it\/webinar-machiavelli-ends-means-and-modern-leadership\/","name":"Webinar-Machiavelli, ends, means and modern leadership - Consulate of San Marino to the UK","isPartOf":{"@id":"https:\/\/www.consolatosanmarino.uk\/en\/#website"},"datePublished":"2021-04-21T14:05:46+00:00","dateModified":"2024-01-17T11:04:22+00:00","breadcrumb":{"@id":"https:\/\/www.consolatosanmarino.uk\/it\/webinar-machiavelli-ends-means-and-modern-leadership\/#breadcrumb"},"inLanguage":"it-IT","potentialAction":[{"@type":"ReadAction","target":["https:\/\/www.consolatosanmarino.uk\/it\/webinar-machiavelli-ends-means-and-modern-leadership\/"]}]},{"@type":"BreadcrumbList","@id":"https:\/\/www.consolatosanmarino.uk\/it\/webinar-machiavelli-ends-means-and-modern-leadership\/#breadcrumb","itemListElement":[{"@type":"ListItem","position":1,"name":"Home","item":"https:\/\/www.consolatosanmarino.uk\/"},{"@type":"ListItem","position":2,"name":"Webinar-Machiavelli, ends, means and modern leadership"}]},{"@type":"WebSite","@id":"https:\/\/www.consolatosanmarino.uk\/en\/#website","url":"https:\/\/www.consolatosanmarino.uk\/en\/","name":"Consulate of San Marino to the UK","description":"Consulate of the Republic of San Marino to the UK","publisher":{"@id":"https:\/\/www.consolatosanmarino.uk\/en\/#organization"},"potentialAction":[{"@type":"SearchAction","target":{"@type":"EntryPoint","urlTemplate":"https:\/\/www.consolatosanmarino.uk\/en\/?s={search_term_string}"},"query-input":"required name=search_term_string"}],"inLanguage":"it-IT"},{"@type":"Organization","@id":"https:\/\/www.consolatosanmarino.uk\/en\/#organization","name":"Consulate of the Republic of San Marino to the UK","url":"https:\/\/www.consolatosanmarino.uk\/en\/","logo":{"@type":"ImageObject","inLanguage":"it-IT","@id":"https:\/\/www.consolatosanmarino.uk\/en\/#\/schema\/logo\/image\/","url":"https:\/\/www.consolatosanmarino.uk\/wp-content\/uploads\/sites\/16\/2019\/11\/San-Marino-logo-2019-400x400-v01.jpg","contentUrl":"https:\/\/www.consolatosanmarino.uk\/wp-content\/uploads\/sites\/16\/2019\/11\/San-Marino-logo-2019-400x400-v01.jpg","width":400,"height":400,"caption":"Consulate of the Republic of San Marino to the UK"},"image":{"@id":"https:\/\/www.consolatosanmarino.uk\/en\/#\/schema\/logo\/image\/"},"sameAs":["https:\/\/www.facebook.com\/ConsolatoRsmUK\/","https:\/\/twitter.com\/consolatorsmuk","https:\/\/www.linkedin.com\/company\/consolatorsmuk\/","https:\/\/www.instagram.com\/consolatorsmuk\/"]}]}},"_links":{"self":[{"href":"https:\/\/www.consolatosanmarino.uk\/it\/wp-json\/wp\/v2\/pages\/1342","targetHints":{"allow":["GET"]}}],"collection":[{"href":"https:\/\/www.consolatosanmarino.uk\/it\/wp-json\/wp\/v2\/pages"}],"about":[{"href":"https:\/\/www.consolatosanmarino.uk\/it\/wp-json\/wp\/v2\/types\/page"}],"author":[{"embeddable":true,"href":"https:\/\/www.consolatosanmarino.uk\/it\/wp-json\/wp\/v2\/users\/23"}],"replies":[{"embeddable":true,"href":"https:\/\/www.consolatosanmarino.uk\/it\/wp-json\/wp\/v2\/comments?post=1342"}],"version-history":[{"count":1,"href":"https:\/\/www.consolatosanmarino.uk\/it\/wp-json\/wp\/v2\/pages\/1342\/revisions"}],"predecessor-version":[{"id":1343,"href":"https:\/\/www.consolatosanmarino.uk\/it\/wp-json\/wp\/v2\/pages\/1342\/revisions\/1343"}],"wp:featuredmedia":[{"embeddable":true,"href":"https:\/\/www.consolatosanmarino.uk\/it\/wp-json\/wp\/v2\/media\/1157"}],"wp:attachment":[{"href":"https:\/\/www.consolatosanmarino.uk\/it\/wp-json\/wp\/v2\/media?parent=1342"}],"curies":[{"name":"wp","href":"https:\/\/api.w.org\/{rel}","templated":true}]}}