{"id":1246,"date":"2021-03-13T10:37:52","date_gmt":"2021-03-13T10:37:52","guid":{"rendered":"https:\/\/www.consolatosanmarino.uk\/?page_id=1246"},"modified":"2024-01-17T11:04:17","modified_gmt":"2024-01-17T11:04:17","slug":"union-with-partner-or-visit-to-family","status":"publish","type":"page","link":"https:\/\/www.consolatosanmarino.uk\/it\/union-with-partner-or-visit-to-family\/","title":{"rendered":"Unione con partner o visita alla famiglia"},"content":{"rendered":"<p>In caso di lunga permanenza nel Regno Unito per ricongiungimento con il proprio partner o visita prolungata alla famiglia, si potrebbe aver bisogno di un visto a seconda di quanto si rimarr\u00e0 nel Regno Unito.<\/p>\n\n\n\n<p>Non \u00e8 necessario un visto se si visita la famiglia o il partner per 6 mesi o meno.<\/p>\n\n\n\n<p>Se il membro della famiglia che si sta raggiungendo proviene dall'Ue, dalla Svizzera, dalla Norvegia, dall'Islanda o dal Liechtenstein, si potrebbe avere la possibilit\u00e0 di richiedere un permesso familiare gratuito. Questo render\u00e0 il proprio ingresso nel Regno Unito pi\u00f9 facile e veloce. Il proprio familiare deve essersi stabilito nel Regno Unito prima del 1\u00b0 gennaio 2021.<\/p>\n\n\n\n<p>Se invece si ha intenzione di rimanere pi\u00f9 di 6 mesi il visto che si dovr\u00e0 richiedere dipender\u00e0 dalla situazione del proprio familiare. Se la domanda avr\u00e0 successo si potr\u00e0 lavorare o studiare nel Regno Unito.<\/p>\n\n\n\n<p>Se la propria famiglia si \u00e8 stabilita nel Regno Unito si  \u00e8 in grado di richiedere un visto per famiglia se il proprio familiare o partner:<\/p>\n\n\n\n<ul class=\"wp-block-list\"><li>\u00e8 un cittadino britannico<\/li><li>\u00e8 residente nel Regno Unito (chiamato \"indefinite leave to remain\")<\/li><li>ha lo status di residente o quasi residente nell'ambito dell\u2019EU Settlement Scheme<\/li><li>ha un visto come lavoratore o uomo d\u2019affari turco&nbsp;<\/li><\/ul>\n\n\n\n<p>Il proprio familiare deve essere il proprio partner, figlio, genitore o parente che fornir\u00e0 assistenza a lungo termine.<\/p>\n\n\n\n<p>Se la propria famiglia lavora o studia nel Regno Unito si potr\u00e0 fare domanda come \"persona a carico\" del visto del proprio genitore o partner se quest\u2019ultimo lavora o studia nel Regno Unito.<\/p>\n\n\n\n<p>Se il proprio familiare vive nel Regno Unito da prima del 1\u00b0 gennaio 2021, invece di richiedere un visto si potrebbe essere in grado di richiedere gratuitamente l\u2019EU Settlement Scheme. Il proprio familiare stretto deve essere cittadino di un paese dell'Ue, della Svizzera, della Norvegia, dell'Islanda o del Liechtenstein (o un cittadino britannico che ha vissuto con il quale si \u00e8 vissuto in uno di questi paesi) o deve essersi stabilito nel Regno Unito prima del 1\u00b0 gennaio 2021.<\/p>\n\n\n\n<p>Per poter richiedere l\u2019EU Settlement Scheme fuori dal Regno Unito, bisogna:<\/p>\n\n\n\n<ul class=\"wp-block-list\"><li>essere cittadino di un paese dell'Ue, della Svizzera, della Norvegia, dell'Islanda o del Liechtenstein o<\/li><li>avere un documento britannico pertinente - come una carta di residenza, una carta di residenza permanente o una carta di residenza derivata<\/li><\/ul>\n\n\n\n<p>Altrimenti, per venire nel Regno Unito, bisogner\u00e0 richiedere un permesso familiare gratuito. Una volta che si \u00e8 nel Regno Unito si potr\u00e0 richiedere l\u2019EU Settlement Scheme.<\/p>\n\n\n\n<p>Il Consolato Onorario di San Marino cerca di mantenere aggiornate le informazioni di cui sopra, ma raccomanda vivamente di controllare il&nbsp;<a href=\"https:\/\/www.gov.uk\/check-uk-visa\/y\/san-marino\/family\" data-type=\"URL\" data-id=\"https:\/\/www.gov.uk\/check-uk-visa\/y\/san-marino\/family\" target=\"_blank\" rel=\"noreferrer noopener\">sito web del governo britannico<\/a>&nbsp;per ogni eventuale cambiamento.<\/p>","protected":false},"excerpt":{"rendered":"<p>If you are staying in the UK for an extended period of time to reunite with your partner or to visit family, you may need a visa depending on how &#8230; <\/p>\n<p class=\"read-more-container\"><a title=\"Unione con partner o visita alla famiglia\" class=\"read-more button\" href=\"https:\/\/www.consolatosanmarino.uk\/it\/union-with-partner-or-visit-to-family\/#more-1246\" aria-label=\"More on Union with partner or visit to family\">Leggi tutto<\/a><\/p>","protected":false},"author":23,"featured_media":1247,"parent":0,"menu_order":0,"comment_status":"closed","ping_status":"closed","template":"","meta":{"footnotes":""},"class_list":["post-1246","page","type-page","status-publish","has-post-thumbnail"],"yoast_head":"<!-- This site is optimized with the Yoast SEO plugin v20.3 - https:\/\/yoast.com\/wordpress\/plugins\/seo\/ -->\n<title>Union with partner or visit to family - Consulate of San Marino to the UK<\/title>\n<meta name=\"robots\" content=\"index, follow, max-snippet:-1, max-image-preview:large, max-video-preview:-1\" \/>\n<link rel=\"canonical\" href=\"https:\/\/www.consolatosanmarino.uk\/it\/union-with-partner-or-visit-to-family\/\" \/>\n<meta property=\"og:locale\" content=\"it_IT\" \/>\n<meta property=\"og:type\" content=\"article\" \/>\n<meta property=\"og:title\" content=\"Union with partner or visit to family - Consulate of San Marino to the UK\" \/>\n<meta property=\"og:description\" content=\"If you are staying in the UK for an extended period of time to reunite with your partner or to visit family, you may need a visa depending on how ... Leggi tutto\" \/>\n<meta property=\"og:url\" content=\"https:\/\/www.consolatosanmarino.uk\/it\/union-with-partner-or-visit-to-family\/\" \/>\n<meta property=\"og:site_name\" content=\"Consulate of San Marino to the UK\" \/>\n<meta property=\"article:publisher\" content=\"https:\/\/www.facebook.com\/ConsolatoRsmUK\/\" \/>\n<meta property=\"article:modified_time\" content=\"2024-01-17T11:04:17+00:00\" \/>\n<meta property=\"og:image\" content=\"https:\/\/www.consolatosanmarino.uk\/wp-content\/uploads\/sites\/16\/2021\/03\/images.jpg\" \/>\n\t<meta property=\"og:image:width\" content=\"274\" \/>\n\t<meta property=\"og:image:height\" content=\"184\" \/>\n\t<meta property=\"og:image:type\" content=\"image\/jpeg\" \/>\n<meta name=\"twitter:card\" content=\"summary_large_image\" \/>\n<meta name=\"twitter:site\" content=\"@consolatorsmuk\" \/>\n<meta name=\"twitter:label1\" content=\"Tempo di lettura stimato\" \/>\n\t<meta name=\"twitter:data1\" content=\"2 minuti\" \/>\n<script type=\"application\/ld+json\" class=\"yoast-schema-graph\">{\"@context\":\"https:\/\/schema.org\",\"@graph\":[{\"@type\":\"WebPage\",\"@id\":\"https:\/\/www.consolatosanmarino.uk\/it\/union-with-partner-or-visit-to-family\/\",\"url\":\"https:\/\/www.consolatosanmarino.uk\/it\/union-with-partner-or-visit-to-family\/\",\"name\":\"Union with partner or visit to family - Consulate of San Marino to the UK\",\"isPartOf\":{\"@id\":\"https:\/\/www.consolatosanmarino.uk\/en\/#website\"},\"datePublished\":\"2021-03-13T10:37:52+00:00\",\"dateModified\":\"2024-01-17T11:04:17+00:00\",\"breadcrumb\":{\"@id\":\"https:\/\/www.consolatosanmarino.uk\/it\/union-with-partner-or-visit-to-family\/#breadcrumb\"},\"inLanguage\":\"it-IT\",\"potentialAction\":[{\"@type\":\"ReadAction\",\"target\":[\"https:\/\/www.consolatosanmarino.uk\/it\/union-with-partner-or-visit-to-family\/\"]}]},{\"@type\":\"BreadcrumbList\",\"@id\":\"https:\/\/www.consolatosanmarino.uk\/it\/union-with-partner-or-visit-to-family\/#breadcrumb\",\"itemListElement\":[{\"@type\":\"ListItem\",\"position\":1,\"name\":\"Home\",\"item\":\"https:\/\/www.consolatosanmarino.uk\/\"},{\"@type\":\"ListItem\",\"position\":2,\"name\":\"Union with partner or visit to family\"}]},{\"@type\":\"WebSite\",\"@id\":\"https:\/\/www.consolatosanmarino.uk\/en\/#website\",\"url\":\"https:\/\/www.consolatosanmarino.uk\/en\/\",\"name\":\"Consulate of San Marino to the UK\",\"description\":\"Consulate of the Republic of San Marino to the UK\",\"publisher\":{\"@id\":\"https:\/\/www.consolatosanmarino.uk\/en\/#organization\"},\"potentialAction\":[{\"@type\":\"SearchAction\",\"target\":{\"@type\":\"EntryPoint\",\"urlTemplate\":\"https:\/\/www.consolatosanmarino.uk\/en\/?s={search_term_string}\"},\"query-input\":\"required name=search_term_string\"}],\"inLanguage\":\"it-IT\"},{\"@type\":\"Organization\",\"@id\":\"https:\/\/www.consolatosanmarino.uk\/en\/#organization\",\"name\":\"Consulate of the Republic of San Marino to the UK\",\"url\":\"https:\/\/www.consolatosanmarino.uk\/en\/\",\"logo\":{\"@type\":\"ImageObject\",\"inLanguage\":\"it-IT\",\"@id\":\"https:\/\/www.consolatosanmarino.uk\/en\/#\/schema\/logo\/image\/\",\"url\":\"https:\/\/www.consolatosanmarino.uk\/wp-content\/uploads\/sites\/16\/2019\/11\/San-Marino-logo-2019-400x400-v01.jpg\",\"contentUrl\":\"https:\/\/www.consolatosanmarino.uk\/wp-content\/uploads\/sites\/16\/2019\/11\/San-Marino-logo-2019-400x400-v01.jpg\",\"width\":400,\"height\":400,\"caption\":\"Consulate of the Republic of San Marino to the UK\"},\"image\":{\"@id\":\"https:\/\/www.consolatosanmarino.uk\/en\/#\/schema\/logo\/image\/\"},\"sameAs\":[\"https:\/\/www.facebook.com\/ConsolatoRsmUK\/\",\"https:\/\/twitter.com\/consolatorsmuk\",\"https:\/\/www.linkedin.com\/company\/consolatorsmuk\/\",\"https:\/\/www.instagram.com\/consolatorsmuk\/\"]}]}<\/script>\n<!-- \/ Yoast SEO plugin. -->","yoast_head_json":{"title":"Union with partner or visit to family - Consulate of San Marino to the UK","robots":{"index":"index","follow":"follow","max-snippet":"max-snippet:-1","max-image-preview":"max-image-preview:large","max-video-preview":"max-video-preview:-1"},"canonical":"https:\/\/www.consolatosanmarino.uk\/it\/union-with-partner-or-visit-to-family\/","og_locale":"it_IT","og_type":"article","og_title":"Union with partner or visit to family - Consulate of San Marino to the UK","og_description":"If you are staying in the UK for an extended period of time to reunite with your partner or to visit family, you may need a visa depending on how ... Leggi tutto","og_url":"https:\/\/www.consolatosanmarino.uk\/it\/union-with-partner-or-visit-to-family\/","og_site_name":"Consulate of San Marino to the UK","article_publisher":"https:\/\/www.facebook.com\/ConsolatoRsmUK\/","article_modified_time":"2024-01-17T11:04:17+00:00","og_image":[{"width":274,"height":184,"url":"https:\/\/www.consolatosanmarino.uk\/wp-content\/uploads\/sites\/16\/2021\/03\/images.jpg","type":"image\/jpeg"}],"twitter_card":"summary_large_image","twitter_site":"@consolatorsmuk","twitter_misc":{"Tempo di lettura stimato":"2 minuti"},"schema":{"@context":"https:\/\/schema.org","@graph":[{"@type":"WebPage","@id":"https:\/\/www.consolatosanmarino.uk\/it\/union-with-partner-or-visit-to-family\/","url":"https:\/\/www.consolatosanmarino.uk\/it\/union-with-partner-or-visit-to-family\/","name":"Union with partner or visit to family - Consulate of San Marino to the UK","isPartOf":{"@id":"https:\/\/www.consolatosanmarino.uk\/en\/#website"},"datePublished":"2021-03-13T10:37:52+00:00","dateModified":"2024-01-17T11:04:17+00:00","breadcrumb":{"@id":"https:\/\/www.consolatosanmarino.uk\/it\/union-with-partner-or-visit-to-family\/#breadcrumb"},"inLanguage":"it-IT","potentialAction":[{"@type":"ReadAction","target":["https:\/\/www.consolatosanmarino.uk\/it\/union-with-partner-or-visit-to-family\/"]}]},{"@type":"BreadcrumbList","@id":"https:\/\/www.consolatosanmarino.uk\/it\/union-with-partner-or-visit-to-family\/#breadcrumb","itemListElement":[{"@type":"ListItem","position":1,"name":"Home","item":"https:\/\/www.consolatosanmarino.uk\/"},{"@type":"ListItem","position":2,"name":"Union with partner or visit to family"}]},{"@type":"WebSite","@id":"https:\/\/www.consolatosanmarino.uk\/en\/#website","url":"https:\/\/www.consolatosanmarino.uk\/en\/","name":"Consulate of San Marino to the UK","description":"Consulate of the Republic of San Marino to the UK","publisher":{"@id":"https:\/\/www.consolatosanmarino.uk\/en\/#organization"},"potentialAction":[{"@type":"SearchAction","target":{"@type":"EntryPoint","urlTemplate":"https:\/\/www.consolatosanmarino.uk\/en\/?s={search_term_string}"},"query-input":"required name=search_term_string"}],"inLanguage":"it-IT"},{"@type":"Organization","@id":"https:\/\/www.consolatosanmarino.uk\/en\/#organization","name":"Consulate of the Republic of San Marino to the UK","url":"https:\/\/www.consolatosanmarino.uk\/en\/","logo":{"@type":"ImageObject","inLanguage":"it-IT","@id":"https:\/\/www.consolatosanmarino.uk\/en\/#\/schema\/logo\/image\/","url":"https:\/\/www.consolatosanmarino.uk\/wp-content\/uploads\/sites\/16\/2019\/11\/San-Marino-logo-2019-400x400-v01.jpg","contentUrl":"https:\/\/www.consolatosanmarino.uk\/wp-content\/uploads\/sites\/16\/2019\/11\/San-Marino-logo-2019-400x400-v01.jpg","width":400,"height":400,"caption":"Consulate of the Republic of San Marino to the UK"},"image":{"@id":"https:\/\/www.consolatosanmarino.uk\/en\/#\/schema\/logo\/image\/"},"sameAs":["https:\/\/www.facebook.com\/ConsolatoRsmUK\/","https:\/\/twitter.com\/consolatorsmuk","https:\/\/www.linkedin.com\/company\/consolatorsmuk\/","https:\/\/www.instagram.com\/consolatorsmuk\/"]}]}},"_links":{"self":[{"href":"https:\/\/www.consolatosanmarino.uk\/it\/wp-json\/wp\/v2\/pages\/1246","targetHints":{"allow":["GET"]}}],"collection":[{"href":"https:\/\/www.consolatosanmarino.uk\/it\/wp-json\/wp\/v2\/pages"}],"about":[{"href":"https:\/\/www.consolatosanmarino.uk\/it\/wp-json\/wp\/v2\/types\/page"}],"author":[{"embeddable":true,"href":"https:\/\/www.consolatosanmarino.uk\/it\/wp-json\/wp\/v2\/users\/23"}],"replies":[{"embeddable":true,"href":"https:\/\/www.consolatosanmarino.uk\/it\/wp-json\/wp\/v2\/comments?post=1246"}],"version-history":[{"count":3,"href":"https:\/\/www.consolatosanmarino.uk\/it\/wp-json\/wp\/v2\/pages\/1246\/revisions"}],"predecessor-version":[{"id":1294,"href":"https:\/\/www.consolatosanmarino.uk\/it\/wp-json\/wp\/v2\/pages\/1246\/revisions\/1294"}],"wp:featuredmedia":[{"embeddable":true,"href":"https:\/\/www.consolatosanmarino.uk\/it\/wp-json\/wp\/v2\/media\/1247"}],"wp:attachment":[{"href":"https:\/\/www.consolatosanmarino.uk\/it\/wp-json\/wp\/v2\/media?parent=1246"}],"curies":[{"name":"wp","href":"https:\/\/api.w.org\/{rel}","templated":true}]}}