{"id":1239,"date":"2021-03-13T10:31:53","date_gmt":"2021-03-13T10:31:53","guid":{"rendered":"https:\/\/www.consolatosanmarino.uk\/?page_id=1239"},"modified":"2024-01-17T11:04:02","modified_gmt":"2024-01-17T11:04:02","slug":"study","status":"publish","type":"page","link":"https:\/\/www.consolatosanmarino.uk\/it\/study\/","title":{"rendered":"Study"},"content":{"rendered":"<p><strong>6 mesi o meno<\/strong><\/p>\n\n\n\n<p>Se si desidera rimanere in Regno Unito fino ad un massimo di 6 mesi per motivazioni di studio non si ha bisogno di un visto.&nbsp;<\/p>\n\n\n\n<p>Senza un visto si potr\u00e0 visitare il Regno Unito per studiare in un istituto accreditato per un massimo di 6 mesi, corsi di lingua inglese inclusi.<\/p>\n\n\n\n<p>Si potr\u00e0 anche fare una breve ricerca accademica che sia rilevante per il proprio corso all'estero, un corso 'elettivo' ovvero un tirocinio opzionale aggiuntivo, se si sta studiando medicina, scienza veterinaria, odontoiatra o un corso ricreativo della durata massima di 30 giorni, per esempio un corso di danza.<\/p>\n\n\n\n<p>Senza il visto non si potr\u00e0:<\/p>\n\n\n\n<ul class=\"wp-block-list\"><li>studiare in una scuola o accademia finanziata dallo stato<\/li><li>fare un corso che duri pi\u00f9 di 6 mesi (eccetto se si stia facendo un corso a distanza)<\/li><li>svolgere un lavoro retribuito o non retribuito (questo include esperienze di lavoro o tirocini, a meno che non si tratti di un tirocinio medico, veterinario o odontoiatrico idoneo)<\/li><li>vivere nel Regno Unito per lunghi periodi di tempo attraverso visite frequenti o successive<\/li><li>ricevere fondi pubblici&nbsp;<\/li><\/ul>\n\n\n\n<p>Al confine inglese si dovr\u00e0 fornire un passaporto che dovr\u00e0 essere valido per tutta la durata del soggiorno nel Regno Unito.<\/p>\n\n\n\n<p>Potrebbe anche essere chiesto di provare che:<\/p>\n\n\n\n<ul class=\"wp-block-list\"><li>si sia stati accettati ad un corso da un'istituzione accreditata, per esempio attraverso una lettera di accettazione su carta intestata ufficiale che indichi il nome del corso, la durata ed il costo<\/li><li>la propria ricerca o formazione \u00e8 rilevante per il corso che si sta frequentando all'estero; lo si pu\u00f2 provare, per esempio, mostrando una lettera del proprio istituto di istruzione di origine che ne descriva la rilevanza<\/li><li>si sia in grado di mantenere te stessi e le persone a proprio carico durante il proprio viaggio (o che si abbia un finanziamento da parte di qualcun altro per mantenersi)<\/li><li>si sia in grado di pagare il proprio viaggio di ritorno o di proseguimento (o che si abbia un finanziamento da qualcun altro)<\/li><li>si sia organizzato l'alloggio per il proprio soggiorno<\/li><li>si lasci il Regno Unito alla fine della propria visita<\/li><\/ul>\n\n\n\n<p>Per studiare o fare ricerca nell\u2019ambito di alcune materie, si potrebbe aver bisogno di un certificato ATAS (Academic Technology Approval Scheme). Si dovr\u00e0 richiedere il certificato ATAS prima di iniziare il proprio corso.<\/p>\n\n\n\n<p>Se si ha meno di 18 anni e si viaggia da soli, bisogner\u00e0 mostrare una lettera di un genitore o guardiano che fornisca:<\/p>\n\n\n\n<ul class=\"wp-block-list\"><li>i propri contatti e il proprio consenso al proprio viaggio nel Regno Unito<\/li><li>il nome, la data di nascita, l'indirizzo e la propria relazione con la persona cui si soggiorna durante il viaggio in Regno Unito<\/li><li>il proprio consenso per poter soggiornare dalla persona indicata nella lettera<\/li><\/ul>\n\n\n\n<p>Se non si star\u00e0 con un parente stretto il proprio genitore, tutore o la scuola devono informare l'autorit\u00e0 locale competente della propria visita se:<\/p>\n\n\n\n<ul class=\"wp-block-list\"><li>\u25cf\tsi ha meno di 16 anni (o meno di 18 se disabile)<\/li><li>si verr\u00e0 ospitati per pi\u00f9 di 28 giorni da qualcuno che non \u00e8 un parente stretto (chiamato \"affidamento privato\")<\/li><\/ul>\n\n\n\n<p>Bisogna portare una risposta dell'autorit\u00e0 locale, se si \u00e8 nel possesso di una.<\/p>\n\n\n\n<p><em>_________________________________<\/em><\/p>\n\n\n\n<p><strong><em>Pi\u00f9 di 6 mesi<\/em><\/strong><\/p>\n\n\n\n<p>Per studiare nel Regno Unito per pi\u00f9 di 6 mesi si ha bisogno di un visto e il tipo di visto da richiedere dipender\u00e0 dalle proprie circostanze.<\/p>\n\n\n\n<p>Se ci si recher\u00e0 nel Regno Unito per frequentare un corso di inglese di breve durata, bisogner\u00e0 richiedere il visto a breve termine per studenti (Short-term study visa). Con questo visto si potr\u00e0 studiare fino ad un massimo di 11 mesi.<\/p>\n\n\n\n<p>Se si andr\u00e0 in Regno Unito per frequentare un corso di studi di durata superiore, bisogner\u00e0 richiedere un visto per studenti (Student Visa).<\/p>\n\n\n\n<p>Se invece si ha tra i 4 e i 17 anni e si desidera andare in Regno Unito a studiare in una scuola privata, bisogner\u00e0 richiedere il visto per bambini studenti (Child Student visa).<\/p>\n\n\n\n<p>Il Consolato Onorario di San Marino cerca di mantenere aggiornate le informazioni di cui sopra, ma raccomanda vivamente di controllare il&nbsp;<a href=\"https:\/\/www.gov.uk\/check-uk-visa\/y\/san-marino\/study\" data-type=\"URL\" data-id=\"https:\/\/www.gov.uk\/check-uk-visa\/y\/san-marino\/study\" target=\"_blank\" rel=\"noreferrer noopener\">sito web del governo britannico<\/a>&nbsp;per ogni eventuale cambiamento.<\/p>","protected":false},"excerpt":{"rendered":"<p>6 months or less If you wish to stay in the UK for up to 6 months for study purposes you do not need a visa.&nbsp; Without a visa you &#8230; <\/p>\n<p class=\"read-more-container\"><a title=\"Study\" class=\"read-more button\" href=\"https:\/\/www.consolatosanmarino.uk\/it\/study\/#more-1239\" aria-label=\"More on Study\">Leggi tutto<\/a><\/p>","protected":false},"author":23,"featured_media":1241,"parent":0,"menu_order":0,"comment_status":"closed","ping_status":"closed","template":"","meta":{"footnotes":""},"class_list":["post-1239","page","type-page","status-publish","has-post-thumbnail"],"yoast_head":"<!-- This site is optimized with the Yoast SEO plugin v20.3 - https:\/\/yoast.com\/wordpress\/plugins\/seo\/ -->\n<title>Study - Consulate of San Marino to the UK<\/title>\n<meta name=\"robots\" content=\"index, follow, max-snippet:-1, max-image-preview:large, max-video-preview:-1\" \/>\n<link rel=\"canonical\" href=\"https:\/\/www.consolatosanmarino.uk\/it\/study\/\" \/>\n<meta property=\"og:locale\" content=\"it_IT\" \/>\n<meta property=\"og:type\" content=\"article\" \/>\n<meta property=\"og:title\" content=\"Study - Consulate of San Marino to the UK\" \/>\n<meta property=\"og:description\" content=\"6 months or less If you wish to stay in the UK for up to 6 months for study purposes you do not need a visa.&nbsp; Without a visa you ... Leggi tutto\" \/>\n<meta property=\"og:url\" content=\"https:\/\/www.consolatosanmarino.uk\/it\/study\/\" \/>\n<meta property=\"og:site_name\" content=\"Consulate of San Marino to the UK\" \/>\n<meta property=\"article:publisher\" content=\"https:\/\/www.facebook.com\/ConsolatoRsmUK\/\" \/>\n<meta property=\"article:modified_time\" content=\"2024-01-17T11:04:02+00:00\" \/>\n<meta property=\"og:image\" content=\"https:\/\/www.consolatosanmarino.uk\/wp-content\/uploads\/sites\/16\/2021\/03\/1573019237_Student_visa_in_UK.jpg\" \/>\n\t<meta property=\"og:image:width\" content=\"800\" \/>\n\t<meta property=\"og:image:height\" content=\"400\" \/>\n\t<meta property=\"og:image:type\" content=\"image\/jpeg\" \/>\n<meta name=\"twitter:card\" content=\"summary_large_image\" \/>\n<meta name=\"twitter:site\" content=\"@consolatorsmuk\" \/>\n<meta name=\"twitter:label1\" content=\"Tempo di lettura stimato\" \/>\n\t<meta name=\"twitter:data1\" content=\"3 minuti\" \/>\n<script type=\"application\/ld+json\" class=\"yoast-schema-graph\">{\"@context\":\"https:\/\/schema.org\",\"@graph\":[{\"@type\":\"WebPage\",\"@id\":\"https:\/\/www.consolatosanmarino.uk\/it\/study\/\",\"url\":\"https:\/\/www.consolatosanmarino.uk\/it\/study\/\",\"name\":\"Study - Consulate of San Marino to the UK\",\"isPartOf\":{\"@id\":\"https:\/\/www.consolatosanmarino.uk\/en\/#website\"},\"datePublished\":\"2021-03-13T10:31:53+00:00\",\"dateModified\":\"2024-01-17T11:04:02+00:00\",\"breadcrumb\":{\"@id\":\"https:\/\/www.consolatosanmarino.uk\/it\/study\/#breadcrumb\"},\"inLanguage\":\"it-IT\",\"potentialAction\":[{\"@type\":\"ReadAction\",\"target\":[\"https:\/\/www.consolatosanmarino.uk\/it\/study\/\"]}]},{\"@type\":\"BreadcrumbList\",\"@id\":\"https:\/\/www.consolatosanmarino.uk\/it\/study\/#breadcrumb\",\"itemListElement\":[{\"@type\":\"ListItem\",\"position\":1,\"name\":\"Home\",\"item\":\"https:\/\/www.consolatosanmarino.uk\/\"},{\"@type\":\"ListItem\",\"position\":2,\"name\":\"Study\"}]},{\"@type\":\"WebSite\",\"@id\":\"https:\/\/www.consolatosanmarino.uk\/en\/#website\",\"url\":\"https:\/\/www.consolatosanmarino.uk\/en\/\",\"name\":\"Consulate of San Marino to the UK\",\"description\":\"Consulate of the Republic of San Marino to the UK\",\"publisher\":{\"@id\":\"https:\/\/www.consolatosanmarino.uk\/en\/#organization\"},\"potentialAction\":[{\"@type\":\"SearchAction\",\"target\":{\"@type\":\"EntryPoint\",\"urlTemplate\":\"https:\/\/www.consolatosanmarino.uk\/en\/?s={search_term_string}\"},\"query-input\":\"required name=search_term_string\"}],\"inLanguage\":\"it-IT\"},{\"@type\":\"Organization\",\"@id\":\"https:\/\/www.consolatosanmarino.uk\/en\/#organization\",\"name\":\"Consulate of the Republic of San Marino to the UK\",\"url\":\"https:\/\/www.consolatosanmarino.uk\/en\/\",\"logo\":{\"@type\":\"ImageObject\",\"inLanguage\":\"it-IT\",\"@id\":\"https:\/\/www.consolatosanmarino.uk\/en\/#\/schema\/logo\/image\/\",\"url\":\"https:\/\/www.consolatosanmarino.uk\/wp-content\/uploads\/sites\/16\/2019\/11\/San-Marino-logo-2019-400x400-v01.jpg\",\"contentUrl\":\"https:\/\/www.consolatosanmarino.uk\/wp-content\/uploads\/sites\/16\/2019\/11\/San-Marino-logo-2019-400x400-v01.jpg\",\"width\":400,\"height\":400,\"caption\":\"Consulate of the Republic of San Marino to the UK\"},\"image\":{\"@id\":\"https:\/\/www.consolatosanmarino.uk\/en\/#\/schema\/logo\/image\/\"},\"sameAs\":[\"https:\/\/www.facebook.com\/ConsolatoRsmUK\/\",\"https:\/\/twitter.com\/consolatorsmuk\",\"https:\/\/www.linkedin.com\/company\/consolatorsmuk\/\",\"https:\/\/www.instagram.com\/consolatorsmuk\/\"]}]}<\/script>\n<!-- \/ Yoast SEO plugin. -->","yoast_head_json":{"title":"Study - Consulate of San Marino to the UK","robots":{"index":"index","follow":"follow","max-snippet":"max-snippet:-1","max-image-preview":"max-image-preview:large","max-video-preview":"max-video-preview:-1"},"canonical":"https:\/\/www.consolatosanmarino.uk\/it\/study\/","og_locale":"it_IT","og_type":"article","og_title":"Study - Consulate of San Marino to the UK","og_description":"6 months or less If you wish to stay in the UK for up to 6 months for study purposes you do not need a visa.&nbsp; Without a visa you ... Leggi tutto","og_url":"https:\/\/www.consolatosanmarino.uk\/it\/study\/","og_site_name":"Consulate of San Marino to the UK","article_publisher":"https:\/\/www.facebook.com\/ConsolatoRsmUK\/","article_modified_time":"2024-01-17T11:04:02+00:00","og_image":[{"width":800,"height":400,"url":"https:\/\/www.consolatosanmarino.uk\/wp-content\/uploads\/sites\/16\/2021\/03\/1573019237_Student_visa_in_UK.jpg","type":"image\/jpeg"}],"twitter_card":"summary_large_image","twitter_site":"@consolatorsmuk","twitter_misc":{"Tempo di lettura stimato":"3 minuti"},"schema":{"@context":"https:\/\/schema.org","@graph":[{"@type":"WebPage","@id":"https:\/\/www.consolatosanmarino.uk\/it\/study\/","url":"https:\/\/www.consolatosanmarino.uk\/it\/study\/","name":"Study - Consulate of San Marino to the UK","isPartOf":{"@id":"https:\/\/www.consolatosanmarino.uk\/en\/#website"},"datePublished":"2021-03-13T10:31:53+00:00","dateModified":"2024-01-17T11:04:02+00:00","breadcrumb":{"@id":"https:\/\/www.consolatosanmarino.uk\/it\/study\/#breadcrumb"},"inLanguage":"it-IT","potentialAction":[{"@type":"ReadAction","target":["https:\/\/www.consolatosanmarino.uk\/it\/study\/"]}]},{"@type":"BreadcrumbList","@id":"https:\/\/www.consolatosanmarino.uk\/it\/study\/#breadcrumb","itemListElement":[{"@type":"ListItem","position":1,"name":"Home","item":"https:\/\/www.consolatosanmarino.uk\/"},{"@type":"ListItem","position":2,"name":"Study"}]},{"@type":"WebSite","@id":"https:\/\/www.consolatosanmarino.uk\/en\/#website","url":"https:\/\/www.consolatosanmarino.uk\/en\/","name":"Consulate of San Marino to the UK","description":"Consulate of the Republic of San Marino to the UK","publisher":{"@id":"https:\/\/www.consolatosanmarino.uk\/en\/#organization"},"potentialAction":[{"@type":"SearchAction","target":{"@type":"EntryPoint","urlTemplate":"https:\/\/www.consolatosanmarino.uk\/en\/?s={search_term_string}"},"query-input":"required name=search_term_string"}],"inLanguage":"it-IT"},{"@type":"Organization","@id":"https:\/\/www.consolatosanmarino.uk\/en\/#organization","name":"Consulate of the Republic of San Marino to the UK","url":"https:\/\/www.consolatosanmarino.uk\/en\/","logo":{"@type":"ImageObject","inLanguage":"it-IT","@id":"https:\/\/www.consolatosanmarino.uk\/en\/#\/schema\/logo\/image\/","url":"https:\/\/www.consolatosanmarino.uk\/wp-content\/uploads\/sites\/16\/2019\/11\/San-Marino-logo-2019-400x400-v01.jpg","contentUrl":"https:\/\/www.consolatosanmarino.uk\/wp-content\/uploads\/sites\/16\/2019\/11\/San-Marino-logo-2019-400x400-v01.jpg","width":400,"height":400,"caption":"Consulate of the Republic of San Marino to the UK"},"image":{"@id":"https:\/\/www.consolatosanmarino.uk\/en\/#\/schema\/logo\/image\/"},"sameAs":["https:\/\/www.facebook.com\/ConsolatoRsmUK\/","https:\/\/twitter.com\/consolatorsmuk","https:\/\/www.linkedin.com\/company\/consolatorsmuk\/","https:\/\/www.instagram.com\/consolatorsmuk\/"]}]}},"_links":{"self":[{"href":"https:\/\/www.consolatosanmarino.uk\/it\/wp-json\/wp\/v2\/pages\/1239","targetHints":{"allow":["GET"]}}],"collection":[{"href":"https:\/\/www.consolatosanmarino.uk\/it\/wp-json\/wp\/v2\/pages"}],"about":[{"href":"https:\/\/www.consolatosanmarino.uk\/it\/wp-json\/wp\/v2\/types\/page"}],"author":[{"embeddable":true,"href":"https:\/\/www.consolatosanmarino.uk\/it\/wp-json\/wp\/v2\/users\/23"}],"replies":[{"embeddable":true,"href":"https:\/\/www.consolatosanmarino.uk\/it\/wp-json\/wp\/v2\/comments?post=1239"}],"version-history":[{"count":3,"href":"https:\/\/www.consolatosanmarino.uk\/it\/wp-json\/wp\/v2\/pages\/1239\/revisions"}],"predecessor-version":[{"id":1293,"href":"https:\/\/www.consolatosanmarino.uk\/it\/wp-json\/wp\/v2\/pages\/1239\/revisions\/1293"}],"wp:featuredmedia":[{"embeddable":true,"href":"https:\/\/www.consolatosanmarino.uk\/it\/wp-json\/wp\/v2\/media\/1241"}],"wp:attachment":[{"href":"https:\/\/www.consolatosanmarino.uk\/it\/wp-json\/wp\/v2\/media?parent=1239"}],"curies":[{"name":"wp","href":"https:\/\/api.w.org\/{rel}","templated":true}]}}