{"id":1232,"date":"2021-03-13T10:20:23","date_gmt":"2021-03-13T10:20:23","guid":{"rendered":"https:\/\/www.consolatosanmarino.uk\/?page_id=1232"},"modified":"2024-01-17T11:04:14","modified_gmt":"2024-01-17T11:04:14","slug":"tourism","status":"publish","type":"page","link":"https:\/\/www.consolatosanmarino.uk\/it\/tourism\/","title":{"rendered":"Turismo"},"content":{"rendered":"<p>Se si soggiorner\u00e0 nel Regno Unito per un massimo di 6 mesi per ragioni turistiche non si avr\u00e0 bisogno di un visto.<\/p>\n\n\n\n<p><br>Se si hanno precedenti penali o se si \u00e8 precedentemente visto rifiutare l\u2019ingresso nel Regno Unito, sarebbe per\u00f2 opportuno richiedere un visto.<\/p>\n\n\n\n<p><br>Per ragioni turistiche si potr\u00e0 fare una vacanza in Regno Unito o passare del tempo con la famiglia o gli amici.<\/p>\n\n\n\n<p>Tuttavia, non si potr\u00e0:<\/p>\n\n\n\n<ul class=\"wp-block-list\"><li>Svolgere lavoro retribuito o non per un\u2019azienda inglese o come libero professionista<br><\/li><li>Reclamare fondi pubblici (sussidi\/detrazioni)<\/li><\/ul>\n\n\n\n<ul class=\"wp-block-list\"><li>Vivere nel Regno Unito per lunghi periodi di tempo attraverso visite frequenti o successive<br><\/li><li>Non ci si potr\u00e0 sposare o registrare un unione civile, nemmeno comunicare un matrimonio o un\u2019unione civile.<\/li><\/ul>\n\n\n\n<p>Per fare questo si avr\u00e0 bisogno di un visto per visitatori che intendono sposarsi, chiamato Marriage Visitor Visa.<\/p>\n\n\n\n<p>Al confine inglese si dovr\u00e0 fornire un passaporto che dovr\u00e0 essere valido per tutta la durata del soggiorno nel Regno Unito.<\/p>\n\n\n\n<p>Inoltre, potrebbe anche essere chiesto di provare che:<\/p>\n\n\n\n<ul class=\"wp-block-list\"><li>Si sta visitando il Regno Unito per fini turistici<\/li><li>Si \u00e8 in grado di supportare se stessi e i propri dipendenti durante la visita (o si ha un finanziamento da parte di qualcun altro per supportarsi)<\/li><li>Si \u00e8 provveduto a trovare una sistemazione per il periodo di permanenza<\/li><li>Si \u00e8 in grado di pagare per il ritorno o proseguimento del viaggio (o si ha un finanziamento da parte di terzi)<\/li><li>Si lascer\u00e0 il Regno Unito non appena finir\u00e0 la visita<\/li><\/ul>\n\n\n\n<p>Se si hanno meno di 18 anni e si sta viaggiando da soli potrebbe essere richiesta una lettera di un genitore o tutore che fornisca:<\/p>\n\n\n\n<ul class=\"wp-block-list\"><li>i propri contatti e il proprio consenso a fare viaggiare nel Regno Unito<\/li><li>il nome, data di nascita, indirizzo e relazione con il minore della persona presso la quale quest\u2019ultimo soggiorner\u00e0<\/li><li>il proprio consenso a fare soggiornare il minore dalla persona nominata nella lettera<\/li><\/ul>\n\n\n\n<p>Se non si soggiorner\u00e0 da un parente stretto, il proprio genitore o tutore dovr\u00e0 avvisare le autorit\u00e0 locali competenti della visita sia se si hanno meno di 16 anni (o meno 18 se si ha una disabilit\u00e0), sia se si verr\u00e0 assistiti per pi\u00f9 di 28 giorni da qualcuno che non \u00e8 un proprio parente stretto (chiamato affidamento privato, \u201cprivate foster care\u201d)<\/p>\n\n\n\n<p>\u00c9 consigliabile portare con s\u00e9 una risposta dalle autorit\u00e0 locali se se ne ha una.<\/p>\n\n\n\n<p>Il Consolato Onorario di San Marino cerca di mantenere aggiornate le informazioni di cui sopra, ma raccomanda vivamente di controllare il <a href=\"https:\/\/www.gov.uk\/check-uk-visa\/y\/san-marino\/tourism\" data-type=\"URL\" data-id=\"https:\/\/www.gov.uk\/check-uk-visa\/y\/san-marino\/tourism\" target=\"_blank\" rel=\"noreferrer noopener\">sito web del governo britannico<\/a> per ogni eventuale cambiamento.<\/p>","protected":false},"excerpt":{"rendered":"<p>If you will be staying in the UK for up to 6 months for tourist purposes you will not need a visa. If you have a criminal record or have &#8230; <\/p>\n<p class=\"read-more-container\"><a title=\"Turismo\" class=\"read-more button\" href=\"https:\/\/www.consolatosanmarino.uk\/it\/tourism\/#more-1232\" aria-label=\"More on Tourism\">Leggi tutto<\/a><\/p>","protected":false},"author":23,"featured_media":1234,"parent":0,"menu_order":0,"comment_status":"closed","ping_status":"closed","template":"","meta":{"footnotes":""},"class_list":["post-1232","page","type-page","status-publish","has-post-thumbnail"],"yoast_head":"<!-- This site is optimized with the Yoast SEO plugin v20.3 - https:\/\/yoast.com\/wordpress\/plugins\/seo\/ -->\n<title>Tourism - Consulate of San Marino to the UK<\/title>\n<meta name=\"robots\" content=\"index, follow, max-snippet:-1, max-image-preview:large, max-video-preview:-1\" \/>\n<link rel=\"canonical\" href=\"https:\/\/www.consolatosanmarino.uk\/it\/tourism\/\" \/>\n<meta property=\"og:locale\" content=\"it_IT\" \/>\n<meta property=\"og:type\" content=\"article\" \/>\n<meta property=\"og:title\" content=\"Tourism - Consulate of San Marino to the UK\" \/>\n<meta property=\"og:description\" content=\"If you will be staying in the UK for up to 6 months for tourist purposes you will not need a visa. If you have a criminal record or have ... Leggi tutto\" \/>\n<meta property=\"og:url\" content=\"https:\/\/www.consolatosanmarino.uk\/it\/tourism\/\" \/>\n<meta property=\"og:site_name\" content=\"Consulate of San Marino to the UK\" \/>\n<meta property=\"article:publisher\" content=\"https:\/\/www.facebook.com\/ConsolatoRsmUK\/\" \/>\n<meta property=\"article:modified_time\" content=\"2024-01-17T11:04:14+00:00\" \/>\n<meta property=\"og:image\" content=\"https:\/\/www.consolatosanmarino.uk\/wp-content\/uploads\/sites\/16\/2021\/03\/uk-visa.jpg\" \/>\n\t<meta property=\"og:image:width\" content=\"600\" \/>\n\t<meta property=\"og:image:height\" content=\"315\" \/>\n\t<meta property=\"og:image:type\" content=\"image\/jpeg\" \/>\n<meta name=\"twitter:card\" content=\"summary_large_image\" \/>\n<meta name=\"twitter:site\" content=\"@consolatorsmuk\" \/>\n<meta name=\"twitter:label1\" content=\"Tempo di lettura stimato\" \/>\n\t<meta name=\"twitter:data1\" content=\"2 minuti\" \/>\n<script type=\"application\/ld+json\" class=\"yoast-schema-graph\">{\"@context\":\"https:\/\/schema.org\",\"@graph\":[{\"@type\":\"WebPage\",\"@id\":\"https:\/\/www.consolatosanmarino.uk\/it\/tourism\/\",\"url\":\"https:\/\/www.consolatosanmarino.uk\/it\/tourism\/\",\"name\":\"Tourism - Consulate of San Marino to the UK\",\"isPartOf\":{\"@id\":\"https:\/\/www.consolatosanmarino.uk\/en\/#website\"},\"datePublished\":\"2021-03-13T10:20:23+00:00\",\"dateModified\":\"2024-01-17T11:04:14+00:00\",\"breadcrumb\":{\"@id\":\"https:\/\/www.consolatosanmarino.uk\/it\/tourism\/#breadcrumb\"},\"inLanguage\":\"it-IT\",\"potentialAction\":[{\"@type\":\"ReadAction\",\"target\":[\"https:\/\/www.consolatosanmarino.uk\/it\/tourism\/\"]}]},{\"@type\":\"BreadcrumbList\",\"@id\":\"https:\/\/www.consolatosanmarino.uk\/it\/tourism\/#breadcrumb\",\"itemListElement\":[{\"@type\":\"ListItem\",\"position\":1,\"name\":\"Home\",\"item\":\"https:\/\/www.consolatosanmarino.uk\/\"},{\"@type\":\"ListItem\",\"position\":2,\"name\":\"Tourism\"}]},{\"@type\":\"WebSite\",\"@id\":\"https:\/\/www.consolatosanmarino.uk\/en\/#website\",\"url\":\"https:\/\/www.consolatosanmarino.uk\/en\/\",\"name\":\"Consulate of San Marino to the UK\",\"description\":\"Consulate of the Republic of San Marino to the UK\",\"publisher\":{\"@id\":\"https:\/\/www.consolatosanmarino.uk\/en\/#organization\"},\"potentialAction\":[{\"@type\":\"SearchAction\",\"target\":{\"@type\":\"EntryPoint\",\"urlTemplate\":\"https:\/\/www.consolatosanmarino.uk\/en\/?s={search_term_string}\"},\"query-input\":\"required name=search_term_string\"}],\"inLanguage\":\"it-IT\"},{\"@type\":\"Organization\",\"@id\":\"https:\/\/www.consolatosanmarino.uk\/en\/#organization\",\"name\":\"Consulate of the Republic of San Marino to the UK\",\"url\":\"https:\/\/www.consolatosanmarino.uk\/en\/\",\"logo\":{\"@type\":\"ImageObject\",\"inLanguage\":\"it-IT\",\"@id\":\"https:\/\/www.consolatosanmarino.uk\/en\/#\/schema\/logo\/image\/\",\"url\":\"https:\/\/www.consolatosanmarino.uk\/wp-content\/uploads\/sites\/16\/2019\/11\/San-Marino-logo-2019-400x400-v01.jpg\",\"contentUrl\":\"https:\/\/www.consolatosanmarino.uk\/wp-content\/uploads\/sites\/16\/2019\/11\/San-Marino-logo-2019-400x400-v01.jpg\",\"width\":400,\"height\":400,\"caption\":\"Consulate of the Republic of San Marino to the UK\"},\"image\":{\"@id\":\"https:\/\/www.consolatosanmarino.uk\/en\/#\/schema\/logo\/image\/\"},\"sameAs\":[\"https:\/\/www.facebook.com\/ConsolatoRsmUK\/\",\"https:\/\/twitter.com\/consolatorsmuk\",\"https:\/\/www.linkedin.com\/company\/consolatorsmuk\/\",\"https:\/\/www.instagram.com\/consolatorsmuk\/\"]}]}<\/script>\n<!-- \/ Yoast SEO plugin. -->","yoast_head_json":{"title":"Tourism - Consulate of San Marino to the UK","robots":{"index":"index","follow":"follow","max-snippet":"max-snippet:-1","max-image-preview":"max-image-preview:large","max-video-preview":"max-video-preview:-1"},"canonical":"https:\/\/www.consolatosanmarino.uk\/it\/tourism\/","og_locale":"it_IT","og_type":"article","og_title":"Tourism - Consulate of San Marino to the UK","og_description":"If you will be staying in the UK for up to 6 months for tourist purposes you will not need a visa. If you have a criminal record or have ... Leggi tutto","og_url":"https:\/\/www.consolatosanmarino.uk\/it\/tourism\/","og_site_name":"Consulate of San Marino to the UK","article_publisher":"https:\/\/www.facebook.com\/ConsolatoRsmUK\/","article_modified_time":"2024-01-17T11:04:14+00:00","og_image":[{"width":600,"height":315,"url":"https:\/\/www.consolatosanmarino.uk\/wp-content\/uploads\/sites\/16\/2021\/03\/uk-visa.jpg","type":"image\/jpeg"}],"twitter_card":"summary_large_image","twitter_site":"@consolatorsmuk","twitter_misc":{"Tempo di lettura stimato":"2 minuti"},"schema":{"@context":"https:\/\/schema.org","@graph":[{"@type":"WebPage","@id":"https:\/\/www.consolatosanmarino.uk\/it\/tourism\/","url":"https:\/\/www.consolatosanmarino.uk\/it\/tourism\/","name":"Tourism - Consulate of San Marino to the UK","isPartOf":{"@id":"https:\/\/www.consolatosanmarino.uk\/en\/#website"},"datePublished":"2021-03-13T10:20:23+00:00","dateModified":"2024-01-17T11:04:14+00:00","breadcrumb":{"@id":"https:\/\/www.consolatosanmarino.uk\/it\/tourism\/#breadcrumb"},"inLanguage":"it-IT","potentialAction":[{"@type":"ReadAction","target":["https:\/\/www.consolatosanmarino.uk\/it\/tourism\/"]}]},{"@type":"BreadcrumbList","@id":"https:\/\/www.consolatosanmarino.uk\/it\/tourism\/#breadcrumb","itemListElement":[{"@type":"ListItem","position":1,"name":"Home","item":"https:\/\/www.consolatosanmarino.uk\/"},{"@type":"ListItem","position":2,"name":"Tourism"}]},{"@type":"WebSite","@id":"https:\/\/www.consolatosanmarino.uk\/en\/#website","url":"https:\/\/www.consolatosanmarino.uk\/en\/","name":"Consulate of San Marino to the UK","description":"Consulate of the Republic of San Marino to the UK","publisher":{"@id":"https:\/\/www.consolatosanmarino.uk\/en\/#organization"},"potentialAction":[{"@type":"SearchAction","target":{"@type":"EntryPoint","urlTemplate":"https:\/\/www.consolatosanmarino.uk\/en\/?s={search_term_string}"},"query-input":"required name=search_term_string"}],"inLanguage":"it-IT"},{"@type":"Organization","@id":"https:\/\/www.consolatosanmarino.uk\/en\/#organization","name":"Consulate of the Republic of San Marino to the UK","url":"https:\/\/www.consolatosanmarino.uk\/en\/","logo":{"@type":"ImageObject","inLanguage":"it-IT","@id":"https:\/\/www.consolatosanmarino.uk\/en\/#\/schema\/logo\/image\/","url":"https:\/\/www.consolatosanmarino.uk\/wp-content\/uploads\/sites\/16\/2019\/11\/San-Marino-logo-2019-400x400-v01.jpg","contentUrl":"https:\/\/www.consolatosanmarino.uk\/wp-content\/uploads\/sites\/16\/2019\/11\/San-Marino-logo-2019-400x400-v01.jpg","width":400,"height":400,"caption":"Consulate of the Republic of San Marino to the UK"},"image":{"@id":"https:\/\/www.consolatosanmarino.uk\/en\/#\/schema\/logo\/image\/"},"sameAs":["https:\/\/www.facebook.com\/ConsolatoRsmUK\/","https:\/\/twitter.com\/consolatorsmuk","https:\/\/www.linkedin.com\/company\/consolatorsmuk\/","https:\/\/www.instagram.com\/consolatorsmuk\/"]}]}},"_links":{"self":[{"href":"https:\/\/www.consolatosanmarino.uk\/it\/wp-json\/wp\/v2\/pages\/1232","targetHints":{"allow":["GET"]}}],"collection":[{"href":"https:\/\/www.consolatosanmarino.uk\/it\/wp-json\/wp\/v2\/pages"}],"about":[{"href":"https:\/\/www.consolatosanmarino.uk\/it\/wp-json\/wp\/v2\/types\/page"}],"author":[{"embeddable":true,"href":"https:\/\/www.consolatosanmarino.uk\/it\/wp-json\/wp\/v2\/users\/23"}],"replies":[{"embeddable":true,"href":"https:\/\/www.consolatosanmarino.uk\/it\/wp-json\/wp\/v2\/comments?post=1232"}],"version-history":[{"count":2,"href":"https:\/\/www.consolatosanmarino.uk\/it\/wp-json\/wp\/v2\/pages\/1232\/revisions"}],"predecessor-version":[{"id":1264,"href":"https:\/\/www.consolatosanmarino.uk\/it\/wp-json\/wp\/v2\/pages\/1232\/revisions\/1264"}],"wp:featuredmedia":[{"embeddable":true,"href":"https:\/\/www.consolatosanmarino.uk\/it\/wp-json\/wp\/v2\/media\/1234"}],"wp:attachment":[{"href":"https:\/\/www.consolatosanmarino.uk\/it\/wp-json\/wp\/v2\/media?parent=1232"}],"curies":[{"name":"wp","href":"https:\/\/api.w.org\/{rel}","templated":true}]}}