{"id":1229,"date":"2021-03-13T10:17:00","date_gmt":"2021-03-13T10:17:00","guid":{"rendered":"https:\/\/www.consolatosanmarino.uk\/?page_id=1229"},"modified":"2024-01-17T11:04:25","modified_gmt":"2024-01-17T11:04:25","slug":"youth-mobility-visa-scheme-t5","status":"publish","type":"page","link":"https:\/\/www.consolatosanmarino.uk\/it\/youth-mobility-visa-scheme-t5\/","title":{"rendered":"Visto \"Youth Mobility Scheme\" (T5)"},"content":{"rendered":"<p>La Repubblica di San Marino ha siglato un accordo con il Regno Unito per quanto concerne la mobilit\u00e0 giovanile fra i due Stati.<\/p>\n\n\n\n<p><br>I giovani sammarinesi tra i 18 e i 30 anni che vorranno lavorare nel Regno Unito potranno infatti richiedere il visto Youth Mobility Scheme (T5). Questo visto, permetter\u00e0 di lavorare o studiare nel Regno Unito per un massimo di due anni.<\/p>\n\n\n\n<p><br>Il visto Tier 5, che \u00e8 totalmente indipendente dagli altri casi, ha un costo di 244\u00a3 al netto delle spese per l\u2019assicurazione medica specifiche per ogni richiedente.<\/p>\n\n\n\n<p><br>Per richiedere questo visto si dovranno avere almeno 2.530 sterline in risparmi per dimostrare la possibilit\u00e0 del proprio mantenimento nel Regno Unito. Tale cifra dovr\u00e0 essere disponibile per almeno 28 giorni di fila e il 28esimo dovr\u00e0 essere entro 31 giorni dalla richiesta di questo visto.<\/p>\n\n\n\n<p>Quando si far\u00e0 domanda si dovr\u00e0 fornire un passaporto valido con almeno una pagina bianca per il visto e un estratto conto bancario che dimostri il possesso di 2.530 sterline in risparmi. Ogni documento dovr\u00e0 essere fornito con traduzione certificata in inglese.<\/p>\n\n\n\n<p>Per tutta la durata del visto si potr\u00e0 uscire e rientrare nel Regno Unito in qualsiasi momento durante il proprio soggiorno.<\/p>\n\n\n\n<p>Con questo visto si potr\u00e0 studiare e svolgere un lavoro dipendente cos\u00ec come essere un lavoratore autonomo e fondare una societ\u00e0, a condizione che i locali siano in affitto, che le attrezzature non superino il valore di 5.000 sterline e che non si abbiano dipendenti.<\/p>\n\n\n\n<p>Non si potr\u00e0 lavorare come sportivo professionista (per esempio come allenatore), prolungare il soggiorno o ottenere fondi pubblici. I membri della propria famiglia dovranno fare domanda per un visto separatamente.<\/p>\n\n\n\n<p>Il Consolato Onorario di San Marino cerca di mantenere aggiornate le informazioni di cui sopra, ma raccomanda vivamente di controllare il <a href=\"https:\/\/www.gov.uk\/youth-mobility\" data-type=\"URL\" data-id=\"https:\/\/www.gov.uk\/youth-mobility\" target=\"_blank\" rel=\"noreferrer noopener\">sito web del governo britannico<\/a> per ogni eventuale cambiamento.<\/p>","protected":false},"excerpt":{"rendered":"<p>The Republic of San Marino has signed an agreement with the United Kingdom concerning the mobility of young people between the two States. Young San Marino citizens aged between 18 &#8230; <\/p>\n<p class=\"read-more-container\"><a title=\"Visto &quot;Youth Mobility Scheme&quot; (T5)\" class=\"read-more button\" href=\"https:\/\/www.consolatosanmarino.uk\/it\/youth-mobility-visa-scheme-t5\/#more-1229\" aria-label=\"More on Youth Mobility Visa Scheme (T5)\">Leggi tutto<\/a><\/p>","protected":false},"author":23,"featured_media":1230,"parent":0,"menu_order":0,"comment_status":"closed","ping_status":"closed","template":"","meta":{"footnotes":""},"class_list":["post-1229","page","type-page","status-publish","has-post-thumbnail"],"yoast_head":"<!-- This site is optimized with the Yoast SEO plugin v20.3 - https:\/\/yoast.com\/wordpress\/plugins\/seo\/ -->\n<title>Youth Mobility Visa Scheme (T5) - Consulate of San Marino to the UK<\/title>\n<meta name=\"robots\" content=\"index, follow, max-snippet:-1, max-image-preview:large, max-video-preview:-1\" \/>\n<link rel=\"canonical\" href=\"https:\/\/www.consolatosanmarino.uk\/it\/youth-mobility-visa-scheme-t5\/\" \/>\n<meta property=\"og:locale\" content=\"it_IT\" \/>\n<meta property=\"og:type\" content=\"article\" \/>\n<meta property=\"og:title\" content=\"Youth Mobility Visa Scheme (T5) - Consulate of San Marino to the UK\" \/>\n<meta property=\"og:description\" content=\"The Republic of San Marino has signed an agreement with the United Kingdom concerning the mobility of young people between the two States. Young San Marino citizens aged between 18 ... Leggi tutto\" \/>\n<meta property=\"og:url\" content=\"https:\/\/www.consolatosanmarino.uk\/it\/youth-mobility-visa-scheme-t5\/\" \/>\n<meta property=\"og:site_name\" content=\"Consulate of San Marino to the UK\" \/>\n<meta property=\"article:publisher\" content=\"https:\/\/www.facebook.com\/ConsolatoRsmUK\/\" \/>\n<meta property=\"article:modified_time\" content=\"2024-01-17T11:04:25+00:00\" \/>\n<meta property=\"og:image\" content=\"https:\/\/www.consolatosanmarino.uk\/wp-content\/uploads\/sites\/16\/2021\/03\/Youth-Mobility-Tier-5-Visa.jpg\" \/>\n\t<meta property=\"og:image:width\" content=\"1200\" \/>\n\t<meta property=\"og:image:height\" content=\"430\" \/>\n\t<meta property=\"og:image:type\" content=\"image\/jpeg\" \/>\n<meta name=\"twitter:card\" content=\"summary_large_image\" \/>\n<meta name=\"twitter:site\" content=\"@consolatorsmuk\" \/>\n<meta name=\"twitter:label1\" content=\"Tempo di lettura stimato\" \/>\n\t<meta name=\"twitter:data1\" content=\"1 minuto\" \/>\n<script type=\"application\/ld+json\" class=\"yoast-schema-graph\">{\"@context\":\"https:\/\/schema.org\",\"@graph\":[{\"@type\":\"WebPage\",\"@id\":\"https:\/\/www.consolatosanmarino.uk\/it\/youth-mobility-visa-scheme-t5\/\",\"url\":\"https:\/\/www.consolatosanmarino.uk\/it\/youth-mobility-visa-scheme-t5\/\",\"name\":\"Youth Mobility Visa Scheme (T5) - Consulate of San Marino to the UK\",\"isPartOf\":{\"@id\":\"https:\/\/www.consolatosanmarino.uk\/en\/#website\"},\"datePublished\":\"2021-03-13T10:17:00+00:00\",\"dateModified\":\"2024-01-17T11:04:25+00:00\",\"breadcrumb\":{\"@id\":\"https:\/\/www.consolatosanmarino.uk\/it\/youth-mobility-visa-scheme-t5\/#breadcrumb\"},\"inLanguage\":\"it-IT\",\"potentialAction\":[{\"@type\":\"ReadAction\",\"target\":[\"https:\/\/www.consolatosanmarino.uk\/it\/youth-mobility-visa-scheme-t5\/\"]}]},{\"@type\":\"BreadcrumbList\",\"@id\":\"https:\/\/www.consolatosanmarino.uk\/it\/youth-mobility-visa-scheme-t5\/#breadcrumb\",\"itemListElement\":[{\"@type\":\"ListItem\",\"position\":1,\"name\":\"Home\",\"item\":\"https:\/\/www.consolatosanmarino.uk\/\"},{\"@type\":\"ListItem\",\"position\":2,\"name\":\"Youth Mobility Visa Scheme (T5)\"}]},{\"@type\":\"WebSite\",\"@id\":\"https:\/\/www.consolatosanmarino.uk\/en\/#website\",\"url\":\"https:\/\/www.consolatosanmarino.uk\/en\/\",\"name\":\"Consulate of San Marino to the UK\",\"description\":\"Consulate of the Republic of San Marino to the UK\",\"publisher\":{\"@id\":\"https:\/\/www.consolatosanmarino.uk\/en\/#organization\"},\"potentialAction\":[{\"@type\":\"SearchAction\",\"target\":{\"@type\":\"EntryPoint\",\"urlTemplate\":\"https:\/\/www.consolatosanmarino.uk\/en\/?s={search_term_string}\"},\"query-input\":\"required name=search_term_string\"}],\"inLanguage\":\"it-IT\"},{\"@type\":\"Organization\",\"@id\":\"https:\/\/www.consolatosanmarino.uk\/en\/#organization\",\"name\":\"Consulate of the Republic of San Marino to the UK\",\"url\":\"https:\/\/www.consolatosanmarino.uk\/en\/\",\"logo\":{\"@type\":\"ImageObject\",\"inLanguage\":\"it-IT\",\"@id\":\"https:\/\/www.consolatosanmarino.uk\/en\/#\/schema\/logo\/image\/\",\"url\":\"https:\/\/www.consolatosanmarino.uk\/wp-content\/uploads\/sites\/16\/2019\/11\/San-Marino-logo-2019-400x400-v01.jpg\",\"contentUrl\":\"https:\/\/www.consolatosanmarino.uk\/wp-content\/uploads\/sites\/16\/2019\/11\/San-Marino-logo-2019-400x400-v01.jpg\",\"width\":400,\"height\":400,\"caption\":\"Consulate of the Republic of San Marino to the UK\"},\"image\":{\"@id\":\"https:\/\/www.consolatosanmarino.uk\/en\/#\/schema\/logo\/image\/\"},\"sameAs\":[\"https:\/\/www.facebook.com\/ConsolatoRsmUK\/\",\"https:\/\/twitter.com\/consolatorsmuk\",\"https:\/\/www.linkedin.com\/company\/consolatorsmuk\/\",\"https:\/\/www.instagram.com\/consolatorsmuk\/\"]}]}<\/script>\n<!-- \/ Yoast SEO plugin. -->","yoast_head_json":{"title":"Youth Mobility Visa Scheme (T5) - Consulate of San Marino to the UK","robots":{"index":"index","follow":"follow","max-snippet":"max-snippet:-1","max-image-preview":"max-image-preview:large","max-video-preview":"max-video-preview:-1"},"canonical":"https:\/\/www.consolatosanmarino.uk\/it\/youth-mobility-visa-scheme-t5\/","og_locale":"it_IT","og_type":"article","og_title":"Youth Mobility Visa Scheme (T5) - Consulate of San Marino to the UK","og_description":"The Republic of San Marino has signed an agreement with the United Kingdom concerning the mobility of young people between the two States. Young San Marino citizens aged between 18 ... Leggi tutto","og_url":"https:\/\/www.consolatosanmarino.uk\/it\/youth-mobility-visa-scheme-t5\/","og_site_name":"Consulate of San Marino to the UK","article_publisher":"https:\/\/www.facebook.com\/ConsolatoRsmUK\/","article_modified_time":"2024-01-17T11:04:25+00:00","og_image":[{"width":1200,"height":430,"url":"https:\/\/www.consolatosanmarino.uk\/wp-content\/uploads\/sites\/16\/2021\/03\/Youth-Mobility-Tier-5-Visa.jpg","type":"image\/jpeg"}],"twitter_card":"summary_large_image","twitter_site":"@consolatorsmuk","twitter_misc":{"Tempo di lettura stimato":"1 minuto"},"schema":{"@context":"https:\/\/schema.org","@graph":[{"@type":"WebPage","@id":"https:\/\/www.consolatosanmarino.uk\/it\/youth-mobility-visa-scheme-t5\/","url":"https:\/\/www.consolatosanmarino.uk\/it\/youth-mobility-visa-scheme-t5\/","name":"Youth Mobility Visa Scheme (T5) - Consulate of San Marino to the UK","isPartOf":{"@id":"https:\/\/www.consolatosanmarino.uk\/en\/#website"},"datePublished":"2021-03-13T10:17:00+00:00","dateModified":"2024-01-17T11:04:25+00:00","breadcrumb":{"@id":"https:\/\/www.consolatosanmarino.uk\/it\/youth-mobility-visa-scheme-t5\/#breadcrumb"},"inLanguage":"it-IT","potentialAction":[{"@type":"ReadAction","target":["https:\/\/www.consolatosanmarino.uk\/it\/youth-mobility-visa-scheme-t5\/"]}]},{"@type":"BreadcrumbList","@id":"https:\/\/www.consolatosanmarino.uk\/it\/youth-mobility-visa-scheme-t5\/#breadcrumb","itemListElement":[{"@type":"ListItem","position":1,"name":"Home","item":"https:\/\/www.consolatosanmarino.uk\/"},{"@type":"ListItem","position":2,"name":"Youth Mobility Visa Scheme (T5)"}]},{"@type":"WebSite","@id":"https:\/\/www.consolatosanmarino.uk\/en\/#website","url":"https:\/\/www.consolatosanmarino.uk\/en\/","name":"Consulate of San Marino to the UK","description":"Consulate of the Republic of San Marino to the UK","publisher":{"@id":"https:\/\/www.consolatosanmarino.uk\/en\/#organization"},"potentialAction":[{"@type":"SearchAction","target":{"@type":"EntryPoint","urlTemplate":"https:\/\/www.consolatosanmarino.uk\/en\/?s={search_term_string}"},"query-input":"required name=search_term_string"}],"inLanguage":"it-IT"},{"@type":"Organization","@id":"https:\/\/www.consolatosanmarino.uk\/en\/#organization","name":"Consulate of the Republic of San Marino to the UK","url":"https:\/\/www.consolatosanmarino.uk\/en\/","logo":{"@type":"ImageObject","inLanguage":"it-IT","@id":"https:\/\/www.consolatosanmarino.uk\/en\/#\/schema\/logo\/image\/","url":"https:\/\/www.consolatosanmarino.uk\/wp-content\/uploads\/sites\/16\/2019\/11\/San-Marino-logo-2019-400x400-v01.jpg","contentUrl":"https:\/\/www.consolatosanmarino.uk\/wp-content\/uploads\/sites\/16\/2019\/11\/San-Marino-logo-2019-400x400-v01.jpg","width":400,"height":400,"caption":"Consulate of the Republic of San Marino to the UK"},"image":{"@id":"https:\/\/www.consolatosanmarino.uk\/en\/#\/schema\/logo\/image\/"},"sameAs":["https:\/\/www.facebook.com\/ConsolatoRsmUK\/","https:\/\/twitter.com\/consolatorsmuk","https:\/\/www.linkedin.com\/company\/consolatorsmuk\/","https:\/\/www.instagram.com\/consolatorsmuk\/"]}]}},"_links":{"self":[{"href":"https:\/\/www.consolatosanmarino.uk\/it\/wp-json\/wp\/v2\/pages\/1229","targetHints":{"allow":["GET"]}}],"collection":[{"href":"https:\/\/www.consolatosanmarino.uk\/it\/wp-json\/wp\/v2\/pages"}],"about":[{"href":"https:\/\/www.consolatosanmarino.uk\/it\/wp-json\/wp\/v2\/types\/page"}],"author":[{"embeddable":true,"href":"https:\/\/www.consolatosanmarino.uk\/it\/wp-json\/wp\/v2\/users\/23"}],"replies":[{"embeddable":true,"href":"https:\/\/www.consolatosanmarino.uk\/it\/wp-json\/wp\/v2\/comments?post=1229"}],"version-history":[{"count":2,"href":"https:\/\/www.consolatosanmarino.uk\/it\/wp-json\/wp\/v2\/pages\/1229\/revisions"}],"predecessor-version":[{"id":1263,"href":"https:\/\/www.consolatosanmarino.uk\/it\/wp-json\/wp\/v2\/pages\/1229\/revisions\/1263"}],"wp:featuredmedia":[{"embeddable":true,"href":"https:\/\/www.consolatosanmarino.uk\/it\/wp-json\/wp\/v2\/media\/1230"}],"wp:attachment":[{"href":"https:\/\/www.consolatosanmarino.uk\/it\/wp-json\/wp\/v2\/media?parent=1229"}],"curies":[{"name":"wp","href":"https:\/\/api.w.org\/{rel}","templated":true}]}}