{"id":1224,"date":"2021-03-13T10:11:12","date_gmt":"2021-03-13T10:11:12","guid":{"rendered":"https:\/\/www.consolatosanmarino.uk\/?page_id=1224"},"modified":"2025-01-08T13:16:22","modified_gmt":"2025-01-08T13:16:22","slug":"check-if-you-need-the-uk-visa","status":"publish","type":"page","link":"https:\/\/www.consolatosanmarino.uk\/it\/check-if-you-need-the-uk-visa\/","title":{"rendered":"Controlla se hai bisogno di un visto per il Regno Unito"},"content":{"rendered":"<p><\/p>\n\n\n\n<p>Questa guida \u00e8 utile ai cittadini sammarinesi per capire se \u00e8 necessario un visto e, in caso affermativo, quale richiedere per entrare nel Regno Unito.<\/p>\n\n\n\n<p><strong>If you are eligible to enter the UK without a visa, please be reminded that since the 8th of January 2025, the UK has implemented <a href=\"https:\/\/www.consolatosanmarino.uk\/it\/news\/uk-introduces-new-electronic-travel-authorisation-eta-system\/\" target=\"_blank\" rel=\"noreferrer noopener\">the ETA system<\/a>. <\/strong><\/p>\n\n\n\n<p>La guida fa riferimento al portale del governo britannico <a href=\"http:\/\/www.gov.uk\/check-uk-visa\">www.gov.uk\/check-uk-visa<\/a> dove si ha la possibilit\u00e0 di verificare, in base alla propria nazionalit\u00e0, se e quale visto richiedere.<\/p>\n\n\n\n<p>Come da procedura standard, il portale richiede la propria nazionalit\u00e0. Se si ha pi\u00f9 di una nazionalit\u00e0, bisogner\u00e0 ripetere la procedura per due volte.<\/p>\n\n\n\n<p>Le autorit\u00e0 britanniche sono molto attente e meticolose nella procedura del visto. Pertanto, si ricorda di fornire motivazioni accurate e veritiere ad ogni passo della procedura.<\/p>\n\n\n\n<p>Vorremmo anche ricordare che questa guida fornir\u00e0 solo una breve panoramica generale per i cittadini sammarinesi e che \u00e8 quindi responsabilit\u00e0 del singolo verificare tutti i requisiti e le informazioni specifiche per il proprio caso sul sito web del governo britannico sopra menzionato<\/p>\n\n\n\n<p>Se il proprio caso non \u00e8 contemplato nel seguente opuscolo o se avete problemi con esso, dovrete contattare l'autorit\u00e0 consolare o diplomatica competente o il Ministero degli Affari Esteri della Repubblica di San Marino.<\/p>\n\n\n\n<div class=\"wp-block-media-text alignwide has-media-on-the-right is-stacked-on-mobile\"><div class=\"wp-block-media-text__content\">\n<blockquote class=\"wp-block-quote is-layout-flow wp-block-quote-is-layout-flow\">\n<p>\u00c8 possibile sfogliare gli scenari qui di seguito uno per uno, oppure scaricare <a href=\"https:\/\/www.consolatosanmarino.uk\/wp-content\/uploads\/sites\/16\/2021\/03\/San-Marino-UK-Visa-guide-2021-Master.pdf\">la guida completa<\/a>.<\/p>\n<\/blockquote>\n<\/div><figure class=\"wp-block-media-text__media\"><a href=\"https:\/\/www.consolatosanmarino.uk\/wp-content\/uploads\/sites\/16\/2021\/03\/San-Marino-UK-Visa-guide-2021-Master.pdf\"><img loading=\"lazy\" decoding=\"async\" width=\"568\" height=\"788\" src=\"https:\/\/www.consolatosanmarino.uk\/wp-content\/uploads\/sites\/16\/2021\/03\/San-Marino-UK-visa-guide.jpg\" alt=\"\" class=\"wp-image-1299 size-full\" srcset=\"https:\/\/www.consolatosanmarino.uk\/wp-content\/uploads\/sites\/16\/2021\/03\/San-Marino-UK-visa-guide.jpg 568w, https:\/\/www.consolatosanmarino.uk\/wp-content\/uploads\/sites\/16\/2021\/03\/San-Marino-UK-visa-guide-216x300.jpg 216w, https:\/\/www.consolatosanmarino.uk\/wp-content\/uploads\/sites\/16\/2021\/03\/San-Marino-UK-visa-guide-9x12.jpg 9w\" sizes=\"auto, (max-width: 568px) 100vw, 568px\" \/><\/a><\/figure><\/div>\n\n\n\n<h2 class=\"gb-headline gb-headline-f50ef0de gb-headline-text\">Scenari<\/h2>\n\n\n\n<p><\/p>\n\n\n\n<p><strong><a href=\"https:\/\/www.consolatosanmarino.uk\/it\/youth-mobility-visa-scheme-t5\/\" data-type=\"URL\" data-id=\"https:\/\/www.consolatosanmarino.uk\/youth-mobility-visa-scheme-t5\/\">Visto \"Youth Mobility Scheme\" (T5)<\/a><\/strong><\/p>\n\n\n\n<p><strong><a href=\"https:\/\/www.consolatosanmarino.uk\/it\/tourism\/\" data-type=\"URL\" data-id=\"https:\/\/www.consolatosanmarino.uk\/tourism\/\">Scenario 1 \u2013 Turismo<\/a><\/strong><\/p>\n\n\n\n<p><strong><a href=\"https:\/\/www.consolatosanmarino.uk\/it\/work\/\" data-type=\"URL\" data-id=\"https:\/\/www.consolatosanmarino.uk\/work\/\">Scenario 2 \u2013 Lavoro<\/a><\/strong><\/p>\n\n\n\n<p><strong><a href=\"https:\/\/www.consolatosanmarino.uk\/it\/study\/\" data-type=\"URL\" data-id=\"https:\/\/www.consolatosanmarino.uk\/study\/\">Scenario 3 \u2013 Studio<\/a><\/strong><\/p>\n\n\n\n<p><strong><a href=\"https:\/\/www.consolatosanmarino.uk\/it\/transit\/\" data-type=\"URL\" data-id=\"https:\/\/www.consolatosanmarino.uk\/transit\/\">Scenario 4 \u2013 Transito<\/a><\/strong><\/p>\n\n\n\n<p><strong><a href=\"https:\/\/www.consolatosanmarino.uk\/it\/union-with-partner-or-visit-to-family\/\" data-type=\"URL\" data-id=\"https:\/\/www.consolatosanmarino.uk\/union-with-partner-or-visit-to-family\/\">Scenario 5 \u2013 Raggiungere il partner o la famiglia per un lungo soggiorno<\/a><\/strong><\/p>\n\n\n\n<p><strong><a href=\"https:\/\/www.consolatosanmarino.uk\/it\/marriage-or-civil-partnership\/\" data-type=\"URL\" data-id=\"https:\/\/www.consolatosanmarino.uk\/marriage-or-civil-partnership\/\">Scenario 6 - Sposarsi o contrarre un'unione civile<\/a><\/strong><\/p>\n\n\n\n<p><strong><a href=\"https:\/\/www.consolatosanmarino.uk\/it\/staying-with-your-child-if-he-or-she-goes-to-school\/\" data-type=\"URL\" data-id=\"https:\/\/www.consolatosanmarino.uk\/staying-with-your-child-if-he-or-she-goes-to-school\/\">Scenario 7 - Stare con il proprio figlio, se studente<\/a><\/strong><\/p>\n\n\n\n<p><strong><a href=\"https:\/\/www.consolatosanmarino.uk\/it\/obtaining-private-medical-care\/\" data-type=\"URL\" data-id=\"https:\/\/www.consolatosanmarino.uk\/obtaining-private-medical-care\/\">Scenario 8 - Ottenere un trattamento medico privato<\/a><\/strong><\/p>\n\n\n\n<p><strong><a href=\"https:\/\/www.consolatosanmarino.uk\/it\/official-diplomatic-or-government-business\/\" data-type=\"URL\" data-id=\"https:\/\/www.consolatosanmarino.uk\/official-diplomatic-or-government-business\/\">Scenario 9 - Affari ufficiali diplomatici o governativi<\/a><\/strong><\/p>","protected":false},"excerpt":{"rendered":"<p>This guidance is useful for the citizens of San Marino to understand if a visa is required and if so, which one to apply for entering the United Kingdom. If &#8230; <\/p>\n<p class=\"read-more-container\"><a title=\"Controlla se hai bisogno di un visto per il Regno Unito\" class=\"read-more button\" href=\"https:\/\/www.consolatosanmarino.uk\/it\/check-if-you-need-the-uk-visa\/#more-1224\" aria-label=\"More on Check if you need a UK visa\">Leggi tutto<\/a><\/p>","protected":false},"author":23,"featured_media":1225,"parent":0,"menu_order":0,"comment_status":"closed","ping_status":"closed","template":"","meta":{"footnotes":""},"class_list":["post-1224","page","type-page","status-publish","has-post-thumbnail"],"yoast_head":"<!-- This site is optimized with the Yoast SEO plugin v20.3 - https:\/\/yoast.com\/wordpress\/plugins\/seo\/ -->\n<title>Check if you need a UK visa - Consulate of San Marino to the UK<\/title>\n<meta name=\"description\" content=\"This guidance is useful for the citizens of San Marino to understand if a visa is required and if so, which one to apply for entering the United Kingdom.\" \/>\n<meta name=\"robots\" content=\"index, follow, max-snippet:-1, max-image-preview:large, max-video-preview:-1\" \/>\n<link rel=\"canonical\" href=\"https:\/\/www.consolatosanmarino.uk\/it\/check-if-you-need-the-uk-visa\/\" \/>\n<meta property=\"og:locale\" content=\"it_IT\" \/>\n<meta property=\"og:type\" content=\"article\" \/>\n<meta property=\"og:title\" content=\"Check if you need a UK visa - Consulate of San Marino to the UK\" \/>\n<meta property=\"og:description\" content=\"This guidance is useful for the citizens of San Marino to understand if a visa is required and if so, which one to apply for entering the United Kingdom.\" \/>\n<meta property=\"og:url\" content=\"https:\/\/www.consolatosanmarino.uk\/it\/check-if-you-need-the-uk-visa\/\" \/>\n<meta property=\"og:site_name\" content=\"Consulate of San Marino to the UK\" \/>\n<meta property=\"article:publisher\" content=\"https:\/\/www.facebook.com\/ConsolatoRsmUK\/\" \/>\n<meta property=\"article:modified_time\" content=\"2025-01-08T13:16:22+00:00\" \/>\n<meta property=\"og:image\" content=\"https:\/\/www.consolatosanmarino.uk\/wp-content\/uploads\/sites\/16\/2021\/03\/uk_visa.jpg\" \/>\n\t<meta property=\"og:image:width\" content=\"700\" \/>\n\t<meta property=\"og:image:height\" content=\"350\" \/>\n\t<meta property=\"og:image:type\" content=\"image\/jpeg\" \/>\n<meta name=\"twitter:card\" content=\"summary_large_image\" \/>\n<meta name=\"twitter:site\" content=\"@consolatorsmuk\" \/>\n<meta name=\"twitter:label1\" content=\"Tempo di lettura stimato\" \/>\n\t<meta name=\"twitter:data1\" content=\"2 minuti\" \/>\n<script type=\"application\/ld+json\" class=\"yoast-schema-graph\">{\"@context\":\"https:\/\/schema.org\",\"@graph\":[{\"@type\":\"WebPage\",\"@id\":\"https:\/\/www.consolatosanmarino.uk\/check-if-you-need-the-uk-visa\/\",\"url\":\"https:\/\/www.consolatosanmarino.uk\/check-if-you-need-the-uk-visa\/\",\"name\":\"Check if you need a UK visa - Consulate of San Marino to the UK\",\"isPartOf\":{\"@id\":\"https:\/\/www.consolatosanmarino.uk\/en\/#website\"},\"datePublished\":\"2021-03-13T10:11:12+00:00\",\"dateModified\":\"2025-01-08T13:16:22+00:00\",\"description\":\"This guidance is useful for the citizens of San Marino to understand if a visa is required and if so, which one to apply for entering the United Kingdom.\",\"breadcrumb\":{\"@id\":\"https:\/\/www.consolatosanmarino.uk\/check-if-you-need-the-uk-visa\/#breadcrumb\"},\"inLanguage\":\"it-IT\",\"potentialAction\":[{\"@type\":\"ReadAction\",\"target\":[\"https:\/\/www.consolatosanmarino.uk\/check-if-you-need-the-uk-visa\/\"]}]},{\"@type\":\"BreadcrumbList\",\"@id\":\"https:\/\/www.consolatosanmarino.uk\/check-if-you-need-the-uk-visa\/#breadcrumb\",\"itemListElement\":[{\"@type\":\"ListItem\",\"position\":1,\"name\":\"Home\",\"item\":\"https:\/\/www.consolatosanmarino.uk\/\"},{\"@type\":\"ListItem\",\"position\":2,\"name\":\"Check if you need a UK visa\"}]},{\"@type\":\"WebSite\",\"@id\":\"https:\/\/www.consolatosanmarino.uk\/en\/#website\",\"url\":\"https:\/\/www.consolatosanmarino.uk\/en\/\",\"name\":\"Consulate of San Marino to the UK\",\"description\":\"Consulate of the Republic of San Marino to the UK\",\"publisher\":{\"@id\":\"https:\/\/www.consolatosanmarino.uk\/en\/#organization\"},\"potentialAction\":[{\"@type\":\"SearchAction\",\"target\":{\"@type\":\"EntryPoint\",\"urlTemplate\":\"https:\/\/www.consolatosanmarino.uk\/en\/?s={search_term_string}\"},\"query-input\":\"required name=search_term_string\"}],\"inLanguage\":\"it-IT\"},{\"@type\":\"Organization\",\"@id\":\"https:\/\/www.consolatosanmarino.uk\/en\/#organization\",\"name\":\"Consulate of the Republic of San Marino to the UK\",\"url\":\"https:\/\/www.consolatosanmarino.uk\/en\/\",\"logo\":{\"@type\":\"ImageObject\",\"inLanguage\":\"it-IT\",\"@id\":\"https:\/\/www.consolatosanmarino.uk\/en\/#\/schema\/logo\/image\/\",\"url\":\"https:\/\/www.consolatosanmarino.uk\/wp-content\/uploads\/sites\/16\/2019\/11\/San-Marino-logo-2019-400x400-v01.jpg\",\"contentUrl\":\"https:\/\/www.consolatosanmarino.uk\/wp-content\/uploads\/sites\/16\/2019\/11\/San-Marino-logo-2019-400x400-v01.jpg\",\"width\":400,\"height\":400,\"caption\":\"Consulate of the Republic of San Marino to the UK\"},\"image\":{\"@id\":\"https:\/\/www.consolatosanmarino.uk\/en\/#\/schema\/logo\/image\/\"},\"sameAs\":[\"https:\/\/www.facebook.com\/ConsolatoRsmUK\/\",\"https:\/\/twitter.com\/consolatorsmuk\",\"https:\/\/www.linkedin.com\/company\/consolatorsmuk\/\",\"https:\/\/www.instagram.com\/consolatorsmuk\/\"]}]}<\/script>\n<!-- \/ Yoast SEO plugin. -->","yoast_head_json":{"title":"Check if you need a UK visa - Consulate of San Marino to the UK","description":"This guidance is useful for the citizens of San Marino to understand if a visa is required and if so, which one to apply for entering the United Kingdom.","robots":{"index":"index","follow":"follow","max-snippet":"max-snippet:-1","max-image-preview":"max-image-preview:large","max-video-preview":"max-video-preview:-1"},"canonical":"https:\/\/www.consolatosanmarino.uk\/it\/check-if-you-need-the-uk-visa\/","og_locale":"it_IT","og_type":"article","og_title":"Check if you need a UK visa - Consulate of San Marino to the UK","og_description":"This guidance is useful for the citizens of San Marino to understand if a visa is required and if so, which one to apply for entering the United Kingdom.","og_url":"https:\/\/www.consolatosanmarino.uk\/it\/check-if-you-need-the-uk-visa\/","og_site_name":"Consulate of San Marino to the UK","article_publisher":"https:\/\/www.facebook.com\/ConsolatoRsmUK\/","article_modified_time":"2025-01-08T13:16:22+00:00","og_image":[{"width":700,"height":350,"url":"https:\/\/www.consolatosanmarino.uk\/wp-content\/uploads\/sites\/16\/2021\/03\/uk_visa.jpg","type":"image\/jpeg"}],"twitter_card":"summary_large_image","twitter_site":"@consolatorsmuk","twitter_misc":{"Tempo di lettura stimato":"2 minuti"},"schema":{"@context":"https:\/\/schema.org","@graph":[{"@type":"WebPage","@id":"https:\/\/www.consolatosanmarino.uk\/check-if-you-need-the-uk-visa\/","url":"https:\/\/www.consolatosanmarino.uk\/check-if-you-need-the-uk-visa\/","name":"Check if you need a UK visa - Consulate of San Marino to the UK","isPartOf":{"@id":"https:\/\/www.consolatosanmarino.uk\/en\/#website"},"datePublished":"2021-03-13T10:11:12+00:00","dateModified":"2025-01-08T13:16:22+00:00","description":"This guidance is useful for the citizens of San Marino to understand if a visa is required and if so, which one to apply for entering the United Kingdom.","breadcrumb":{"@id":"https:\/\/www.consolatosanmarino.uk\/check-if-you-need-the-uk-visa\/#breadcrumb"},"inLanguage":"it-IT","potentialAction":[{"@type":"ReadAction","target":["https:\/\/www.consolatosanmarino.uk\/check-if-you-need-the-uk-visa\/"]}]},{"@type":"BreadcrumbList","@id":"https:\/\/www.consolatosanmarino.uk\/check-if-you-need-the-uk-visa\/#breadcrumb","itemListElement":[{"@type":"ListItem","position":1,"name":"Home","item":"https:\/\/www.consolatosanmarino.uk\/"},{"@type":"ListItem","position":2,"name":"Check if you need a UK visa"}]},{"@type":"WebSite","@id":"https:\/\/www.consolatosanmarino.uk\/en\/#website","url":"https:\/\/www.consolatosanmarino.uk\/en\/","name":"Consulate of San Marino to the UK","description":"Consulate of the Republic of San Marino to the UK","publisher":{"@id":"https:\/\/www.consolatosanmarino.uk\/en\/#organization"},"potentialAction":[{"@type":"SearchAction","target":{"@type":"EntryPoint","urlTemplate":"https:\/\/www.consolatosanmarino.uk\/en\/?s={search_term_string}"},"query-input":"required name=search_term_string"}],"inLanguage":"it-IT"},{"@type":"Organization","@id":"https:\/\/www.consolatosanmarino.uk\/en\/#organization","name":"Consulate of the Republic of San Marino to the UK","url":"https:\/\/www.consolatosanmarino.uk\/en\/","logo":{"@type":"ImageObject","inLanguage":"it-IT","@id":"https:\/\/www.consolatosanmarino.uk\/en\/#\/schema\/logo\/image\/","url":"https:\/\/www.consolatosanmarino.uk\/wp-content\/uploads\/sites\/16\/2019\/11\/San-Marino-logo-2019-400x400-v01.jpg","contentUrl":"https:\/\/www.consolatosanmarino.uk\/wp-content\/uploads\/sites\/16\/2019\/11\/San-Marino-logo-2019-400x400-v01.jpg","width":400,"height":400,"caption":"Consulate of the Republic of San Marino to the UK"},"image":{"@id":"https:\/\/www.consolatosanmarino.uk\/en\/#\/schema\/logo\/image\/"},"sameAs":["https:\/\/www.facebook.com\/ConsolatoRsmUK\/","https:\/\/twitter.com\/consolatorsmuk","https:\/\/www.linkedin.com\/company\/consolatorsmuk\/","https:\/\/www.instagram.com\/consolatorsmuk\/"]}]}},"_links":{"self":[{"href":"https:\/\/www.consolatosanmarino.uk\/it\/wp-json\/wp\/v2\/pages\/1224","targetHints":{"allow":["GET"]}}],"collection":[{"href":"https:\/\/www.consolatosanmarino.uk\/it\/wp-json\/wp\/v2\/pages"}],"about":[{"href":"https:\/\/www.consolatosanmarino.uk\/it\/wp-json\/wp\/v2\/types\/page"}],"author":[{"embeddable":true,"href":"https:\/\/www.consolatosanmarino.uk\/it\/wp-json\/wp\/v2\/users\/23"}],"replies":[{"embeddable":true,"href":"https:\/\/www.consolatosanmarino.uk\/it\/wp-json\/wp\/v2\/comments?post=1224"}],"version-history":[{"count":15,"href":"https:\/\/www.consolatosanmarino.uk\/it\/wp-json\/wp\/v2\/pages\/1224\/revisions"}],"predecessor-version":[{"id":2871,"href":"https:\/\/www.consolatosanmarino.uk\/it\/wp-json\/wp\/v2\/pages\/1224\/revisions\/2871"}],"wp:featuredmedia":[{"embeddable":true,"href":"https:\/\/www.consolatosanmarino.uk\/it\/wp-json\/wp\/v2\/media\/1225"}],"wp:attachment":[{"href":"https:\/\/www.consolatosanmarino.uk\/it\/wp-json\/wp\/v2\/media?parent=1224"}],"curies":[{"name":"wp","href":"https:\/\/api.w.org\/{rel}","templated":true}]}}