{"id":2063,"date":"2022-09-21T13:17:43","date_gmt":"2022-09-21T12:17:43","guid":{"rendered":"https:\/\/www.consolatosanmarino.uk\/?page_id=2063"},"modified":"2024-01-17T11:04:01","modified_gmt":"2024-01-17T11:04:01","slug":"setting-up-a-company-in-san-marino","status":"publish","type":"page","link":"http:\/\/www.consolatosanmarino.uk\/it\/setting-up-a-company-in-san-marino\/","title":{"rendered":"Fondare un'azienda a San Marino"},"content":{"rendered":"<p><\/p>\n\n\n\n<p><br>La Legge sammarinese (Legge n. 47\/2006 e successive modifiche e integrazioni)<br>regola le aziende presenti sul territorio della Repubblica. Tali aziende devono<br>essere fondate per mezzo di un atto pubblico notarile in una delle seguenti forme:<\/p>\n\n\n\n<p><br>a) partnerships:<br>\u2022 partnerships senza limiti<br>b) aziende con capitale condiviso:<br>\u2022 aziende con debito limitato<br>\u2022 aziende con azioni ordinarie<br><\/p>\n\n\n\n<p class=\" translation-block\">Per la costituzione di societ\u00e0 di capitali, il capitale minimo richiesto dalla legge \u00e8:<\/p>\n\n\n\n<p><br>a) 25.500 euro per le societ\u00e0 a responsabilit\u00e0 limitata<br>b) 77.000 euro per le societ\u00e0 di capitali<br><\/p>\n\n\n\n<p class=\" translation-block\">The share capital must be fully subscribed at the time of incorporation of the company. Il 50% di tale capitale deve essere versato entro 120 giorni dall'iscrizione della societ\u00e0 nel registro delle imprese, mentre il restante 50% entro tre anni.<\/p>\n\n\n\n<p class=\" translation-block\">Nel caso di una societ\u00e0 a socio unico, l'intero capitale sociale deve essere versato entro 120 giorni dall'iscrizione nel registro delle imprese.<\/p>\n\n\n\n<p class=\" translation-block\">Per la costituzione di una societ\u00e0, i soci fondatori devono rivolgersi a un notaio sammarinese che che verificher\u00e0 i requisiti che i futuri soci devono possedere e chieder\u00e0 loro di presentare le di presentare l'autocertificazione necessaria per dimostrare l'assenza di penale. La stessa autocertificazione dovr\u00e0 essere presentata da coloro che intendono ricoprire cariche sociali. L'autocertificazione pu\u00f2 essere compilata e presentata da persone fisiche residenti e non residenti. Sia gli azionisti che gli amministratori possono essere cittadini stranieri. Ai sensi del diritto societario, l'oggetto sociale deve essere lecito, possibile, determinato.<\/p>","protected":false},"excerpt":{"rendered":"<p>San Marino law (Law no. 47\/2006 and subsequent amendments and integrations)regulates companies based in the territory of the Republic. Such companies mustbe established by means of a notarial public deed &#8230; <\/p>\n<p class=\"read-more-container\"><a title=\"Fondare un&#039;azienda a San Marino\" class=\"read-more button\" href=\"http:\/\/www.consolatosanmarino.uk\/it\/setting-up-a-company-in-san-marino\/#more-2063\" aria-label=\"More on Setting up a company in San Marino\">Leggi tutto<\/a><\/p>","protected":false},"author":23,"featured_media":2065,"parent":0,"menu_order":0,"comment_status":"closed","ping_status":"closed","template":"","meta":{"footnotes":""},"class_list":["post-2063","page","type-page","status-publish","has-post-thumbnail"],"yoast_head":"<!-- This site is optimized with the Yoast SEO plugin v20.3 - https:\/\/yoast.com\/wordpress\/plugins\/seo\/ -->\n<title>Setting up a company in San Marino - Consulate of San Marino to the UK<\/title>\n<meta name=\"robots\" content=\"index, follow, max-snippet:-1, max-image-preview:large, max-video-preview:-1\" \/>\n<link rel=\"canonical\" href=\"http:\/\/www.consolatosanmarino.uk\/it\/setting-up-a-company-in-san-marino\/\" \/>\n<meta property=\"og:locale\" content=\"it_IT\" \/>\n<meta property=\"og:type\" content=\"article\" \/>\n<meta property=\"og:title\" content=\"Setting up a company in San Marino - Consulate of San Marino to the UK\" \/>\n<meta property=\"og:description\" content=\"San Marino law (Law no. 47\/2006 and subsequent amendments and integrations)regulates companies based in the territory of the Republic. Such companies mustbe established by means of a notarial public deed ... Leggi tutto\" \/>\n<meta property=\"og:url\" content=\"http:\/\/www.consolatosanmarino.uk\/it\/setting-up-a-company-in-san-marino\/\" \/>\n<meta property=\"og:site_name\" content=\"Consulate of San Marino to the UK\" \/>\n<meta property=\"article:publisher\" content=\"https:\/\/www.facebook.com\/ConsolatoRsmUK\/\" \/>\n<meta property=\"article:modified_time\" content=\"2024-01-17T11:04:01+00:00\" \/>\n<meta property=\"og:image\" content=\"https:\/\/www.consolatosanmarino.uk\/wp-content\/uploads\/sites\/16\/2022\/09\/san-marino-comoany-registration.jpg\" \/>\n\t<meta property=\"og:image:width\" content=\"1100\" \/>\n\t<meta property=\"og:image:height\" content=\"300\" \/>\n\t<meta property=\"og:image:type\" content=\"image\/jpeg\" \/>\n<meta name=\"twitter:card\" content=\"summary_large_image\" \/>\n<meta name=\"twitter:site\" content=\"@consolatorsmuk\" \/>\n<meta name=\"twitter:label1\" content=\"Tempo di lettura stimato\" \/>\n\t<meta name=\"twitter:data1\" content=\"2 minuti\" \/>\n<script type=\"application\/ld+json\" class=\"yoast-schema-graph\">{\"@context\":\"https:\/\/schema.org\",\"@graph\":[{\"@type\":\"WebPage\",\"@id\":\"https:\/\/www.consolatosanmarino.uk\/en\/setting-up-a-company-in-san-marino\/\",\"url\":\"https:\/\/www.consolatosanmarino.uk\/en\/setting-up-a-company-in-san-marino\/\",\"name\":\"Setting up a company in San Marino - Consulate of San Marino to the UK\",\"isPartOf\":{\"@id\":\"https:\/\/www.consolatosanmarino.uk\/en\/#website\"},\"datePublished\":\"2022-09-21T12:17:43+00:00\",\"dateModified\":\"2024-01-17T11:04:01+00:00\",\"breadcrumb\":{\"@id\":\"https:\/\/www.consolatosanmarino.uk\/en\/setting-up-a-company-in-san-marino\/#breadcrumb\"},\"inLanguage\":\"it-IT\",\"potentialAction\":[{\"@type\":\"ReadAction\",\"target\":[\"https:\/\/www.consolatosanmarino.uk\/en\/setting-up-a-company-in-san-marino\/\"]}]},{\"@type\":\"BreadcrumbList\",\"@id\":\"https:\/\/www.consolatosanmarino.uk\/en\/setting-up-a-company-in-san-marino\/#breadcrumb\",\"itemListElement\":[{\"@type\":\"ListItem\",\"position\":1,\"name\":\"Home\",\"item\":\"https:\/\/www.consolatosanmarino.uk\/\"},{\"@type\":\"ListItem\",\"position\":2,\"name\":\"Setting up a company in San Marino\"}]},{\"@type\":\"WebSite\",\"@id\":\"https:\/\/www.consolatosanmarino.uk\/en\/#website\",\"url\":\"https:\/\/www.consolatosanmarino.uk\/en\/\",\"name\":\"Consulate of San Marino to the UK\",\"description\":\"Consulate of the Republic of San Marino to the UK\",\"publisher\":{\"@id\":\"https:\/\/www.consolatosanmarino.uk\/en\/#organization\"},\"potentialAction\":[{\"@type\":\"SearchAction\",\"target\":{\"@type\":\"EntryPoint\",\"urlTemplate\":\"https:\/\/www.consolatosanmarino.uk\/en\/?s={search_term_string}\"},\"query-input\":\"required name=search_term_string\"}],\"inLanguage\":\"it-IT\"},{\"@type\":\"Organization\",\"@id\":\"https:\/\/www.consolatosanmarino.uk\/en\/#organization\",\"name\":\"Consulate of the Republic of San Marino to the UK\",\"url\":\"https:\/\/www.consolatosanmarino.uk\/en\/\",\"logo\":{\"@type\":\"ImageObject\",\"inLanguage\":\"it-IT\",\"@id\":\"https:\/\/www.consolatosanmarino.uk\/en\/#\/schema\/logo\/image\/\",\"url\":\"https:\/\/www.consolatosanmarino.uk\/wp-content\/uploads\/sites\/16\/2019\/11\/San-Marino-logo-2019-400x400-v01.jpg\",\"contentUrl\":\"https:\/\/www.consolatosanmarino.uk\/wp-content\/uploads\/sites\/16\/2019\/11\/San-Marino-logo-2019-400x400-v01.jpg\",\"width\":400,\"height\":400,\"caption\":\"Consulate of the Republic of San Marino to the UK\"},\"image\":{\"@id\":\"https:\/\/www.consolatosanmarino.uk\/en\/#\/schema\/logo\/image\/\"},\"sameAs\":[\"https:\/\/www.facebook.com\/ConsolatoRsmUK\/\",\"https:\/\/twitter.com\/consolatorsmuk\",\"https:\/\/www.linkedin.com\/company\/consolatorsmuk\/\",\"https:\/\/www.instagram.com\/consolatorsmuk\/\"]}]}<\/script>\n<!-- \/ Yoast SEO plugin. -->","yoast_head_json":{"title":"Setting up a company in San Marino - Consulate of San Marino to the UK","robots":{"index":"index","follow":"follow","max-snippet":"max-snippet:-1","max-image-preview":"max-image-preview:large","max-video-preview":"max-video-preview:-1"},"canonical":"http:\/\/www.consolatosanmarino.uk\/it\/setting-up-a-company-in-san-marino\/","og_locale":"it_IT","og_type":"article","og_title":"Setting up a company in San Marino - Consulate of San Marino to the UK","og_description":"San Marino law (Law no. 47\/2006 and subsequent amendments and integrations)regulates companies based in the territory of the Republic. Such companies mustbe established by means of a notarial public deed ... Leggi tutto","og_url":"http:\/\/www.consolatosanmarino.uk\/it\/setting-up-a-company-in-san-marino\/","og_site_name":"Consulate of San Marino to the UK","article_publisher":"https:\/\/www.facebook.com\/ConsolatoRsmUK\/","article_modified_time":"2024-01-17T11:04:01+00:00","og_image":[{"width":1100,"height":300,"url":"https:\/\/www.consolatosanmarino.uk\/wp-content\/uploads\/sites\/16\/2022\/09\/san-marino-comoany-registration.jpg","type":"image\/jpeg"}],"twitter_card":"summary_large_image","twitter_site":"@consolatorsmuk","twitter_misc":{"Tempo di lettura stimato":"2 minuti"},"schema":{"@context":"https:\/\/schema.org","@graph":[{"@type":"WebPage","@id":"https:\/\/www.consolatosanmarino.uk\/en\/setting-up-a-company-in-san-marino\/","url":"https:\/\/www.consolatosanmarino.uk\/en\/setting-up-a-company-in-san-marino\/","name":"Setting up a company in San Marino - Consulate of San Marino to the UK","isPartOf":{"@id":"https:\/\/www.consolatosanmarino.uk\/en\/#website"},"datePublished":"2022-09-21T12:17:43+00:00","dateModified":"2024-01-17T11:04:01+00:00","breadcrumb":{"@id":"https:\/\/www.consolatosanmarino.uk\/en\/setting-up-a-company-in-san-marino\/#breadcrumb"},"inLanguage":"it-IT","potentialAction":[{"@type":"ReadAction","target":["https:\/\/www.consolatosanmarino.uk\/en\/setting-up-a-company-in-san-marino\/"]}]},{"@type":"BreadcrumbList","@id":"https:\/\/www.consolatosanmarino.uk\/en\/setting-up-a-company-in-san-marino\/#breadcrumb","itemListElement":[{"@type":"ListItem","position":1,"name":"Home","item":"https:\/\/www.consolatosanmarino.uk\/"},{"@type":"ListItem","position":2,"name":"Setting up a company in San Marino"}]},{"@type":"WebSite","@id":"https:\/\/www.consolatosanmarino.uk\/en\/#website","url":"https:\/\/www.consolatosanmarino.uk\/en\/","name":"Consulate of San Marino to the UK","description":"Consulate of the Republic of San Marino to the UK","publisher":{"@id":"https:\/\/www.consolatosanmarino.uk\/en\/#organization"},"potentialAction":[{"@type":"SearchAction","target":{"@type":"EntryPoint","urlTemplate":"https:\/\/www.consolatosanmarino.uk\/en\/?s={search_term_string}"},"query-input":"required name=search_term_string"}],"inLanguage":"it-IT"},{"@type":"Organization","@id":"https:\/\/www.consolatosanmarino.uk\/en\/#organization","name":"Consulate of the Republic of San Marino to the UK","url":"https:\/\/www.consolatosanmarino.uk\/en\/","logo":{"@type":"ImageObject","inLanguage":"it-IT","@id":"https:\/\/www.consolatosanmarino.uk\/en\/#\/schema\/logo\/image\/","url":"https:\/\/www.consolatosanmarino.uk\/wp-content\/uploads\/sites\/16\/2019\/11\/San-Marino-logo-2019-400x400-v01.jpg","contentUrl":"https:\/\/www.consolatosanmarino.uk\/wp-content\/uploads\/sites\/16\/2019\/11\/San-Marino-logo-2019-400x400-v01.jpg","width":400,"height":400,"caption":"Consulate of the Republic of San Marino to the UK"},"image":{"@id":"https:\/\/www.consolatosanmarino.uk\/en\/#\/schema\/logo\/image\/"},"sameAs":["https:\/\/www.facebook.com\/ConsolatoRsmUK\/","https:\/\/twitter.com\/consolatorsmuk","https:\/\/www.linkedin.com\/company\/consolatorsmuk\/","https:\/\/www.instagram.com\/consolatorsmuk\/"]}]}},"_links":{"self":[{"href":"http:\/\/www.consolatosanmarino.uk\/it\/wp-json\/wp\/v2\/pages\/2063","targetHints":{"allow":["GET"]}}],"collection":[{"href":"http:\/\/www.consolatosanmarino.uk\/it\/wp-json\/wp\/v2\/pages"}],"about":[{"href":"http:\/\/www.consolatosanmarino.uk\/it\/wp-json\/wp\/v2\/types\/page"}],"author":[{"embeddable":true,"href":"http:\/\/www.consolatosanmarino.uk\/it\/wp-json\/wp\/v2\/users\/23"}],"replies":[{"embeddable":true,"href":"http:\/\/www.consolatosanmarino.uk\/it\/wp-json\/wp\/v2\/comments?post=2063"}],"version-history":[{"count":2,"href":"http:\/\/www.consolatosanmarino.uk\/it\/wp-json\/wp\/v2\/pages\/2063\/revisions"}],"predecessor-version":[{"id":2066,"href":"http:\/\/www.consolatosanmarino.uk\/it\/wp-json\/wp\/v2\/pages\/2063\/revisions\/2066"}],"wp:featuredmedia":[{"embeddable":true,"href":"http:\/\/www.consolatosanmarino.uk\/it\/wp-json\/wp\/v2\/media\/2065"}],"wp:attachment":[{"href":"http:\/\/www.consolatosanmarino.uk\/it\/wp-json\/wp\/v2\/media?parent=2063"}],"curies":[{"name":"wp","href":"https:\/\/api.w.org\/{rel}","templated":true}]}}