{"id":1236,"date":"2021-03-13T10:25:35","date_gmt":"2021-03-13T10:25:35","guid":{"rendered":"https:\/\/www.consolatosanmarino.uk\/?page_id=1236"},"modified":"2024-01-17T11:04:24","modified_gmt":"2024-01-17T11:04:24","slug":"work","status":"publish","type":"page","link":"http:\/\/www.consolatosanmarino.uk\/it\/work\/","title":{"rendered":"Lavoro"},"content":{"rendered":"<p><strong>6 mesi o meno&nbsp;<\/strong><\/p>\n\n\n\n<p>Se si ha intenzione di lavorare in Regno Unito per 6 mesi o meno non sar\u00e0 necessario un visto per alcune visite accademiche o di lavoro, ma sar\u00e0 necessario ottenerlo se si vuole lavorare a tempo pieno.<\/p>\n\n\n\n<p>Si potr\u00e0 andare nel Regno Unito senza visto:<\/p>\n\n\n\n<ul class=\"wp-block-list\"><li>se invitati come esperti nella propria professione e si verr\u00e0 pagati (Permitted Pay Engagement)<\/li><li>se ci si \u00e8 recati nel Regno Unito per alcune attivit\u00e0 commerciali o accademiche, ma non si lavorer\u00e0 nel Regno Unito a tempo pieno.<\/li><\/ul>\n\n\n\n<p>Si potrebbe per\u00f2 voler richiedere un visto se si ha la fedina penale sporca o se \u00e8 stato precedentemente rifiutato l'ingresso nel Regno Unito.<\/p>\n\n\n\n<p>Se si \u00e8 stati invitati come esperti nella propria professione, sar\u00e0 consentito soggiornare nel Regno Unito per un massimo di 1 mese senza visto, ma si potr\u00e0 essere pagati da un\u2019organizzazione con base nel Regno Unito solo per fare alcune cose, come tenere delle lezioni come ospiti presso un istituto di istruzione superiore, fornire assistenza legale in procedure legali o partecipare ad attivit\u00e0 artistiche, di intrattenimento o sportive (lista completa delle attivit\u00e0 consentite nella sezione Permitted Paid Engagement visa).<\/p>\n\n\n\n<p>Al confine inglese si dovr\u00e0 fornire un passaporto che dovr\u00e0 essere valido per tutta la durata del soggiorno nel Regno Unito.<\/p>\n\n\n\n<p>Inoltre, potrebbe anche essere chiesto di provare che:<\/p>\n\n\n\n<ul class=\"wp-block-list\"><li>si \u00e8 idonei a svolgere le attivit\u00e0 che si intendono fare<\/li><li>si \u00e8 provveduto a trovare una sistemazione per il periodo di permanenza<\/li><li>si lascer\u00e0 il Regno Unito non appena finir\u00e0 la visita<\/li><li>si \u00e8 in grado di supportare se stessi e i propri dipendenti durante la tua visita (o si ha un finanziamento da parte di qualcun altro per supportarti)<\/li><\/ul>\n\n\n\n<p>Se invece ci si recher\u00e0 in Regno Unito per altre attivit\u00e0 commerciali o accademiche: sar\u00e0 consentito soggiornare nel Regno Unito per un massimo di 6 mesi senza visto, ma si potr\u00e0 svolgere solo alcune attivit\u00e0 accademiche o di business, come andare a una conferenza o ad una riunione, partecipare ad un evento sportivo specifico, esibirsi come artista, intrattenitore o musicista, fare ricerca accademica o accompagnare gli studenti in un programma di studio all\u2019estero.<\/p>\n\n\n\n<p>Senza un visto non si potr\u00e0 per\u00f2 svolgere un lavoro retribuito o non retribuito per un\u2019azienda inglese o come libero professionista, svolgere uno stage o tirocinio, vendere direttamente al pubblico o fornire beni e servizi.<\/p>\n\n\n\n<p>E\u2019 importante controllare le regole per i visitatori per vedere la lista completa di quello che si pu\u00f2 fare.<\/p>\n\n\n\n<p>Al confine si dovr\u00e0 fornire un passaporto che dovr\u00e0 essere valido per tutta la durata del soggiorno nel Regno Unito e potrebbe anche essere chiesto di provare gli stessi requisiti illustrati nel passaggio precedente.<\/p>\n\n\n\n<p>Se invece si intende svolgere un lavoro retribuito nel Regno Unito per un massimo di 6 mesi, si deve richiedere un visto se si vuole lavorare:<\/p>\n\n\n\n<ul class=\"wp-block-list\"><li>come volontario attraverso il visto Temporary Worker - Charity Worker (T5)<\/li><li>come stagista o tirocinante temporaneo richiedendo il visto Temporary Worker - Government Authorised Exchange (T5)<\/li><li>per un ente di beneficenza attraverso il visto Temporary Worker - Charity Worker (T5)<\/li><li>per un'organizzazione religiosa con il visto Temporary Worker - Religious Worker (T5)<\/li><li>come collaboratore\/trice domestico\/a in una casa privata attraverso il visto Domestic Workers in a Private Household<\/li><li>in trasferimento alla filiale del vostro datore di lavoro nel Regno Unito richiedendo il visto Intra-company<\/li><li>in un lavoro qualificato tramite il visto Skilled Worker<\/li><li>in lavori che rientrano nel diritto internazionale, ad esempio per un governo straniero o come domestico privato in una casa diplomatica usando il visto Temporary Worker - International Agreement Worker (T5)<\/li><li>per fornire un servizio a nome di un\u2019azienda svizzera attraverso il visto Service providers from Switzerland<\/li><li>nello sport usando il visto Temporary Worker - Creative and Sporting (T5)<\/li><li>nelle arti o nell'intrattenimento tramite il visto Temporary Worker - Creative and Sporting (T5)<\/li><\/ul>\n\n\n\n<p>Se, in particolare si vuole lavorare nel campo dello sport, dell'arte o dello spettacolo per meno di 3 mesi, non si avr\u00e0 bisogno di un visto entrando in Regno Unito usando la concessione di lavoratore temporaneo \u2013 creativo e sportivo (T5).<\/p>\n\n\n\n<p>Si dovr\u00e0 tuttavia portare un certificato di sponsorizzazione e una prova di risparmio da mostrare ai funzionari al confine con il Regno Unito. In questo caso bisogner\u00e0 incontrare obbligatoriamente un ufficiale della polizia di frontiera e non usare l\u2019ingresso automatico ePassport.<\/p>\n\n\n\n<p>_________________________________<\/p>\n\n\n\n<p><strong>Pi\u00f9 di 6 mesi<\/strong><\/p>\n\n\n\n<p>Se si rimarr\u00e0 a lavorare nel regno Unito per pi\u00f9 di 6 mesi si avr\u00e0 bisogno di un visto e il tipo di visto dipender\u00e0 dalle proprie circostanze.<\/p>\n\n\n\n<p>Un visto per \"lavoratori qualificati\" pu\u00f2 essere adatto se \u00e8 stato offerto:<\/p>\n\n\n\n<ul class=\"wp-block-list\"><li>un lavoro qualificato nel Regno Unito<\/li><li>un lavoro in settori pubblici quali la sanit\u00e0 o l\u2019assistenza sociale, per esempio per l\u2019NHS<\/li><li>un ruolo nella filiale britannica del vostro datore di lavoro all'estero&nbsp;<\/li><li>un lavoro in una comunit\u00e0 religiosa<\/li><li>un lavoro come sportivo agonista o allenatore<\/li><\/ul>\n\n\n\n<p>Un visto per \u201clavoratore temporaneo\u201d pu\u00f2 essere adatto se si desidera lavorare nel Regno Unito per un breve periodo di tempo:<\/p>\n\n\n\n<ul class=\"wp-block-list\"><li>&nbsp;nello sport<\/li><li>&nbsp;nelle arti o nell'intrattenimento<\/li><li>come volontario per un ente benefico<\/li><li>in un programma di esperienza lavorativa o ricerca e formazione<\/li><li>&nbsp;per un'organizzazione religiosa<\/li><\/ul>\n\n\n\n<p>Importante ricordare che se si ha tra i 18 e 30 anni, si \u00e8 sammarinese e si vuole lavorare in Regno Unito fino a due anni, si potr\u00e0 richiedere il visto Youth Mobility Scheme (T5).<\/p>\n\n\n\n<p>Si pu\u00f2 anche richiedere un visto per un accordo internazionale se si svolger\u00e0 un lavoro coperto dal diritto internazionale mentre si \u00e8 nel Regno Unito (ad esempio lavorando per un governo straniero o come domestico privato in una sede diplomatica).<\/p>\n\n\n\n<p>Se si vuole avviare un\u2019attivit\u00e0 commerciale in Regno Unito, bisogner\u00e0 richiedere:<\/p>\n\n\n\n<ul class=\"wp-block-list\"><li>un visto per Start-Up (Start-Up visa), se si sta avviando un\u2019attivit\u00e0 commerciale per la prima volta<\/li><li>un visto per innovatori (Innovator Visa), se si \u00e8 un imprenditore con molta esperienza e con fondi da investire<\/li><\/ul>\n\n\n\n<p>Altri tipi di visto per cui candidarsi sono<\/p>\n\n\n\n<ul class=\"wp-block-list\"><li>visto per il talento globale (Global talent Visa), per lavorare come leader nel mondo accademico, nel campo della ricerca, delle arti, cultura e tecnologia digitale<\/li><li>visto per investitori (Investor Visa), se si vogliono investire 2 o pi\u00f9 milioni di sterline nel Regno Unito<\/li><\/ul>\n\n\n\n<p>Si pu\u00f2 anche richiedere un visto di origine inglese (UK Ancestry visa) se uno dei proprio avi nacque nel Regno Unito.<\/p>\n\n\n\n<p>Si pu\u00f2 anche fare domanda in qualit\u00e0 di collaboratore domestico in una casa privata o di rappresentante di un'azienda d'oltremare.<\/p>\n\n\n\n<p>Il Consolato Onorario di San Marino cerca di mantenere aggiornate le informazioni di cui sopra, ma raccomanda vivamente di controllare il&nbsp;<a href=\"https:\/\/www.gov.uk\/check-uk-visa\/y\/san-marino\/work\" data-type=\"URL\" data-id=\"https:\/\/www.gov.uk\/check-uk-visa\/y\/san-marino\/work\" target=\"_blank\" rel=\"noreferrer noopener\">sito web del governo britannico<\/a>&nbsp;per ogni eventuale cambiamento.<\/p>","protected":false},"excerpt":{"rendered":"<p>6 months or less&nbsp; If you intend to work in the UK for 6 months or less you will not need a visa for some academic or work visits, but &#8230; <\/p>\n<p class=\"read-more-container\"><a title=\"Lavoro\" class=\"read-more button\" href=\"http:\/\/www.consolatosanmarino.uk\/it\/work\/#more-1236\" aria-label=\"More on Work\">Leggi tutto<\/a><\/p>","protected":false},"author":23,"featured_media":1237,"parent":0,"menu_order":0,"comment_status":"closed","ping_status":"closed","template":"","meta":{"footnotes":""},"class_list":["post-1236","page","type-page","status-publish","has-post-thumbnail"],"yoast_head":"<!-- This site is optimized with the Yoast SEO plugin v20.3 - https:\/\/yoast.com\/wordpress\/plugins\/seo\/ -->\n<title>Work - Consulate of San Marino to the UK<\/title>\n<meta name=\"robots\" content=\"index, follow, max-snippet:-1, max-image-preview:large, max-video-preview:-1\" \/>\n<link rel=\"canonical\" href=\"https:\/\/www.consolatosanmarino.uk\/it\/work\/\" \/>\n<meta property=\"og:locale\" content=\"it_IT\" \/>\n<meta property=\"og:type\" content=\"article\" \/>\n<meta property=\"og:title\" content=\"Work - Consulate of San Marino to the UK\" \/>\n<meta property=\"og:description\" content=\"6 months or less&nbsp; If you intend to work in the UK for 6 months or less you will not need a visa for some academic or work visits, but ... Leggi tutto\" \/>\n<meta property=\"og:url\" content=\"https:\/\/www.consolatosanmarino.uk\/it\/work\/\" \/>\n<meta property=\"og:site_name\" content=\"Consulate of San Marino to the UK\" \/>\n<meta property=\"article:publisher\" content=\"https:\/\/www.facebook.com\/ConsolatoRsmUK\/\" \/>\n<meta property=\"article:modified_time\" content=\"2024-01-17T11:04:24+00:00\" \/>\n<meta property=\"og:image\" content=\"https:\/\/www.consolatosanmarino.uk\/wp-content\/uploads\/sites\/16\/2021\/03\/how-to-get-a-visa-to-work-in-it-in-the-uk.jpg\" \/>\n\t<meta property=\"og:image:width\" content=\"619\" \/>\n\t<meta property=\"og:image:height\" content=\"239\" \/>\n\t<meta property=\"og:image:type\" content=\"image\/jpeg\" \/>\n<meta name=\"twitter:card\" content=\"summary_large_image\" \/>\n<meta name=\"twitter:site\" content=\"@consolatorsmuk\" \/>\n<meta name=\"twitter:label1\" content=\"Tempo di lettura stimato\" \/>\n\t<meta name=\"twitter:data1\" content=\"5 minuti\" \/>\n<script type=\"application\/ld+json\" class=\"yoast-schema-graph\">{\"@context\":\"https:\/\/schema.org\",\"@graph\":[{\"@type\":\"WebPage\",\"@id\":\"https:\/\/www.consolatosanmarino.uk\/it\/work\/\",\"url\":\"https:\/\/www.consolatosanmarino.uk\/it\/work\/\",\"name\":\"Work - Consulate of San Marino to the UK\",\"isPartOf\":{\"@id\":\"https:\/\/www.consolatosanmarino.uk\/en\/#website\"},\"datePublished\":\"2021-03-13T10:25:35+00:00\",\"dateModified\":\"2024-01-17T11:04:24+00:00\",\"breadcrumb\":{\"@id\":\"https:\/\/www.consolatosanmarino.uk\/it\/work\/#breadcrumb\"},\"inLanguage\":\"it-IT\",\"potentialAction\":[{\"@type\":\"ReadAction\",\"target\":[\"https:\/\/www.consolatosanmarino.uk\/it\/work\/\"]}]},{\"@type\":\"BreadcrumbList\",\"@id\":\"https:\/\/www.consolatosanmarino.uk\/it\/work\/#breadcrumb\",\"itemListElement\":[{\"@type\":\"ListItem\",\"position\":1,\"name\":\"Home\",\"item\":\"https:\/\/www.consolatosanmarino.uk\/\"},{\"@type\":\"ListItem\",\"position\":2,\"name\":\"Work\"}]},{\"@type\":\"WebSite\",\"@id\":\"https:\/\/www.consolatosanmarino.uk\/en\/#website\",\"url\":\"https:\/\/www.consolatosanmarino.uk\/en\/\",\"name\":\"Consulate of San Marino to the UK\",\"description\":\"Consulate of the Republic of San Marino to the UK\",\"publisher\":{\"@id\":\"https:\/\/www.consolatosanmarino.uk\/en\/#organization\"},\"potentialAction\":[{\"@type\":\"SearchAction\",\"target\":{\"@type\":\"EntryPoint\",\"urlTemplate\":\"https:\/\/www.consolatosanmarino.uk\/en\/?s={search_term_string}\"},\"query-input\":\"required name=search_term_string\"}],\"inLanguage\":\"it-IT\"},{\"@type\":\"Organization\",\"@id\":\"https:\/\/www.consolatosanmarino.uk\/en\/#organization\",\"name\":\"Consulate of the Republic of San Marino to the UK\",\"url\":\"https:\/\/www.consolatosanmarino.uk\/en\/\",\"logo\":{\"@type\":\"ImageObject\",\"inLanguage\":\"it-IT\",\"@id\":\"https:\/\/www.consolatosanmarino.uk\/en\/#\/schema\/logo\/image\/\",\"url\":\"https:\/\/www.consolatosanmarino.uk\/wp-content\/uploads\/sites\/16\/2019\/11\/San-Marino-logo-2019-400x400-v01.jpg\",\"contentUrl\":\"https:\/\/www.consolatosanmarino.uk\/wp-content\/uploads\/sites\/16\/2019\/11\/San-Marino-logo-2019-400x400-v01.jpg\",\"width\":400,\"height\":400,\"caption\":\"Consulate of the Republic of San Marino to the UK\"},\"image\":{\"@id\":\"https:\/\/www.consolatosanmarino.uk\/en\/#\/schema\/logo\/image\/\"},\"sameAs\":[\"https:\/\/www.facebook.com\/ConsolatoRsmUK\/\",\"https:\/\/twitter.com\/consolatorsmuk\",\"https:\/\/www.linkedin.com\/company\/consolatorsmuk\/\",\"https:\/\/www.instagram.com\/consolatorsmuk\/\"]}]}<\/script>\n<!-- \/ Yoast SEO plugin. -->","yoast_head_json":{"title":"Work - Consulate of San Marino to the UK","robots":{"index":"index","follow":"follow","max-snippet":"max-snippet:-1","max-image-preview":"max-image-preview:large","max-video-preview":"max-video-preview:-1"},"canonical":"https:\/\/www.consolatosanmarino.uk\/it\/work\/","og_locale":"it_IT","og_type":"article","og_title":"Work - Consulate of San Marino to the UK","og_description":"6 months or less&nbsp; If you intend to work in the UK for 6 months or less you will not need a visa for some academic or work visits, but ... Leggi tutto","og_url":"https:\/\/www.consolatosanmarino.uk\/it\/work\/","og_site_name":"Consulate of San Marino to the UK","article_publisher":"https:\/\/www.facebook.com\/ConsolatoRsmUK\/","article_modified_time":"2024-01-17T11:04:24+00:00","og_image":[{"width":619,"height":239,"url":"https:\/\/www.consolatosanmarino.uk\/wp-content\/uploads\/sites\/16\/2021\/03\/how-to-get-a-visa-to-work-in-it-in-the-uk.jpg","type":"image\/jpeg"}],"twitter_card":"summary_large_image","twitter_site":"@consolatorsmuk","twitter_misc":{"Tempo di lettura stimato":"5 minuti"},"schema":{"@context":"https:\/\/schema.org","@graph":[{"@type":"WebPage","@id":"https:\/\/www.consolatosanmarino.uk\/it\/work\/","url":"https:\/\/www.consolatosanmarino.uk\/it\/work\/","name":"Work - Consulate of San Marino to the UK","isPartOf":{"@id":"https:\/\/www.consolatosanmarino.uk\/en\/#website"},"datePublished":"2021-03-13T10:25:35+00:00","dateModified":"2024-01-17T11:04:24+00:00","breadcrumb":{"@id":"https:\/\/www.consolatosanmarino.uk\/it\/work\/#breadcrumb"},"inLanguage":"it-IT","potentialAction":[{"@type":"ReadAction","target":["https:\/\/www.consolatosanmarino.uk\/it\/work\/"]}]},{"@type":"BreadcrumbList","@id":"https:\/\/www.consolatosanmarino.uk\/it\/work\/#breadcrumb","itemListElement":[{"@type":"ListItem","position":1,"name":"Home","item":"https:\/\/www.consolatosanmarino.uk\/"},{"@type":"ListItem","position":2,"name":"Work"}]},{"@type":"WebSite","@id":"https:\/\/www.consolatosanmarino.uk\/en\/#website","url":"https:\/\/www.consolatosanmarino.uk\/en\/","name":"Consulate of San Marino to the UK","description":"Consulate of the Republic of San Marino to the UK","publisher":{"@id":"https:\/\/www.consolatosanmarino.uk\/en\/#organization"},"potentialAction":[{"@type":"SearchAction","target":{"@type":"EntryPoint","urlTemplate":"https:\/\/www.consolatosanmarino.uk\/en\/?s={search_term_string}"},"query-input":"required name=search_term_string"}],"inLanguage":"it-IT"},{"@type":"Organization","@id":"https:\/\/www.consolatosanmarino.uk\/en\/#organization","name":"Consulate of the Republic of San Marino to the UK","url":"https:\/\/www.consolatosanmarino.uk\/en\/","logo":{"@type":"ImageObject","inLanguage":"it-IT","@id":"https:\/\/www.consolatosanmarino.uk\/en\/#\/schema\/logo\/image\/","url":"https:\/\/www.consolatosanmarino.uk\/wp-content\/uploads\/sites\/16\/2019\/11\/San-Marino-logo-2019-400x400-v01.jpg","contentUrl":"https:\/\/www.consolatosanmarino.uk\/wp-content\/uploads\/sites\/16\/2019\/11\/San-Marino-logo-2019-400x400-v01.jpg","width":400,"height":400,"caption":"Consulate of the Republic of San Marino to the UK"},"image":{"@id":"https:\/\/www.consolatosanmarino.uk\/en\/#\/schema\/logo\/image\/"},"sameAs":["https:\/\/www.facebook.com\/ConsolatoRsmUK\/","https:\/\/twitter.com\/consolatorsmuk","https:\/\/www.linkedin.com\/company\/consolatorsmuk\/","https:\/\/www.instagram.com\/consolatorsmuk\/"]}]}},"_links":{"self":[{"href":"http:\/\/www.consolatosanmarino.uk\/it\/wp-json\/wp\/v2\/pages\/1236","targetHints":{"allow":["GET"]}}],"collection":[{"href":"http:\/\/www.consolatosanmarino.uk\/it\/wp-json\/wp\/v2\/pages"}],"about":[{"href":"http:\/\/www.consolatosanmarino.uk\/it\/wp-json\/wp\/v2\/types\/page"}],"author":[{"embeddable":true,"href":"http:\/\/www.consolatosanmarino.uk\/it\/wp-json\/wp\/v2\/users\/23"}],"replies":[{"embeddable":true,"href":"http:\/\/www.consolatosanmarino.uk\/it\/wp-json\/wp\/v2\/comments?post=1236"}],"version-history":[{"count":3,"href":"http:\/\/www.consolatosanmarino.uk\/it\/wp-json\/wp\/v2\/pages\/1236\/revisions"}],"predecessor-version":[{"id":1292,"href":"http:\/\/www.consolatosanmarino.uk\/it\/wp-json\/wp\/v2\/pages\/1236\/revisions\/1292"}],"wp:featuredmedia":[{"embeddable":true,"href":"http:\/\/www.consolatosanmarino.uk\/it\/wp-json\/wp\/v2\/media\/1237"}],"wp:attachment":[{"href":"http:\/\/www.consolatosanmarino.uk\/it\/wp-json\/wp\/v2\/media?parent=1236"}],"curies":[{"name":"wp","href":"https:\/\/api.w.org\/{rel}","templated":true}]}}